{"id":2120,"date":"2019-09-01T18:28:58","date_gmt":"2019-09-01T18:28:58","guid":{"rendered":"https:\/\/www.unicoll.ca\/assistance-a-la-candidature-et-a-ladmission\/"},"modified":"2019-09-01T18:28:58","modified_gmt":"2019-09-01T18:28:58","slug":"assistance-a-la-candidature-et-a-ladmission","status":"publish","type":"page","link":"https:\/\/www.unicoll.ca\/fr\/prestations-de-service\/assistance-a-la-candidature-et-a-ladmission\/","title":{"rendered":"Assistance \u00e0 la candidature et \u00e0 l&rsquo;admission"},"content":{"rendered":"<p>Assistance \u00e0 la candidature et \u00e0 l&rsquo;admission<\/p>\n","protected":false},"excerpt":{"rendered":"<p>Assistance \u00e0 la candidature et \u00e0 l&rsquo;admission &#8230; <\/p>\n","protected":false},"author":1,"featured_media":0,"parent":2121,"menu_order":0,"comment_status":"closed","ping_status":"closed","template":"","meta":{"inline_featured_image":false},"_links":{"self":[{"href":"https:\/\/www.unicoll.ca\/fr\/wp-json\/wp\/v2\/pages\/2120\/"}],"collection":[{"href":"https:\/\/www.unicoll.ca\/fr\/wp-json\/wp\/v2\/pages\/"}],"about":[{"href":"https:\/\/www.unicoll.ca\/fr\/wp-json\/wp\/v2\/types\/page\/"}],"author":[{"embeddable":true,"href":"https:\/\/www.unicoll.ca\/fr\/wp-json\/wp\/v2\/users\/1\/"}],"replies":[{"embeddable":true,"href":"https:\/\/www.unicoll.ca\/fr\/wp-json\/wp\/v2\/comments\/?post=2120"}],"version-history":[{"count":0,"href":"https:\/\/www.unicoll.ca\/fr\/wp-json\/wp\/v2\/pages\/2120\/revisions\/"}],"up":[{"embeddable":true,"href":"https:\/\/www.unicoll.ca\/fr\/wp-json\/wp\/v2\/pages\/2121\/"}],"wp:attachment":[{"href":"https:\/\/www.unicoll.ca\/fr\/wp-json\/wp\/v2\/media\/?parent=2120"}],"curies":[{"name":"wp","href":"https:\/\/api.w.org\/{rel}","templated":true}]}}