{"id":2102,"date":"2019-09-01T18:26:13","date_gmt":"2019-09-01T18:26:13","guid":{"rendered":"https:\/\/www.unicoll.ca\/?page_id=2102"},"modified":"2019-09-01T18:26:13","modified_gmt":"2019-09-01T18:26:13","slug":"uk","status":"publish","type":"page","link":"https:\/\/www.unicoll.ca\/fr\/prestations-de-service\/parlons-de-votre-carriere\/uk\/","title":{"rendered":"UK"},"content":{"rendered":"<p>[vc_row][vc_column][vc_column_text]<\/p>\n<div class=\"summary\">\n<p>Vous pouvez rechercher et appliquer en ligne la plupart des cours d\u2019enseignement sup\u00e9rieur.<\/p>\n<\/div>\n<p>Vous devez g\u00e9n\u00e9ralement \u00eatre \u00e2g\u00e9 de 18 ans ou plus pour suivre un cours d&rsquo;enseignement sup\u00e9rieur. Ils sont g\u00e9n\u00e9ralement enseign\u00e9s dans:<\/p>\n<ul>\n<li>universities<\/li>\n<li>colleges<\/li>\n<li>specialist institutions like art schools or agricultural colleges<\/li>\n<\/ul>\n<p>Higher education qualifications include:<\/p>\n<ul>\n<li>diplomas<\/li>\n<li>bachelor degrees<\/li>\n<li>foundation degrees<\/li>\n<li>post-graduate degrees<\/li>\n<\/ul>\n<p>Les organismes reconnus sont des \u00e9tablissements d\u2019enseignement sup\u00e9rieur pouvant d\u00e9cerner des dipl\u00f4mes.<\/p>\n<h2 id=\"a\">A<\/h2>\n<p><a href=\"http:\/\/www.abdn.ac.uk\/\" rel=\"external\">University of Aberdeen<\/a><\/p>\n<p><a href=\"http:\/\/www.abertay.ac.uk\/\" rel=\"external\">Abertay University<\/a>\u00a0(formerly University of Abertay Dundee)<\/p>\n<p><a href=\"http:\/\/www.aber.ac.uk\/\" rel=\"external\">Aberystwyth University (Prifysgol Aberystwyth)<\/a><\/p>\n<p><a href=\"http:\/\/www.anglia.ac.uk\/\" rel=\"external\">Anglia Ruskin University<\/a><\/p>\n<p><a href=\"http:\/\/www.aecc.ac.uk\/\" rel=\"external\">Anglo-European College of Chiropractic<\/a><\/p>\n<p><a href=\"http:\/\/www.archbishopofcanterbury.org\/\" rel=\"external\">Archbishop of Canterbury, The<\/a><\/p>\n<p><a href=\"http:\/\/www.arden.ac.uk\/\" rel=\"external\">Arden University (formerly known as Resource Development International)<\/a><\/p>\n<p><a href=\"http:\/\/www.ashridge.org.uk\/\" rel=\"external\">Ashridge Business School<\/a><\/p>\n<p><a href=\"http:\/\/www.aston.ac.uk\/\" rel=\"external\">Aston University<\/a><\/p>\n<h2 id=\"b\">B<\/h2>\n<p><a href=\"http:\/\/www.bangor.ac.uk\/\" rel=\"external\">Bangor University (Prifysgol Bangor)<\/a><\/p>\n<p><a href=\"http:\/\/www.bath.ac.uk\/\" rel=\"external\">University of Bath<\/a><\/p>\n<p><a href=\"http:\/\/www.bathspa.ac.uk\/\" rel=\"external\">Bath Spa University<\/a><\/p>\n<p><a href=\"http:\/\/www.beds.ac.uk\/\" rel=\"external\">University of Bedfordshire<\/a><\/p>\n<p><a href=\"http:\/\/www.bbk.ac.uk\/\" rel=\"external\">Birkbeck, University of London<\/a><\/p>\n<p><a href=\"http:\/\/www.bham.ac.uk\/\" rel=\"external\">University of Birmingham<\/a><\/p>\n<p><a href=\"http:\/\/www.bcu.ac.uk\/\" rel=\"external\">Birmingham City University<\/a><\/p>\n<p><a href=\"http:\/\/www.ucb.ac.uk\/\" rel=\"external\">University College Birmingham<\/a><\/p>\n<p><a href=\"http:\/\/www.bishopg.ac.uk\/\" rel=\"external\">Bishop Grossteste University<\/a><\/p>\n<p><a href=\"http:\/\/www.bolton.ac.uk\/\" rel=\"external\">University of Bolton<\/a><\/p>\n<p><a href=\"http:\/\/aub.ac.uk\/\" rel=\"external\">Arts University Bournemouth<\/a><\/p>\n<p><a href=\"http:\/\/www.bournemouth.ac.uk\/\" rel=\"external\">Bournemouth University<\/a><\/p>\n<p><a href=\"http:\/\/www.bppuniversity.ac.uk\/\" rel=\"external\">BPP University<\/a><\/p>\n<p><a href=\"http:\/\/www.bradford.ac.uk\/\" rel=\"external\">University of Bradford<\/a><\/p>\n<p><a href=\"http:\/\/www.brighton.ac.uk\/\" rel=\"external\">University of Brighton<\/a><\/p>\n<p><a href=\"http:\/\/www.bris.ac.uk\/\" rel=\"external\">University of Bristol<\/a><\/p>\n<p><a href=\"http:\/\/www.brunel.ac.uk\/\" rel=\"external\">Brunel University London<\/a><\/p>\n<p><a href=\"http:\/\/www.buckingham.ac.uk\/\" rel=\"external\">University of Buckingham<\/a><\/p>\n<p><a href=\"http:\/\/bucks.ac.uk\/\" rel=\"external\">Buckinghamshire New University<\/a><\/p>\n<h2 id=\"c\">C<\/h2>\n<p><a href=\"http:\/\/www.cam.ac.uk\/\" rel=\"external\">University of Cambridge<\/a><\/p>\n<p><a href=\"http:\/\/www.canterbury.ac.uk\/\" rel=\"external\">Canterbury Christ Church University<\/a><\/p>\n<p><a href=\"http:\/\/www.cardiffmet.ac.uk\/Pages\/home.aspx\" rel=\"external\">Cardiff Metropolitan University (Prifysgol Metropolitan Caerdydd)<\/a><\/p>\n<p><a href=\"http:\/\/www.cf.ac.uk\/\" rel=\"external\">Cardiff University (Prifysgol Caerdydd)<\/a><\/p>\n<p><a href=\"http:\/\/www.chester.ac.uk\/\" rel=\"external\">University of Chester<\/a><\/p>\n<p><a href=\"http:\/\/www.ucc.ac.uk\/\" rel=\"external\">University of Chichester<\/a><\/p>\n<p><a href=\"http:\/\/www.city.ac.uk\/\" rel=\"external\">City University London<\/a><\/p>\n<p><a href=\"http:\/\/www.courtauld.ac.uk\/\" rel=\"external\">Courtauld Institute of Art, The<\/a>\u00a0(degrees awarded by University of London)<\/p>\n<p><a href=\"http:\/\/www.coventry.ac.uk\/\" rel=\"external\">Coventry University<\/a><\/p>\n<p><a href=\"http:\/\/www.cranfield.ac.uk\/\" rel=\"external\">Cranfield University<\/a><\/p>\n<p><a href=\"http:\/\/www.uca.ac.uk\/\" rel=\"external\">University for the Creative Arts<\/a><\/p>\n<p><a href=\"http:\/\/www.cumbria.ac.uk\/\" rel=\"external\">University of Cumbria<\/a><\/p>\n<h2 id=\"d\">D<\/h2>\n<p><a href=\"http:\/\/www.dmu.ac.uk\/\" rel=\"external\">De Montfort University<\/a><\/p>\n<p><a href=\"http:\/\/www.derby.ac.uk\/\" rel=\"external\">University of Derby<\/a><\/p>\n<p><a href=\"http:\/\/www.dundee.ac.uk\/\" rel=\"external\">University of Dundee<\/a><\/p>\n<p><a href=\"http:\/\/www.dur.ac.uk\/\" rel=\"external\">Durham University<\/a><\/p>\n<h2 id=\"e\">E<\/h2>\n<p><a href=\"http:\/\/www.uea.ac.uk\/\" rel=\"external\">University of East Anglia<\/a><\/p>\n<p><a href=\"http:\/\/www.uel.ac.uk\/\" rel=\"external\">University of East London<\/a><\/p>\n<p><a href=\"http:\/\/www.edgehill.ac.uk\/\" rel=\"external\">Edge Hill University<\/a><\/p>\n<p><a href=\"http:\/\/www.ed.ac.uk\/\" rel=\"external\">University of Edinburgh, The<\/a><\/p>\n<p><a href=\"http:\/\/www.napier.ac.uk\/\" rel=\"external\">Edinburgh Napier University<\/a><\/p>\n<p><a href=\"http:\/\/www.essex.ac.uk\/\" rel=\"external\">University of Essex<\/a><\/p>\n<p><a href=\"http:\/\/www.ex.ac.uk\/\" rel=\"external\">University of Exeter<\/a><\/p>\n<h2 id=\"f\">F<\/h2>\n<p><a href=\"http:\/\/www.falmouth.ac.uk\/\" rel=\"external\">Falmouth University<\/a><\/p>\n<h2 id=\"g\">G<\/h2>\n<p><a href=\"http:\/\/www.gla.ac.uk\/\" rel=\"external\">University of Glasgow<\/a><\/p>\n<p><a href=\"http:\/\/www.gcal.ac.uk\/\" rel=\"external\">Glasgow Caledonian University<\/a><\/p>\n<p><a href=\"http:\/\/www.glos.ac.uk\/\" rel=\"external\">University of Gloucestershire<\/a><\/p>\n<p><a href=\"http:\/\/www.glyndwr.ac.uk\/\" rel=\"external\">Glynd\u0175r University (Prifysgol Glynd\u0175r)<\/a><\/p>\n<p><a href=\"http:\/\/www.goldsmiths.ac.uk\/\" rel=\"external\">Goldsmiths, University of London<\/a><\/p>\n<p><a href=\"http:\/\/www.gre.ac.uk\/\" rel=\"external\">University of Greenwich<\/a><\/p>\n<p><a href=\"http:\/\/www.gsmd.ac.uk\/\" rel=\"external\">Guildhall School of Music and Drama<\/a><\/p>\n<h2 id=\"h\">H<\/h2>\n<p><a href=\"http:\/\/www.harper-adams.ac.uk\/\" rel=\"external\">Harper Adams University<\/a><\/p>\n<p><a href=\"http:\/\/www.hartpury.ac.uk\/\" rel=\"external\">Hartpury University<\/a><\/p>\n<p><a href=\"http:\/\/www.hw.ac.uk\/\" rel=\"external\">Heriot-Watt University<\/a><\/p>\n<p><a href=\"http:\/\/www.herts.ac.uk\/\" rel=\"external\">University of Hertfordshire<\/a><\/p>\n<p><a href=\"http:\/\/www.heythrop.ac.uk\/\" rel=\"external\">Heythrop College<\/a>\u00a0(degrees awarded by University of London)<\/p>\n<p><a href=\"http:\/\/www.uhi.ac.uk\/\" rel=\"external\">University of the Highlands and Islands<\/a><\/p>\n<p><a href=\"http:\/\/www.hud.ac.uk\/\" rel=\"external\">University of Huddersfield<\/a><\/p>\n<p><a href=\"http:\/\/www.hull.ac.uk\/\" rel=\"external\">University of Hull<\/a><\/p>\n<h2 id=\"i\">I<\/h2>\n<p><a href=\"http:\/\/www.ic.ac.uk\/\" rel=\"external\">Imperial College of Science, Technology and Medicine<\/a>\u00a0(also known as Imperial College London)<\/p>\n<p><a href=\"http:\/\/www.icr.ac.uk\/\" rel=\"external\">Institute of Cancer Research, The<\/a>\u00a0(degrees awarded by University of London)<\/p>\n<p><a href=\"http:\/\/www.ioe.ac.uk\/\" rel=\"external\">Institute of Education, University of London<\/a><\/p>\n<h2 id=\"k\">K<\/h2>\n<p><a href=\"http:\/\/www.keele.ac.uk\/\" rel=\"external\">Keele University<\/a><\/p>\n<p><a href=\"http:\/\/www.kent.ac.uk\/\" rel=\"external\">University of Kent<\/a><\/p>\n<p><a href=\"http:\/\/www.kcl.ac.uk\/\" rel=\"external\">King\u2019s College London<\/a><\/p>\n<p><a href=\"http:\/\/www.kingston.ac.uk\/\" rel=\"external\">Kingston University<\/a><\/p>\n<h2 id=\"l\">L<\/h2>\n<p><a href=\"http:\/\/www.uclan.ac.uk\/\" rel=\"external\">University of Central Lancashire<\/a><\/p>\n<p><a href=\"http:\/\/www.lancs.ac.uk\/\" rel=\"external\">Lancaster University<\/a><\/p>\n<p><a href=\"http:\/\/www.leeds.ac.uk\/\" rel=\"external\">University of Leeds<\/a><\/p>\n<p><a href=\"http:\/\/www.lmu.ac.uk\/\" rel=\"external\">Leeds Beckett University<\/a>\u00a0(formerly Leeds Metropolitan University)<\/p>\n<p><a href=\"http:\/\/www.leeds-art.ac.uk\/\" rel=\"external\">Leeds Arts University<\/a><\/p>\n<p><a href=\"http:\/\/www.leedstrinity.ac.uk\/\" rel=\"external\">Leeds Trinity University<\/a><\/p>\n<p><a href=\"http:\/\/www.le.ac.uk\/\" rel=\"external\">University of Leicester<\/a><\/p>\n<p><a href=\"http:\/\/www.lincoln.ac.uk\/\" rel=\"external\">University of Lincoln<\/a><\/p>\n<p><a href=\"http:\/\/www.liv.ac.uk\/\" rel=\"external\">University of Liverpool<\/a><\/p>\n<p><a href=\"http:\/\/www.hope.ac.uk\/\" rel=\"external\">Liverpool Hope University<\/a><\/p>\n<p><a href=\"http:\/\/www.ljmu.ac.uk\/\" rel=\"external\">Liverpool John Moores University<\/a><\/p>\n<p><a href=\"http:\/\/www.lstmed.ac.uk\/\" rel=\"external\">Liverpool School of Tropical Medicine<\/a><\/p>\n<p><a href=\"http:\/\/www.lon.ac.uk\/\" rel=\"external\">University of London<\/a><\/p>\n<p><a href=\"http:\/\/www.london.edu\/\" rel=\"external\">London Business School<\/a><\/p>\n<p><a href=\"http:\/\/www.libf.ac.uk\/\" rel=\"external\">London Institute of Banking and Finance, The<\/a><\/p>\n<p><a href=\"http:\/\/www.londonmet.ac.uk\/\" rel=\"external\">London Metropolitan University<\/a><\/p>\n<p><a href=\"http:\/\/www.lshtm.ac.uk\/\" rel=\"external\">London School of Hygiene and Tropical Medicine<\/a><\/p>\n<p><a href=\"http:\/\/www.lse.ac.uk\/\" rel=\"external\">London School of Economics and Political Science, The (LSE)<\/a><\/p>\n<p><a href=\"http:\/\/www.lsbu.ac.uk\/\" rel=\"external\">London South Bank University<\/a><\/p>\n<p><a href=\"http:\/\/www.ucl.ac.uk\/\" rel=\"external\">University College London<\/a><\/p>\n<p><a href=\"http:\/\/www.lboro.ac.uk\/\" rel=\"external\">Loughborough University<\/a><\/p>\n<h2 id=\"m\">M<\/h2>\n<p><a href=\"http:\/\/www.manchester.ac.uk\/\" rel=\"external\">University of Manchester<\/a><\/p>\n<p><a href=\"http:\/\/www.mmu.ac.uk\/\" rel=\"external\">Manchester Metropolitan University<\/a><\/p>\n<p><a href=\"http:\/\/www.mdx.ac.uk\/\" rel=\"external\">Middlesex University<\/a><\/p>\n<h2 id=\"n\">N<\/h2>\n<p><a href=\"http:\/\/www.ncgrp.co.uk\/\" rel=\"external\">NCG<\/a><\/p>\n<p><a href=\"http:\/\/www.ncl.ac.uk\/\" rel=\"external\">Newcastle University<\/a><\/p>\n<p><a href=\"http:\/\/www.newman.ac.uk\/\" rel=\"external\">Newman University, Birmingham<\/a><\/p>\n<p><a href=\"http:\/\/www.northampton.ac.uk\/\" rel=\"external\">University of Northampton, The<\/a><\/p>\n<p><a href=\"http:\/\/northumbria.ac.uk\/\" rel=\"external\">Northumbria University Newcastle<\/a><\/p>\n<p><a href=\"http:\/\/www.nuca.ac.uk\/\" rel=\"external\">Norwich University of the Arts<\/a><\/p>\n<p><a href=\"http:\/\/www.nottingham.ac.uk\/\" rel=\"external\">University of Nottingham<\/a><\/p>\n<p><a href=\"http:\/\/www.ntu.ac.uk\/\" rel=\"external\">Nottingham Trent University<\/a><\/p>\n<h2 id=\"o\">O<\/h2>\n<p><a href=\"http:\/\/www.open.ac.uk\/\" rel=\"external\">Open University, The<\/a><\/p>\n<p><a href=\"http:\/\/www.ox.ac.uk\/\" rel=\"external\">University of Oxford<\/a><\/p>\n<p><a href=\"http:\/\/www.brookes.ac.uk\/\" rel=\"external\">Oxford Brookes University<\/a><\/p>\n<h2 id=\"p\">P<\/h2>\n<p><a href=\"http:\/\/www.plymouth.ac.uk\/\" rel=\"external\">Plymouth University<\/a><\/p>\n<p><a href=\"http:\/\/www.port.ac.uk\/\" rel=\"external\">University of Portsmouth<\/a><\/p>\n<h2 id=\"q\">Q<\/h2>\n<p><a href=\"http:\/\/www.qmu.ac.uk\/\" rel=\"external\">Queen Margaret University, Edinburgh<\/a><\/p>\n<p><a href=\"http:\/\/www.qmul.ac.uk\/\" rel=\"external\">Queen Mary, University of London<\/a><\/p>\n<p><a href=\"http:\/\/www.qub.ac.uk\/\" rel=\"external\">Queen\u2019s University Belfast<\/a><\/p>\n<h2 id=\"r\">R<\/h2>\n<p><a href=\"https:\/\/www.ravensbourne.ac.uk\/\" rel=\"external\">Ravensbourne<\/a><\/p>\n<p><a href=\"http:\/\/www.reading.ac.uk\/\" rel=\"external\">University of Reading<\/a><\/p>\n<p><a href=\"http:\/\/www.regents.ac.uk\/\" rel=\"external\">Regent\u2019s University London<\/a><\/p>\n<p><a href=\"https:\/\/www.richmond.ac.uk\/\" rel=\"external\">Richmond, The American International University in London<\/a><\/p>\n<p><a href=\"http:\/\/www.rgu.ac.uk\/\" rel=\"external\">Robert Gordon University, Aberdeen<\/a><\/p>\n<p><a href=\"http:\/\/www.roehampton.ac.uk\/\" rel=\"external\">University of Roehampton<\/a><\/p>\n<p><a href=\"https:\/\/www.bruford.ac.uk\/\" rel=\"external\">Rose Bruford College of Theatre and Performance<\/a><\/p>\n<p><a href=\"http:\/\/www.ram.ac.uk\/\" rel=\"external\">Royal Academy of Music<\/a><\/p>\n<p><a href=\"http:\/\/www.rau.ac.uk\/\" rel=\"external\">Royal Agricultural University<\/a><\/p>\n<p><a href=\"http:\/\/www.cssd.ac.uk\/\" rel=\"external\">Royal Central School of Speech and Drama (University of London)<\/a><\/p>\n<p><a href=\"http:\/\/www.rca.ac.uk\/\" rel=\"external\">Royal College of Art<\/a><\/p>\n<p><a href=\"http:\/\/www.rcm.ac.uk\/\" rel=\"external\">Royal College of Music<\/a><\/p>\n<p><a href=\"http:\/\/www.rcn.org.uk\/\" rel=\"external\">Royal College of Nursing<\/a><\/p>\n<p><a href=\"http:\/\/www.rcs.ac.uk\/\" rel=\"external\">Royal Conservatoire of Scotland<\/a><\/p>\n<p><a href=\"https:\/\/www.royalholloway.ac.uk\/home.aspx\" rel=\"external\">Royal Holloway, University of London<\/a><\/p>\n<p><a href=\"http:\/\/www.rncm.ac.uk\/\" rel=\"external\">Royal Northern College of Music<\/a><\/p>\n<p><a href=\"http:\/\/www.rvc.ac.uk\/\" rel=\"external\">Royal Veterinary College, The<\/a><\/p>\n<h2 id=\"s\">S<\/h2>\n<p><a href=\"http:\/\/www.salford.ac.uk\/\" rel=\"external\">University of Salford<\/a><\/p>\n<p><a href=\"http:\/\/www.soas.ac.uk\/\" rel=\"external\">School of Oriental and African Studies (SOAS), University of London<\/a><\/p>\n<p><a href=\"http:\/\/www.shef.ac.uk\/\" rel=\"external\">University of Sheffield<\/a><\/p>\n<p><a href=\"http:\/\/www.shu.ac.uk\/\" rel=\"external\">Sheffield Hallam University<\/a><\/p>\n<p><a href=\"http:\/\/www.southwales.ac.uk\/\" rel=\"external\">University of South Wales (Prifysgol De Cymru)<\/a><\/p>\n<p><a href=\"http:\/\/www.soton.ac.uk\/\" rel=\"external\">University of Southampton<\/a><\/p>\n<p><a href=\"http:\/\/www.solent.ac.uk\/\" rel=\"external\">Solent University<\/a><\/p>\n<p><a href=\"http:\/\/www.st-andrews.ac.uk\/\" rel=\"external\">University of St Andrews<\/a><\/p>\n<p><a href=\"http:\/\/www.sgul.ac.uk\/\" rel=\"external\">St George\u2019s, University of London<\/a><\/p>\n<p><a href=\"http:\/\/www.marjon.ac.uk\/\" rel=\"external\">University of St Mark and St John, Plymouth<\/a><\/p>\n<p><a href=\"http:\/\/www.stmarys.ac.uk\/\" rel=\"external\">St Mary\u2019s University, Twickenham<\/a><\/p>\n<p><a href=\"http:\/\/www.staffs.ac.uk\/\" rel=\"external\">Staffordshire University<\/a><\/p>\n<p><a href=\"http:\/\/www.external.stir.ac.uk\/\" rel=\"external\">University of Stirling<\/a><\/p>\n<p><a href=\"http:\/\/www.strath.ac.uk\/\" rel=\"external\">University of Strathclyde<\/a><\/p>\n<p><a href=\"https:\/\/www.uos.ac.uk\/\" rel=\"external\">University of Suffolk<\/a><\/p>\n<p><a href=\"http:\/\/www.sunderland.ac.uk\/\" rel=\"external\">University of Sunderland<\/a><\/p>\n<p><a href=\"http:\/\/www.surrey.ac.uk\/\" rel=\"external\">University of Surrey<\/a><\/p>\n<p><a href=\"http:\/\/www.sussex.ac.uk\/\" rel=\"external\">University of Sussex<\/a><\/p>\n<p><a href=\"http:\/\/www.swan.ac.uk\/\" rel=\"external\">Swansea University (Prifysgol Abertawe)<\/a><\/p>\n<h2 id=\"t\">T<\/h2>\n<p><a href=\"http:\/\/www.tees.ac.uk\/\" rel=\"external\">Teesside University<\/a><\/p>\n<p><a href=\"http:\/\/www.trinitylaban.ac.uk\/\" rel=\"external\">Trinity Laban Conservatoire of Music and Dance<\/a><\/p>\n<h2 id=\"u\">U<\/h2>\n<p><a href=\"http:\/\/www.arts.ac.uk\/\" rel=\"external\">University of the Arts, London<\/a><\/p>\n<p><a href=\"http:\/\/www.cem.ac.uk\/\" rel=\"external\">University College of Estate Management<\/a><\/p>\n<p><a href=\"https:\/\/www.uco.ac.uk\/\" rel=\"external\">University College of Osteopathy<\/a><\/p>\n<p><a href=\"http:\/\/www.law.ac.uk\/\" rel=\"external\">University of Law, The<\/a><\/p>\n<p><a href=\"http:\/\/www.ulster.ac.uk\/\" rel=\"external\">University of Ulster<\/a><\/p>\n<h2 id=\"w\">W<\/h2>\n<p><a href=\"http:\/\/www.wales.ac.uk\/\" rel=\"external\">University of Wales (Prifysgol Cymru)<\/a><\/p>\n<p><a href=\"https:\/\/www.uwtsd.ac.uk\/\" rel=\"external\">University of Wales Trinity Saint David (Prifysgol Cymru Y Drindod Dewi Sant<\/a><\/p>\n<p><a href=\"http:\/\/www2.warwick.ac.uk\/\" rel=\"external\">University of Warwick<\/a><\/p>\n<p><a href=\"http:\/\/www.uwe.ac.uk\/\" rel=\"external\">University of the West of England, Bristol<\/a><\/p>\n<p><a href=\"http:\/\/www.uwl.ac.uk\/\" rel=\"external\">University of West London<\/a><\/p>\n<p><a href=\"http:\/\/www.uws.ac.uk\/\" rel=\"external\">University of the West of Scotland<\/a><\/p>\n<p><a href=\"http:\/\/www.westminster.ac.uk\/\" rel=\"external\">University of Westminster<\/a><\/p>\n<p><a href=\"http:\/\/www.winchester.ac.uk\/\" rel=\"external\">University of Winchester, The<\/a><\/p>\n<p><a href=\"http:\/\/www.wlv.ac.uk\/\" rel=\"external\">University of Wolverhampton<\/a><\/p>\n<p><a href=\"http:\/\/www.worcester.ac.uk\/\" rel=\"external\">University of Worcester<\/a><\/p>\n<p><a href=\"http:\/\/writtle.ac.uk\/\" rel=\"external\">Writtle University College<\/a><\/p>\n<h2 id=\"y\">Y<\/h2>\n<p><a href=\"http:\/\/www.york.ac.uk\/\" rel=\"external\">University of York<\/a><\/p>\n<p><a href=\"http:\/\/www.yorksj.ac.uk\/\" rel=\"external\">York St John University<\/a><\/p>\n<h2 id=\"foundation-degrees\">Foundation degrees<\/h2>\n<p>Recognised bodies that can only award foundation degrees:<\/p>\n<p><a href=\"http:\/\/www.blackpool.ac.uk\/\" rel=\"external\">Blackpool and the Fylde College<\/a><\/p>\n<p><a href=\"https:\/\/www.cornwall.ac.uk\/university-hub\/index.html\" rel=\"external\">Cornwall College Group<\/a><\/p>\n<p><a href=\"http:\/\/www.grimsby.ac.uk\/\" rel=\"external\">Grimsby Institute of Higher Education<\/a><\/p>\n<p><a href=\"http:\/\/www.hull-college.ac.uk\/\" rel=\"external\">Hull College<\/a><\/p>\n<p><a href=\"https:\/\/www.leedscitycollege.ac.uk\/university-centre\/\" rel=\"external\">Leeds City College<\/a><\/p>\n<p><a href=\"http:\/\/www.newcollegedurham.ac.uk\/\" rel=\"external\">New College Durham<\/a><\/p>\n<p><a href=\"http:\/\/www.ncl-coll.ac.uk\/\" rel=\"external\">Newcastle College<\/a><\/p>\n<p><a href=\"http:\/\/www.warwickshire.ac.uk\/\" rel=\"external\">Warwickshire College<\/a>[\/vc_column_text][\/vc_column][\/vc_row][vc_row][vc_column][vc_column_text]<\/p>\n<section class=\"col s8 col_not_first righter\">\n<div class=\"content clr\">\n<div class=\"cz_post_content\">\n<div class=\"vc_row wpb_row vc_row-fluid\">\n<div class=\"wpb_column vc_column_container vc_col-sm-12\">\n<div class=\"vc_column-inner\">\n<div class=\"wpb_wrapper\">\n<div class=\"wpb_text_column wpb_content_element \">\n<div class=\"wpb_wrapper\">\n<p><strong>Note:<\/strong>\u00a0Source of information is taken from official UK\u00a0<a href=\"https:\/\/www.gov.uk\/check-a-university-is-officially-recognised\/recognised-bodies\">website.<\/a><\/p>\n<\/div>\n<\/div>\n<\/div>\n<\/div>\n<\/div>\n<\/div>\n<\/div>\n<\/div>\n<\/section>\n<p>[\/vc_column_text][\/vc_column][\/vc_row]<\/p>\n","protected":false},"excerpt":{"rendered":"<p>[vc_row][vc_column][vc_column_text] Vous pouvez rechercher et appliquer en ligne la plupart des cours d\u2019enseignement sup\u00e9rieur. Vous devez g\u00e9n\u00e9ralement \u00eatre \u00e2g\u00e9 de &#8230; <\/p>\n","protected":false},"author":1,"featured_media":0,"parent":2094,"menu_order":0,"comment_status":"closed","ping_status":"closed","template":"","meta":{"inline_featured_image":false},"_links":{"self":[{"href":"https:\/\/www.unicoll.ca\/fr\/wp-json\/wp\/v2\/pages\/2102\/"}],"collection":[{"href":"https:\/\/www.unicoll.ca\/fr\/wp-json\/wp\/v2\/pages\/"}],"about":[{"href":"https:\/\/www.unicoll.ca\/fr\/wp-json\/wp\/v2\/types\/page\/"}],"author":[{"embeddable":true,"href":"https:\/\/www.unicoll.ca\/fr\/wp-json\/wp\/v2\/users\/1\/"}],"replies":[{"embeddable":true,"href":"https:\/\/www.unicoll.ca\/fr\/wp-json\/wp\/v2\/comments\/?post=2102"}],"version-history":[{"count":2,"href":"https:\/\/www.unicoll.ca\/fr\/wp-json\/wp\/v2\/pages\/2102\/revisions\/"}],"predecessor-version":[{"id":2118,"href":"https:\/\/www.unicoll.ca\/fr\/wp-json\/wp\/v2\/pages\/2102\/revisions\/2118\/"}],"up":[{"embeddable":true,"href":"https:\/\/www.unicoll.ca\/fr\/wp-json\/wp\/v2\/pages\/2094\/"}],"wp:attachment":[{"href":"https:\/\/www.unicoll.ca\/fr\/wp-json\/wp\/v2\/media\/?parent=2102"}],"curies":[{"name":"wp","href":"https:\/\/api.w.org\/{rel}","templated":true}]}}