{"id":2099,"date":"2019-09-01T18:24:50","date_gmt":"2019-09-01T18:24:50","guid":{"rendered":"https:\/\/www.unicoll.ca\/?page_id=2099"},"modified":"2019-09-01T18:24:50","modified_gmt":"2019-09-01T18:24:50","slug":"new-zealand","status":"publish","type":"page","link":"https:\/\/www.unicoll.ca\/fr\/prestations-de-service\/parlons-de-votre-carriere\/new-zealand\/","title":{"rendered":"New Zealand"},"content":{"rendered":"<h3>LISTE DES UNIVERSIT\u00c9S, COLL\u00c8GES ET INSTITUTS DE NOUVELLE-Z\u00c9LANDE<\/h3>\n<h4>Universities:<\/h4>\n<ul>\n<li>Auckland University of Technology, CBD, Auckland<\/li>\n<li>Lincoln University, Lincoln<\/li>\n<li>University of Notre Dame Australia, Sydney<\/li>\n<li>Australian Catholic University, New South Wales<\/li>\n<li>Charles Sturt University, Melbourne<\/li>\n<li>University of Notre Dame Australia, Sydney<\/li>\n<li>Australian Catholic University, New South Wales<\/li>\n<li>Charles Sturt University, Melbourne<\/li>\n<\/ul>\n<h3>List of Institutes<\/h3>\n<h5>Government Institutes<\/h5>\n<ul>\n<li>Aoraki Polytechnic<\/li>\n<li>Unitec<\/li>\n<li>Northland Polytechnic<\/li>\n<li>Otago Polytechnic Dunedin<\/li>\n<li>Manukau institute of technology<\/li>\n<li>Whitireia community polytechnic<\/li>\n<li>Bay of plenty polytechnic Tauranga<\/li>\n<li>Christchurch polytechnic institute of technology<\/li>\n<li>Eastern institute of technology (EIT)<\/li>\n<li>Nelson Marlborough institute of technology, Nelson<\/li>\n<li>Southern institute of technology (Sit)<\/li>\n<li>Universal college of learning (UCOL)<\/li>\n<li>Waikari institute of technology<\/li>\n<li>Waikato institute of technology (WINTEC)<\/li>\n<li>Wellington institute of technology (WELTEC)<\/li>\n<li>Western institute of technology at Taranaki (WITT)<\/li>\n<\/ul>\n<h5>Private Institutes<\/h5>\n<ul>\n<li>As Helens Auckland New Zealand<\/li>\n<li>Avonmore tertiary institute<\/li>\n<li>Aronui technical institute Auckland<\/li>\n<li>Abacus institute of studies<\/li>\n<li>Computer power institute<br \/>\nCornell institute of business and technology<\/li>\n<li>Edens Auckland<\/li>\n<li>School of audio engineering<\/li>\n<li>ICL business school<\/li>\n<li>Institute of applied learning<\/li>\n<li>Making future happens international institute<\/li>\n<li>Natcoll design technology<\/li>\n<li>National tertiary education consortium (NTEC)<\/li>\n<li>Newton college of business &amp; technology (NCBT)<\/li>\n<li>New Zealand career college (NZCC)<\/li>\n<li>New Zealand management academies<\/li>\n<li>New Zealand school of education<\/li>\n<li>New Zealand tertiary college<\/li>\n<li>National institutes of studies<\/li>\n<li>North shore international academy<\/li>\n<li>North tech<\/li>\n<li>New Zealand institute of education (NZIE)<\/li>\n<li>Professional bar &amp; restaurant school<\/li>\n<li>Pacific international hotel management school (PIHMS)<\/li>\n<li>Queens academic group Auckland<\/li>\n<\/ul>\n<p>&nbsp;<\/p>\n","protected":false},"excerpt":{"rendered":"<p>LISTE DES UNIVERSIT\u00c9S, COLL\u00c8GES ET INSTITUTS DE NOUVELLE-Z\u00c9LANDE Universities: Auckland University of Technology, CBD, Auckland Lincoln University, Lincoln University of &#8230; <\/p>\n","protected":false},"author":1,"featured_media":0,"parent":2094,"menu_order":0,"comment_status":"closed","ping_status":"closed","template":"","meta":{"inline_featured_image":false},"_links":{"self":[{"href":"https:\/\/www.unicoll.ca\/fr\/wp-json\/wp\/v2\/pages\/2099\/"}],"collection":[{"href":"https:\/\/www.unicoll.ca\/fr\/wp-json\/wp\/v2\/pages\/"}],"about":[{"href":"https:\/\/www.unicoll.ca\/fr\/wp-json\/wp\/v2\/types\/page\/"}],"author":[{"embeddable":true,"href":"https:\/\/www.unicoll.ca\/fr\/wp-json\/wp\/v2\/users\/1\/"}],"replies":[{"embeddable":true,"href":"https:\/\/www.unicoll.ca\/fr\/wp-json\/wp\/v2\/comments\/?post=2099"}],"version-history":[{"count":3,"href":"https:\/\/www.unicoll.ca\/fr\/wp-json\/wp\/v2\/pages\/2099\/revisions\/"}],"predecessor-version":[{"id":2116,"href":"https:\/\/www.unicoll.ca\/fr\/wp-json\/wp\/v2\/pages\/2099\/revisions\/2116\/"}],"up":[{"embeddable":true,"href":"https:\/\/www.unicoll.ca\/fr\/wp-json\/wp\/v2\/pages\/2094\/"}],"wp:attachment":[{"href":"https:\/\/www.unicoll.ca\/fr\/wp-json\/wp\/v2\/media\/?parent=2099"}],"curies":[{"name":"wp","href":"https:\/\/api.w.org\/{rel}","templated":true}]}}