{"id":2098,"date":"2019-09-01T18:24:18","date_gmt":"2019-09-01T18:24:18","guid":{"rendered":"https:\/\/www.unicoll.ca\/?page_id=2098"},"modified":"2019-09-01T18:24:18","modified_gmt":"2019-09-01T18:24:18","slug":"canada","status":"publish","type":"page","link":"https:\/\/www.unicoll.ca\/fr\/prestations-de-service\/parlons-de-votre-carriere\/canada\/","title":{"rendered":"Canada"},"content":{"rendered":"<p>[vc_row][vc_column][vc_tta_tour shape=\u00a0\u00bbsquare\u00a0\u00bb color=\u00a0\u00bbchino\u00a0\u00bb spacing=\u00a0\u00bb\u00a0\u00bb controls_size=\u00a0\u00bbsm\u00a0\u00bb active_section=\u00a0\u00bb1&Prime;][vc_tta_section title=\u00a0\u00bbAlberta\u00a0\u00bb tab_id=\u00a0\u00bb1552577820554-935fc207-bc4c\u00a0\u00bb][vc_custom_heading text=\u00a0\u00bbAlberta\u00a0\u00bb google_fonts=\u00a0\u00bbfont_family:Montserrat%3Aregular%2C700|font_style:700%20bold%20regular%3A700%3Anormal\u00a0\u00bb][vc_column_text]<\/p>\n<ul>\n<li><a href=\"http:\/\/www.athabascau.ca\/\"><strong>Athabasca University<\/strong><\/a><\/li>\n<li><a href=\"https:\/\/concordia.ab.ca\/\"><strong>Concordia University of Edmonton<\/strong><\/a><\/li>\n<li><a href=\"http:\/\/www.kingsu.ca\/\"><strong>King\u2019s University (The)<\/strong><\/a><\/li>\n<li><a href=\"http:\/\/www.macewan.ca\/wcm\/index.htm\"><strong>MacEwan University<\/strong><\/a><\/li>\n<li><a href=\"http:\/\/www.mtroyal.ca\/\"><strong>Mount Royal University<\/strong><\/a><\/li>\n<li><a href=\"http:\/\/ualberta.ca\/\"><strong>University of Alberta<\/strong><\/a><\/li>\n<li><a href=\"http:\/\/www.ucalgary.ca\/\"><strong>University of Calgary<\/strong><\/a><\/li>\n<li><a href=\"http:\/\/www.uleth.ca\/\"><strong>University of Lethbridge<\/strong><\/a><\/li>\n<\/ul>\n<p>[\/vc_column_text][\/vc_tta_section][vc_tta_section title=\u00a0\u00bbBritish Columbia\u00a0\u00bb tab_id=\u00a0\u00bb1552577820575-44f95035-7f4e\u00a0\u00bb][vc_custom_heading text=\u00a0\u00bbBritish Columbia\u00a0\u00bb google_fonts=\u00a0\u00bbfont_family:Montserrat%3Aregular%2C700|font_style:700%20bold%20regular%3A700%3Anormal\u00a0\u00bb][vc_column_text]<\/p>\n<ul>\n<li><a href=\"http:\/\/www.ecuad.ca\/\"><strong>Emily Carr University of Art + Design<\/strong><\/a><\/li>\n<li><a href=\"http:\/\/www.kpu.ca\/\"><strong>Kwantlen Polytechnic University<\/strong><\/a><\/li>\n<li><a href=\"http:\/\/www.royalroads.ca\/\"><strong>Royal Roads University<\/strong><\/a><\/li>\n<li><a href=\"http:\/\/www.sfu.ca\/\"><strong>Simon Fraser University<\/strong><\/a><\/li>\n<li><a href=\"http:\/\/www.tru.ca\/\"><strong>Thompson Rivers University<\/strong><\/a><\/li>\n<li><a href=\"http:\/\/twu.ca\/\"><strong>Trinity Western University<\/strong><\/a><\/li>\n<li><a href=\"https:\/\/www.ubc.ca\/\"><strong>University of British Columbia (The)<\/strong><\/a><\/li>\n<li><a href=\"http:\/\/www.unbc.ca\/\"><strong>University of Northern British Columbia<\/strong><\/a><\/li>\n<li><a href=\"https:\/\/www.ufv.ca\/\"><strong>University of the Fraser Valley<\/strong><\/a><\/li>\n<li><a href=\"http:\/\/www.uvic.ca\/\"><strong>University of Victoria<\/strong><\/a><\/li>\n<li><a href=\"https:\/\/www.viu.ca\/\"><strong>Vancouver Island University<\/strong><\/a><\/li>\n<\/ul>\n<p>[\/vc_column_text][\/vc_tta_section][vc_tta_section title=\u00a0\u00bbManitoba\u00a0\u00bb tab_id=\u00a0\u00bb1552577872534-663eb09a-1a08&Prime;][vc_custom_heading text=\u00a0\u00bbManitoba\u00a0\u00bb google_fonts=\u00a0\u00bbfont_family:Montserrat%3Aregular%2C700|font_style:700%20bold%20regular%3A700%3Anormal\u00a0\u00bb][vc_column_text]<\/p>\n<ul>\n<li><a href=\"https:\/\/www.brandonu.ca\/\"><strong>Brandon University<\/strong><\/a><\/li>\n<li><a href=\"http:\/\/www.cmu.ca\/\"><strong>Canadian Mennonite University<\/strong><\/a><\/li>\n<li><a href=\"http:\/\/umanitoba.ca\/stpauls\/\"><strong>St. Paul\u2019s College<\/strong><\/a><\/li>\n<li><a href=\"http:\/\/ustboniface.ca\/\"><strong>Universit\u00e9 de Saint-Boniface<\/strong><\/a><\/li>\n<li><a href=\"http:\/\/umanitoba.ca\/\"><strong>University of Manitoba<\/strong><\/a><\/li>\n<li><a href=\"https:\/\/www.uwinnipeg.ca\/\"><strong>University of Winnipeg (The)<\/strong><\/a><\/li>\n<\/ul>\n<p>[\/vc_column_text][\/vc_tta_section][vc_tta_section title=\u00a0\u00bbNew Brunswick\u00a0\u00bb tab_id=\u00a0\u00bb1552577874013-1998b528-c12e\u00a0\u00bb][vc_custom_heading text=\u00a0\u00bbNew Brunswick\u00a0\u00bb google_fonts=\u00a0\u00bbfont_family:Montserrat%3Aregular%2C700|font_style:700%20bold%20regular%3A700%3Anormal\u00a0\u00bb][vc_column_text]<\/p>\n<ul>\n<li><a href=\"http:\/\/www.mta.ca\/Prospective\/Default.aspx\"><strong>Mount Allison University<\/strong><\/a><\/li>\n<li><a href=\"https:\/\/www.stu.ca\/\"><strong>St. Thomas University<\/strong><\/a><\/li>\n<li><a href=\"https:\/\/www.umoncton.ca\/\"><strong>Universit\u00e9 de Moncton<\/strong><\/a><\/li>\n<li><a href=\"http:\/\/www.unb.ca\/\"><strong>University of New Brunswick<\/strong><\/a><\/li>\n<\/ul>\n<p>[\/vc_column_text][\/vc_tta_section][vc_tta_section title=\u00a0\u00bbNova Scotia\u00a0\u00bb tab_id=\u00a0\u00bb1552577875003-05d69673-5390&Prime;][vc_custom_heading text=\u00a0\u00bbNova Scotia\u00a0\u00bb google_fonts=\u00a0\u00bbfont_family:Montserrat%3Aregular%2C700|font_style:700%20bold%20regular%3A700%3Anormal\u00a0\u00bb][vc_column_text]<\/p>\n<ul>\n<li><a href=\"http:\/\/www2.acadiau.ca\/\"><strong>Acadia University<\/strong><\/a><\/li>\n<li><a href=\"http:\/\/www.cbu.ca\/\"><strong>Cape Breton University<\/strong><\/a><\/li>\n<li><a href=\"http:\/\/www.dal.ca\/\"><strong>Dalhousie University<\/strong><\/a><\/li>\n<li><a href=\"http:\/\/www.msvu.ca\/en\/home\/default.aspx\"><strong>Mount Saint Vincent University<\/strong><\/a><\/li>\n<li><a href=\"https:\/\/nscad.ca\/\"><strong>NSCAD University<\/strong><\/a><\/li>\n<li><a href=\"http:\/\/www.smu.ca\/\"><strong>Saint Mary\u2019s University<\/strong><\/a><\/li>\n<li><a href=\"http:\/\/www.stfx.ca\/\"><strong>St. Francis Xavier University<\/strong><\/a><\/li>\n<li><a href=\"https:\/\/www.usainteanne.ca\/\"><strong>Universit\u00e9 Sainte-Anne<\/strong><\/a><\/li>\n<li><a href=\"http:\/\/www.ukings.ca\/\"><strong>University of King\u2019s College<\/strong><\/a><\/li>\n<\/ul>\n<p>[\/vc_column_text][\/vc_tta_section][vc_tta_section title=\u00a0\u00bbNewfoundland &amp; Labrador\u00a0\u00bb tab_id=\u00a0\u00bb1552577876198-526423b8-b336&Prime;][vc_custom_heading text=\u00a0\u00bbNewfoundland &amp; Labrador\u00a0\u00bb google_fonts=\u00a0\u00bbfont_family:Montserrat%3Aregular%2C700|font_style:700%20bold%20regular%3A700%3Anormal\u00a0\u00bb][vc_column_text]<\/p>\n<ul>\n<li><a href=\"http:\/\/www.mun.ca\/\"><strong>Memorial University of Newfoundland<\/strong><\/a><\/li>\n<\/ul>\n<p>[\/vc_column_text][\/vc_tta_section][vc_tta_section title=\u00a0\u00bbOntario\u00a0\u00bb tab_id=\u00a0\u00bb1552577926082-ff7adec3-df40&Prime;][vc_custom_heading text=\u00a0\u00bbOntario\u00a0\u00bb google_fonts=\u00a0\u00bbfont_family:Montserrat%3Aregular%2C700|font_style:700%20bold%20regular%3A700%3Anormal\u00a0\u00bb][vc_column_text]<\/p>\n<ul>\n<li><a href=\"http:\/\/www.algomau.ca\/\"><strong>Algoma University<\/strong><\/a><\/li>\n<li><a href=\"http:\/\/brescia.uwo.ca\/\"><strong>Brescia University College<\/strong><\/a><\/li>\n<li><a href=\"http:\/\/www.brocku.ca\/\"><strong>Brock University<\/strong><\/a><\/li>\n<li><a href=\"http:\/\/carleton.ca\/\"><strong>Carleton University<\/strong><\/a><\/li>\n<li><a href=\"http:\/\/www.huronuc.on.ca\/Home\"><strong>Huron University College<\/strong><\/a><\/li>\n<li><a href=\"http:\/\/www.kings.uwo.ca\/\"><strong>King\u2019s University College at Western University<\/strong><\/a><\/li>\n<li><a href=\"https:\/\/www.lakeheadu.ca\/\"><strong>Lakehead University<\/strong><\/a><\/li>\n<li><a href=\"https:\/\/laurentian.ca\/\"><strong>Laurentian University<\/strong><\/a><\/li>\n<li><a href=\"http:\/\/www.mcmaster.ca\/\"><strong>McMaster University<\/strong><\/a><\/li>\n<li><a href=\"http:\/\/www.nipissingu.ca\/\"><strong>Nipissing University<\/strong><\/a><\/li>\n<li><a href=\"http:\/\/www.ocadu.ca\/\"><strong>OCAD University<\/strong><\/a><\/li>\n<li><a href=\"http:\/\/www.queensu.ca\/\"><strong>Queen\u2019s University<\/strong><\/a><\/li>\n<li><a href=\"http:\/\/www.redeemer.ca\/\"><strong>Redeemer University College<\/strong><\/a><\/li>\n<li><a href=\"https:\/\/www.rmcc-cmrc.ca\/en\"><strong>Royal Military College of Canada<\/strong><\/a><\/li>\n<li><a href=\"http:\/\/www.ryerson.ca\/index.html\"><strong>Ryerson University<\/strong><\/a><\/li>\n<li><a href=\"http:\/\/ustpaul.ca\/\"><strong>Saint Paul University<\/strong><\/a><\/li>\n<li><a href=\"http:\/\/www.sju.ca\/\"><strong>St. Jerome\u2019s University<\/strong><\/a><\/li>\n<li><a href=\"http:\/\/www.trentu.ca\/\"><strong>Trent University<\/strong><\/a><\/li>\n<li><a href=\"http:\/\/www.uoguelph.ca\/\"><strong>University of Guelph<\/strong><\/a><\/li>\n<li><a href=\"http:\/\/uoit.ca\/\"><strong>University of Ontario Institute of Technology<\/strong><\/a><\/li>\n<li><a href=\"https:\/\/www.uottawa.ca\/en\"><strong>University of Ottawa<\/strong><\/a><\/li>\n<li><a href=\"http:\/\/stmikes.utoronto.ca\/\"><strong>University of St. Michael\u2019s College<\/strong><\/a><\/li>\n<li><a href=\"http:\/\/www.usudbury.ca\/\"><strong>University of Sudbury<\/strong><\/a><\/li>\n<li><a href=\"http:\/\/www.utoronto.ca\/\"><strong>University of Toronto<\/strong><\/a><\/li>\n<li><a href=\"http:\/\/www.trinity.utoronto.ca\/\"><strong>University of Trinity College<\/strong><\/a><\/li>\n<li><a href=\"https:\/\/uwaterloo.ca\/\"><strong>University of Waterloo<\/strong><\/a><\/li>\n<li><a href=\"http:\/\/www.uwindsor.ca\/\"><strong>University of Windsor<\/strong><\/a><\/li>\n<li><a href=\"http:\/\/www.vicu.utoronto.ca\/home\"><strong>Victoria University<\/strong><\/a><\/li>\n<li><a href=\"http:\/\/www.uwo.ca\/\"><strong>Western University<\/strong><\/a><\/li>\n<li><a href=\"http:\/\/www.wlu.ca\/\"><strong>Wilfrid Laurier University<\/strong><\/a><\/li>\n<li><a href=\"http:\/\/www.yorku.ca\/index.html\"><strong>York University<\/strong><\/a><\/li>\n<\/ul>\n<p>[\/vc_column_text][\/vc_tta_section][vc_tta_section title=\u00a0\u00bbPrince Edward Island\u00a0\u00bb tab_id=\u00a0\u00bb1552577927185-6bf43891-6035&Prime;][vc_custom_heading text=\u00a0\u00bbPrince Edward Island\u00a0\u00bb google_fonts=\u00a0\u00bbfont_family:Montserrat%3Aregular%2C700|font_style:700%20bold%20regular%3A700%3Anormal\u00a0\u00bb][vc_column_text]<\/p>\n<ul>\n<li><a href=\"http:\/\/home.upei.ca\/\"><strong>University of Prince Edward Island<\/strong><\/a><\/li>\n<\/ul>\n<p>[\/vc_column_text][\/vc_tta_section][vc_tta_section title=\u00a0\u00bbQu\u00e9bec\u00a0\u00bb tab_id=\u00a0\u00bb1552577959857-dbfbb62f-a902&Prime;][vc_custom_heading text=\u00a0\u00bbQu\u00e9bec\u00a0\u00bb google_fonts=\u00a0\u00bbfont_family:Montserrat%3Aregular%2C700|font_style:700%20bold%20regular%3A700%3Anormal\u00a0\u00bb][vc_column_text]<\/p>\n<ul>\n<li><a href=\"http:\/\/www.ubishops.ca\/index.html\"><strong>Bishop\u2019s University<\/strong><\/a><\/li>\n<li><a href=\"https:\/\/www.concordia.ca\/\"><strong>Concordia University<\/strong><\/a><\/li>\n<li><a href=\"http:\/\/www.etsmtl.ca\/\"><strong>\u00c9cole de technologie sup\u00e9rieure<\/strong><\/a><\/li>\n<li><a href=\"http:\/\/www.enap.ca\/enap\/fr\/accueil.aspx\"><strong>\u00c9cole nationale d\u2019administration publique<\/strong><\/a><\/li>\n<li><a href=\"http:\/\/www.hec.ca\/en\/\"><strong>HEC Montr\u00e9al<\/strong><\/a><\/li>\n<li><a href=\"http:\/\/www.inrs.ca\/english\/homepage\"><strong>Institut national de la recherche scientifique<\/strong><\/a><\/li>\n<li><a href=\"https:\/\/www.mcgill.ca\/\"><strong>McGill University<\/strong><\/a><\/li>\n<li><a href=\"http:\/\/www.polymtl.ca\/en\"><strong>Polytechnique Montr\u00e9al<\/strong><\/a><\/li>\n<li><a href=\"http:\/\/www.umontreal.ca\/\"><strong>Universit\u00e9 de Montr\u00e9al<\/strong><\/a><\/li>\n<li><a href=\"http:\/\/www.usherbrooke.ca\/\"><strong>Universit\u00e9 de Sherbrooke<\/strong><\/a><\/li>\n<li><a href=\"http:\/\/www.uquebec.ca\/reseau\/\"><strong>Universit\u00e9 du Qu\u00e9bec<\/strong><\/a><\/li>\n<li><a href=\"http:\/\/www.uqac.ca\/\"><strong>Universit\u00e9 du Qu\u00e9bec \u00e0 Chicoutimi (UQAC)<\/strong><\/a><\/li>\n<li><a href=\"http:\/\/www.uqam.ca\/\"><strong>Universit\u00e9 du Qu\u00e9bec \u00e0 Montr\u00e9al (UQAM)<\/strong><\/a><\/li>\n<li><a href=\"http:\/\/www.uqar.ca\/\"><strong>Universit\u00e9 du Qu\u00e9bec \u00e0 Rimouski (UQAR)<\/strong><\/a><\/li>\n<li><a href=\"http:\/\/uqtr.ca\/\"><strong>Universit\u00e9 du Qu\u00e9bec \u00e0 Trois-Rivi\u00e8res (UQTR)<\/strong><\/a><\/li>\n<li><a href=\"http:\/\/uqat.ca\/\"><strong>Universit\u00e9 du Qu\u00e9bec en Abitibi-T\u00e9miscamingue (UQAT)<\/strong><\/a><\/li>\n<li><a href=\"http:\/\/uqo.ca\/\"><strong>Universit\u00e9 du Qu\u00e9bec en Outaouais<\/strong><\/a><\/li>\n<li><a href=\"https:\/\/www2.ulaval.ca\/accueil.html\"><strong>Universit\u00e9 Laval<\/strong><\/a><\/li>\n<li><a href=\"http:\/\/www.teluq.ca\/\"><strong>Universit\u00e9 T\u00c9LUQ<\/strong><\/a><\/li>\n<\/ul>\n<p>[\/vc_column_text][\/vc_tta_section][vc_tta_section title=\u00a0\u00bbSaskatchewan\u00a0\u00bb tab_id=\u00a0\u00bb1552577961264-60e1f59a-c62d\u00a0\u00bb][vc_custom_heading text=\u00a0\u00bbSaskatchewan\u00a0\u00bb google_fonts=\u00a0\u00bbfont_family:Montserrat%3Aregular%2C700|font_style:700%20bold%20regular%3A700%3Anormal\u00a0\u00bb][vc_column_text]<\/p>\n<ul>\n<li><a href=\"http:\/\/campioncollege.ca\/\"><strong>Campion College<\/strong><\/a><\/li>\n<li><a href=\"http:\/\/fnuniv.ca\/\"><strong>First Nations University of Canada<\/strong><\/a><\/li>\n<li><a href=\"https:\/\/www.luthercollege.edu\/\"><strong>Luther College<\/strong><\/a><\/li>\n<li><a href=\"http:\/\/stmcollege.ca\/\"><strong>St. Thomas More College<\/strong><\/a><\/li>\n<li><a href=\"http:\/\/www.uregina.ca\/\"><strong>University of Regina<\/strong><\/a><\/li>\n<li><a href=\"https:\/\/www.usask.ca\/\"><strong>University of Saskatchewan<\/strong><\/a><\/li>\n<\/ul>\n<p>[\/vc_column_text][\/vc_tta_section][\/vc_tta_tour][\/vc_column][\/vc_row][vc_row][vc_column][\/vc_column][\/vc_row]<\/p>\n","protected":false},"excerpt":{"rendered":"<p>[vc_row][vc_column][vc_tta_tour shape=\u00a0\u00bbsquare\u00a0\u00bb color=\u00a0\u00bbchino\u00a0\u00bb spacing=\u00a0\u00bb\u00a0\u00bb controls_size=\u00a0\u00bbsm\u00a0\u00bb active_section=\u00a0\u00bb1&Prime;][vc_tta_section title=\u00a0\u00bbAlberta\u00a0\u00bb tab_id=\u00a0\u00bb1552577820554-935fc207-bc4c\u00a0\u00bb][vc_custom_heading text=\u00a0\u00bbAlberta\u00a0\u00bb google_fonts=\u00a0\u00bbfont_family:Montserrat%3Aregular%2C700|font_style:700%20bold%20regular%3A700%3Anormal\u00a0\u00bb][vc_column_text] Athabasca University Concordia University of Edmonton King\u2019s University (The) MacEwan &#8230; <\/p>\n","protected":false},"author":1,"featured_media":0,"parent":2094,"menu_order":0,"comment_status":"closed","ping_status":"closed","template":"","meta":{"inline_featured_image":false},"_links":{"self":[{"href":"https:\/\/www.unicoll.ca\/fr\/wp-json\/wp\/v2\/pages\/2098\/"}],"collection":[{"href":"https:\/\/www.unicoll.ca\/fr\/wp-json\/wp\/v2\/pages\/"}],"about":[{"href":"https:\/\/www.unicoll.ca\/fr\/wp-json\/wp\/v2\/types\/page\/"}],"author":[{"embeddable":true,"href":"https:\/\/www.unicoll.ca\/fr\/wp-json\/wp\/v2\/users\/1\/"}],"replies":[{"embeddable":true,"href":"https:\/\/www.unicoll.ca\/fr\/wp-json\/wp\/v2\/comments\/?post=2098"}],"version-history":[{"count":3,"href":"https:\/\/www.unicoll.ca\/fr\/wp-json\/wp\/v2\/pages\/2098\/revisions\/"}],"predecessor-version":[{"id":2115,"href":"https:\/\/www.unicoll.ca\/fr\/wp-json\/wp\/v2\/pages\/2098\/revisions\/2115\/"}],"up":[{"embeddable":true,"href":"https:\/\/www.unicoll.ca\/fr\/wp-json\/wp\/v2\/pages\/2094\/"}],"wp:attachment":[{"href":"https:\/\/www.unicoll.ca\/fr\/wp-json\/wp\/v2\/media\/?parent=2098"}],"curies":[{"name":"wp","href":"https:\/\/api.w.org\/{rel}","templated":true}]}}