{"id":2097,"date":"2019-09-01T18:23:52","date_gmt":"2019-09-01T18:23:52","guid":{"rendered":"https:\/\/www.unicoll.ca\/?page_id=2097"},"modified":"2019-09-04T15:27:42","modified_gmt":"2019-09-04T15:27:42","slug":"australia","status":"publish","type":"page","link":"https:\/\/www.unicoll.ca\/fr\/prestations-de-service\/parlons-de-votre-carriere\/australia\/","title":{"rendered":"Australia"},"content":{"rendered":"<p>[vc_row][vc_column][vc_column_text]L\u2019Australie abrite 43 universit\u00e9s et au moins un campus principal dans chaque \u00c9tat ou territoire.<\/p>\n<p>La carte g\u00e9ographique des universit\u00e9s australiennes montre les campus universitaires \u00e0 travers les principaux sites australiens. La plupart des universit\u00e9s ont plus d&rsquo;un campus et sont r\u00e9parties dans plusieurs \u00c9tats et territoires. Vous avez ainsi le choix de l&rsquo;endroit o\u00f9 vous souhaitez \u00e9tudier en Australie.<\/p>\n<h2>Liste des universit\u00e9s australiennes<\/h2>\n<h3>Australian Capital Territory<\/h3>\n<ul>\n<li>Australian National University &#8211;\u00a0<a class=\"external\" href=\"http:\/\/www.anu.edu.au\/study\/information-for\/international-students\" target=\"_blank\" rel=\"noopener noreferrer\">http:\/\/www.anu.edu.au\/study\/information-for\/international-students<span class=\"accessible\">(opens in a new window)<\/span><\/a><\/li>\n<li>University of Canberra &#8211;\u00a0<a class=\"external\" href=\"http:\/\/www.canberra.edu.au\/international\" target=\"_blank\" rel=\"noopener noreferrer\">http:\/\/www.canberra.edu.au\/international<span class=\"accessible\">(opens in a new window)<\/span><\/a><\/li>\n<\/ul>\n<h3><strong>New South Wales<\/strong><\/h3>\n<ul>\n<li>Australian Catholic University &#8211;\u00a0<a class=\"external\" href=\"https:\/\/www.acu.edu.au\/international\" target=\"_blank\" rel=\"noopener noreferrer\">https:\/\/www.acu.edu.au\/international<span class=\"accessible\">(opens in a new window)<\/span><\/a><\/li>\n<li>Charles Sturt University &#8211;\u00a0<a class=\"external\" href=\"http:\/\/www.csu.edu.au\/international\" target=\"_blank\" rel=\"noopener noreferrer\">http:\/\/www.csu.edu.au\/international<span class=\"accessible\">(opens in a new window)<\/span><\/a><\/li>\n<li>Macquarie University &#8211;\u00a0<a class=\"external\" href=\"https:\/\/www.mq.edu.au\/international.php\" target=\"_blank\" rel=\"noopener noreferrer\">https:\/\/www.mq.edu.au\/international.php<span class=\"accessible\">(opens in a new window)<\/span><\/a><\/li>\n<li>Southern Cross University &#8211;\u00a0<a class=\"external\" href=\"http:\/\/scu.edu.au\/international\/\" target=\"_blank\" rel=\"noopener noreferrer\">http:\/\/scu.edu.au\/international\/<span class=\"accessible\">(opens in a new window)<\/span><\/a><\/li>\n<li>University of New England &#8211;\u00a0<a class=\"external\" href=\"https:\/\/www.une.edu.au\/study\/international\" target=\"_blank\" rel=\"noopener noreferrer\">https:\/\/www.une.edu.au\/study\/international<span class=\"accessible\">(opens in a new window)<\/span><\/a><\/li>\n<li>University of New South Wales &#8211;\u00a0<a class=\"external\" href=\"http:\/\/www.international.unsw.edu.au\/\" target=\"_blank\" rel=\"noopener noreferrer\">http:\/\/www.international.unsw.edu.au\/<span class=\"accessible\">(opens in a new window)<\/span><\/a><\/li>\n<li>University of Newcastle &#8211;\u00a0<a class=\"external\" href=\"https:\/\/www.newcastle.edu.au\/international\" target=\"_blank\" rel=\"noopener noreferrer\">https:\/\/www.newcastle.edu.au\/international<span class=\"accessible\">(opens in a new window)<\/span><\/a><\/li>\n<li>University of Sydney &#8211;\u00a0<a class=\"external\" href=\"http:\/\/sydney.edu.au\/future-students\/\" target=\"_blank\" rel=\"noopener noreferrer\">http:\/\/sydney.edu.au\/future-students\/<span class=\"accessible\">(opens in a new window)<\/span><\/a><\/li>\n<li>University of Technology, Sydney &#8211;\u00a0<a class=\"external\" href=\"http:\/\/www.uts.edu.au\/future-students\/international\" target=\"_blank\" rel=\"noopener noreferrer\">http:\/\/www.uts.edu.au\/future-students\/international<span class=\"accessible\">(opens in a new window)<\/span><\/a><\/li>\n<li>Western Sydney University &#8211;\u00a0<a class=\"external\" href=\"https:\/\/www.westernsydney.edu.au\/\" target=\"_blank\" rel=\"noopener noreferrer\">http:\/\/www.westernsydney.edu.au\/international<span class=\"accessible\">(opens in a new window)<\/span><\/a><\/li>\n<li>University of Wollongong &#8211;\u00a0<a class=\"external\" href=\"https:\/\/www.uow.edu.au\/future\/international\/index.html\" target=\"_blank\" rel=\"noopener noreferrer\">https:\/\/www.uow.edu.au\/future\/international\/index.html<span class=\"accessible\">(opens in a new window)<\/span><\/a><\/li>\n<\/ul>\n<h3>Northern Territory<\/h3>\n<ul>\n<li>Charles Darwin University &#8211;\u00a0<a class=\"external\" href=\"http:\/\/www.cdu.edu.au\/international\" target=\"_blank\" rel=\"noopener noreferrer\">http:\/\/www.cdu.edu.au\/international<span class=\"accessible\">(opens in a new window)<\/span><\/a><\/li>\n<\/ul>\n<h3>Queensland<\/h3>\n<ul>\n<li>Bond University &#8211;\u00a0<a class=\"external\" href=\"http:\/\/bond.edu.au\/future-students\/international\" target=\"_blank\" rel=\"noopener noreferrer\">http:\/\/bond.edu.au\/future-students\/international<span class=\"accessible\">(opens in a new window)<\/span><\/a><\/li>\n<li>CQ University &#8211;\u00a0<a class=\"external\" href=\"https:\/\/www.cqu.edu.au\/international-students\" target=\"_blank\" rel=\"noopener noreferrer\">https:\/\/www.cqu.edu.au\/international-students<span class=\"accessible\">(opens in a new window)<\/span><\/a><\/li>\n<li>Federation University of Australia &#8211;\u00a0<a class=\"external\" href=\"https:\/\/federation.edu.au\/brisbane\" target=\"_blank\" rel=\"noopener noreferrer\">https:\/\/federation.edu.au\/brisbane<span class=\"accessible\">(opens in a new window)<\/span><\/a><\/li>\n<li>Griffith University &#8211;\u00a0<a class=\"external\" href=\"http:\/\/www.griffith.edu.au\/international\" target=\"_blank\" rel=\"noopener noreferrer\">http:\/\/www.griffith.edu.au\/international<span class=\"accessible\">(opens in a new window)<\/span><\/a><\/li>\n<li>James Cook University &#8211;\u00a0<a class=\"external\" href=\"http:\/\/www.jcu.edu.au\/international\/\" target=\"_blank\" rel=\"noopener noreferrer\">http:\/\/www.jcu.edu.au\/international\/<span class=\"accessible\">(opens in a new window)<\/span><\/a><\/li>\n<li>Queensland University of Technology &#8211;\u00a0<a class=\"external\" href=\"https:\/\/www.qut.edu.au\/international\" target=\"_blank\" rel=\"noopener noreferrer\">https:\/\/www.qut.edu.au\/international<span class=\"accessible\">(opens in a new window)<\/span><\/a><\/li>\n<li>University of Queensland &#8211;\u00a0<a class=\"external\" href=\"http:\/\/www.uq.edu.au\/international\/\" target=\"_blank\" rel=\"noopener noreferrer\">http:\/\/www.uq.edu.au\/international\/<span class=\"accessible\">(opens in a new window)<\/span><\/a><\/li>\n<li>University of Southern Queensland &#8211;\u00a0<a class=\"external\" href=\"http:\/\/www.usq.edu.au\/study\/international\" target=\"_blank\" rel=\"noopener noreferrer\">http:\/\/www.usq.edu.au\/study\/international<span class=\"accessible\">(opens in a new window)<\/span><\/a><\/li>\n<li>University of the Sunshine Coast &#8211;\u00a0<a class=\"external\" href=\"http:\/\/www.usc.edu.au\/learn\/international-students\" target=\"_blank\" rel=\"noopener noreferrer\">http:\/\/www.usc.edu.au\/learn\/international-students<span class=\"accessible\">(opens in a new window)<\/span><\/a><\/li>\n<\/ul>\n<h3><strong>South Australia<\/strong><\/h3>\n<ul>\n<li>Carnegie Mellon University &#8211;\u00a0<a class=\"external\" href=\"http:\/\/www.australia.cmu.edu\/\" target=\"_blank\" rel=\"noopener noreferrer\">http:\/\/www.australia.cmu.edu\/<span class=\"accessible\">(opens in a new window)<\/span><\/a><\/li>\n<li>Flinders University &#8211;\u00a0<a class=\"external\" href=\"http:\/\/www.flinders.edu.au\/international-students\/\" target=\"_blank\" rel=\"noopener noreferrer\">http:\/\/www.flinders.edu.au\/international-students\/<span class=\"accessible\">(opens in a new window)<\/span><\/a><\/li>\n<li>Torrens University Australia &#8211;\u00a0<a class=\"external\" href=\"http:\/\/www.torrens.edu.au\/studying\/international-students\" target=\"_blank\" rel=\"noopener noreferrer\">http:\/\/www.torrens.edu.au\/studying\/international-students<span class=\"accessible\">(opens in a new window)<\/span><\/a><\/li>\n<li>University College London &#8211;\u00a0<a class=\"external\" href=\"http:\/\/www.ucl.ac.uk\/australia\" target=\"_blank\" rel=\"noopener noreferrer\">http:\/\/www.ucl.ac.uk\/australia<span class=\"accessible\">(opens in a new window)<\/span><\/a><\/li>\n<li>University of Adelaide &#8211;\u00a0<a class=\"external\" href=\"http:\/\/international.adelaide.edu.au\/\" target=\"_blank\" rel=\"noopener noreferrer\">http:\/\/international.adelaide.edu.au\/<span class=\"accessible\">(opens in a new window)<\/span><\/a><\/li>\n<li>University of South Australia &#8211;\u00a0<a class=\"external\" href=\"http:\/\/www.unisa.edu.au\/study-at-unisa\/international-students\/\" target=\"_blank\" rel=\"noopener noreferrer\">http:\/\/www.unisa.edu.au\/study-at-unisa\/international-students\/<span class=\"accessible\">(opens in a new window)<\/span><\/a><\/li>\n<\/ul>\n<h3>Tasmania<\/h3>\n<ul>\n<li>University of Tasmania &#8211;\u00a0<a class=\"external\" href=\"http:\/\/www.utas.edu.au\/international\" target=\"_blank\" rel=\"noopener noreferrer\">http:\/\/www.utas.edu.au\/international<span class=\"accessible\">(opens in a new window)<\/span><\/a><\/li>\n<\/ul>\n<h3>Victoria<\/h3>\n<ul>\n<li>Deakin University &#8211;\u00a0<a class=\"external\" href=\"http:\/\/www.deakin.edu.au\/study-at-deakin\/international-students\" target=\"_blank\" rel=\"noopener noreferrer\">http:\/\/www.deakin.edu.au\/study-at-deakin\/international-students<span class=\"accessible\">(opens in a new window)<\/span><\/a><\/li>\n<li>Federation University of Australia &#8211;\u00a0<a class=\"external\" href=\"http:\/\/federation.edu.au\/international\" target=\"_blank\" rel=\"noopener noreferrer\">http:\/\/federation.edu.au\/international<span class=\"accessible\">(opens in a new window)<\/span><\/a><\/li>\n<li>La Trobe University &#8211;\u00a0<a class=\"external\" href=\"http:\/\/www.latrobe.edu.au\/international\" target=\"_blank\" rel=\"noopener noreferrer\">http:\/\/www.latrobe.edu.au\/international<span class=\"accessible\">(opens in a new window)<\/span><\/a><\/li>\n<li>Monash University &#8211;\u00a0<a class=\"external\" href=\"https:\/\/www.monash.edu\/study\/international\" target=\"_blank\" rel=\"noopener noreferrer\">https:\/\/www.monash.edu\/study\/international<span class=\"accessible\">(opens in a new window)<\/span><\/a><\/li>\n<li>RMIT University &#8211;\u00a0<a class=\"external\" href=\"https:\/\/www.rmit.edu.au\/study-with-us\/international-students\/\" target=\"_blank\" rel=\"noopener noreferrer\">https:\/\/www.rmit.edu.au\/study-with-us\/international-students\/<span class=\"accessible\">(opens in a new window)<\/span><\/a><\/li>\n<li>Swinburne University of Technology &#8211;\u00a0<a class=\"external\" href=\"http:\/\/www.swinburne.edu.au\/study\/international\/\" target=\"_blank\" rel=\"noopener noreferrer\">http:\/\/www.swinburne.edu.au\/study\/international\/<span class=\"accessible\">(opens in a new window)<\/span><\/a><\/li>\n<li>University of Divinity &#8211;\u00a0<a class=\"external\" href=\"http:\/\/www.divinity.edu.au\/study\/international-student-resources\/\" target=\"_blank\" rel=\"noopener noreferrer\">http:\/\/www.divinity.edu.au\/study\/international-student-resources\/<span class=\"accessible\">(opens in a new window)<\/span><\/a><\/li>\n<li>University of Melbourne &#8211;\u00a0<a class=\"external\" href=\"http:\/\/futurestudents.unimelb.edu.au\/info\/international\" target=\"_blank\" rel=\"noopener noreferrer\">http:\/\/futurestudents.unimelb.edu.au\/info\/international<span class=\"accessible\">(opens in a new window)<\/span><\/a><\/li>\n<li>Victoria University &#8211;\u00a0<a class=\"external\" href=\"http:\/\/www.vu.edu.au\/study-with-us\/international-students\" target=\"_blank\" rel=\"noopener noreferrer\">http:\/\/www.vu.edu.au\/study-with-us\/international-students<span class=\"accessible\">(opens in a new window)<\/span><\/a><\/li>\n<\/ul>\n<h3><strong>Western Australia<\/strong><\/h3>\n<ul>\n<li>Curtin University &#8211;\u00a0<a class=\"external\" href=\"http:\/\/international.curtin.edu.au\/\" target=\"_blank\" rel=\"noopener noreferrer\">http:\/\/international.curtin.edu.au\/<span class=\"accessible\">(opens in a new window)<\/span><\/a><\/li>\n<li>Edith Cowan University &#8211;\u00a0<a class=\"external\" href=\"http:\/\/www.ecu.edu.au\/degrees\/international\" target=\"_blank\" rel=\"noopener noreferrer\">http:\/\/www.ecu.edu.au\/degrees\/international<span class=\"accessible\">(opens in a new window)<\/span><\/a><\/li>\n<li>Murdoch University &#8211;\u00a0<a class=\"external\" href=\"http:\/\/www.murdoch.edu.au\/Future-students\/International-students\/\" target=\"_blank\" rel=\"noopener noreferrer\">http:\/\/www.murdoch.edu.au\/Future-students\/International-students\/<span class=\"accessible\">(opens in a new window)<\/span><\/a><\/li>\n<li>University of Notre Dame Australia &#8211;\u00a0<a class=\"external\" href=\"http:\/\/www.nd.edu.au\/nav-future-students\/international-students\" target=\"_blank\" rel=\"noopener noreferrer\">http:\/\/www.nd.edu.au\/nav-future-students\/international-students<span class=\"accessible\">(opens in a new window)<\/span><\/a><\/li>\n<li>University of Western Australia &#8211;\u00a0<a class=\"external\" href=\"http:\/\/www.international.uwa.edu.au\/\" target=\"_blank\" rel=\"noopener noreferrer\">http:\/\/www.international.uwa.edu.au\/<span class=\"accessible\">(opens in a new window)<\/span><\/a><\/li>\n<\/ul>\n<p>[\/vc_column_text][vc_column_text]<strong>Note:<\/strong> Source of information is official Australian <a href=\"https:\/\/www.studyinaustralia.gov.au\">website<\/a>[\/vc_column_text][\/vc_column][\/vc_row]<\/p>\n","protected":false},"excerpt":{"rendered":"<p>[vc_row][vc_column][vc_column_text]L\u2019Australie abrite 43 universit\u00e9s et au moins un campus principal dans chaque \u00c9tat ou territoire. La carte g\u00e9ographique des universit\u00e9s &#8230; <\/p>\n","protected":false},"author":1,"featured_media":0,"parent":2094,"menu_order":0,"comment_status":"closed","ping_status":"closed","template":"","meta":{"inline_featured_image":false},"_links":{"self":[{"href":"https:\/\/www.unicoll.ca\/fr\/wp-json\/wp\/v2\/pages\/2097\/"}],"collection":[{"href":"https:\/\/www.unicoll.ca\/fr\/wp-json\/wp\/v2\/pages\/"}],"about":[{"href":"https:\/\/www.unicoll.ca\/fr\/wp-json\/wp\/v2\/types\/page\/"}],"author":[{"embeddable":true,"href":"https:\/\/www.unicoll.ca\/fr\/wp-json\/wp\/v2\/users\/1\/"}],"replies":[{"embeddable":true,"href":"https:\/\/www.unicoll.ca\/fr\/wp-json\/wp\/v2\/comments\/?post=2097"}],"version-history":[{"count":2,"href":"https:\/\/www.unicoll.ca\/fr\/wp-json\/wp\/v2\/pages\/2097\/revisions\/"}],"predecessor-version":[{"id":2108,"href":"https:\/\/www.unicoll.ca\/fr\/wp-json\/wp\/v2\/pages\/2097\/revisions\/2108\/"}],"up":[{"embeddable":true,"href":"https:\/\/www.unicoll.ca\/fr\/wp-json\/wp\/v2\/pages\/2094\/"}],"wp:attachment":[{"href":"https:\/\/www.unicoll.ca\/fr\/wp-json\/wp\/v2\/media\/?parent=2097"}],"curies":[{"name":"wp","href":"https:\/\/api.w.org\/{rel}","templated":true}]}}