{"id":2008,"date":"2019-09-01T17:55:47","date_gmt":"2019-09-01T17:55:47","guid":{"rendered":"https:\/\/www.unicoll.ca\/?page_id=2008"},"modified":"2019-11-12T14:32:32","modified_gmt":"2019-11-12T14:32:32","slug":"home","status":"publish","type":"page","link":"https:\/\/www.unicoll.ca\/fr\/home\/","title":{"rendered":"Home"},"content":{"rendered":"<p>[vc_row full_width=\u00a0\u00bbstretch_row_content\u00a0\u00bb][vc_column]<div id=\"cz_18248\" class=\"cz_sep_1 cz_separator \"  style=\"position: absolute;width:100%;z-index: 999;bottom: 0px;\"><div class=\"cz_sep cz_sep_1_inner \"><div data-before-color=\":before{background:#ffffff;}\" ><\/div><\/div><\/div>[\/vc_column][\/vc_row][vc_row][vc_column]<div class=\"cz_gap clr \" style=\"height: 30px\"><\/div><div id=\"cz_25563\" class=\"cz_25563 cz_title clr cz_title_pos_inline tac\"><div class=\"cz_title_shape shape_image cz_shape_1\"><img width=\"41\" height=\"14\" src=\"https:\/\/www.unicoll.ca\/wp-content\/uploads\/2018\/12\/title-sep.png\" class=\"attachment-full\" alt=\"\" decoding=\"async\" \/><\/div><div class=\"cz_title_content\"><div class=\"cz_wpe_content\"><p style=\"text-align: center;\"><span style=\"color: #888888;\">\u00c0 propos de nous<\/span><\/p>\n<\/div><\/div><\/div><div id=\"cz_58843\" class=\"cz_58843 cz_title clr cz_title_pos_inline tac\"><div class=\"cz_title_content\"><div class=\"cz_wpe_content\"><h3 style=\"text-align: center; font-weight: 400; font-family: 'Aleo', serif; letter-spacing: -1px; line-height: 1;\"><span style=\"color: #333333;\">Unicoll Worldwide est un cabinet de conseil en \u00e9ducation professionnelle avec plus de 15 ans d&rsquo;exp\u00e9rience dans l&rsquo;\u00e9ducation \u00e0 l&rsquo;\u00e9tranger.<\/span><\/h3>\n<\/div><\/div><\/div><div class=\"cz_gap clr \" style=\"height: 30px\"><\/div><div id=\"cz_69676\" class=\"cz_69676 cz_title clr cz_title_pos_inline tac\"><div class=\"cz_title_content\"><div class=\"cz_wpe_content\"><p style=\"text-align: center;\"><span style=\"color: #111111;\">Avec son expertise in\u00e9gal\u00e9e et son \u00e9quipe compos\u00e9e de professionnels ayant une connaissance approfondie de la r\u00e9glementation en vigueur au Canada, en Australie, en Nouvelle-Z\u00e9lande et au Royaume-Uni, Unicoll Worldwide a aid\u00e9 plusieurs \u00e9tudiants \u00e0 r\u00e9aliser leur r\u00eave d&rsquo;\u00e9tudier \u00e0 l&rsquo;\u00e9tranger.<\/span><\/p>\n<\/div><\/div><\/div>[\/vc_column][\/vc_row][vc_row][vc_column]<div class=\"cz_btn_center\"><div class=\"cz_19658_p\"><a id=\"cz_19658\" class=\"cz_19658 cz_btn cz_btn_txt_move_right cz_btn_no_fx cz_btn_icon_after\" href=\"https:\/\/www.unicoll.ca\/fr\/a-propos-de-nous\/\" title=\"\u00c0 propos de nous\"><span><strong>Apprendre encore plus<\/strong><i class=\"fa fa-long-arrow-right\"><\/i><\/span><b class=\"cz_btn_onhover\"><strong>Apprendre encore plus<\/strong><i class=\"fa fa-long-arrow-right\"><\/i><\/b><\/a><\/div><\/div><div class=\"cz_gap clr \" style=\"height: 20px\"><\/div>[\/vc_column][\/vc_row][vc_row][vc_column]<div class=\"cz_gap clr  hide_on_mobile\" style=\"height: 30px\"><\/div><div class=\"cz_gap show_on_mobile clr\" style=\"height: 30px\"><\/div>[\/vc_column][\/vc_row][vc_row][vc_column]<div id=\"cz_109962\" class=\"cz_109962 slick arrows_mlr no_dots\" data-slick='{\"selector\":\"\",\"slidesToShow\":3,\"slidesToScroll\":1,\"rows\":1,\"fade\":false,\"vertical\":false,\"verticalSwiping\":false,\"infinite\":false,\"speed\":1000,\"swipeToSlide\":true,\"centerMode\":false,\"centerPadding\":\"\",\"variableWidth\":false,\"autoplay\":false,\"autoplaySpeed\":4000,\"dots\":true,\"adaptiveHeight\":false,\"prevArrow\":\"<button type=\\\"button\\\" class=\\\"slick-prev\\\"><i class=\\\"fa czico-201-back\\\"><\\\/i><\\\/button>\",\"nextArrow\":\"<button type=\\\"button\\\" class=\\\"slick-next\\\"><i class=\\\"fa czico-188-arrows-2\\\"><\\\/i><\\\/button>\",\"responsive\":[{\"breakpoint\":769,\"settings\":{\"slidesToShow\":2,\"slidesToScroll\":1,\"touchMove\":true}},{\"breakpoint\":481,\"settings\":{\"slidesToShow\":1,\"slidesToScroll\":1,\"touchMove\":true}}]}'><div class=\"fx_shine_hover\"><a href=\"http:\/\/unicoll.ca\/career-counselling\/\"><div id=\"cz_49147\" class=\"cz_49147 services clr style11 services_b\"><div class=\"service_img\"><img width=\"600\" height=\"373\" src=\"https:\/\/www.unicoll.ca\/wp-content\/uploads\/2019\/01\/career-councelling.jpg\" class=\"service-icon attachment-full\" alt=\"\" decoding=\"async\" srcset=\"https:\/\/www.unicoll.ca\/wp-content\/uploads\/2019\/01\/career-councelling.jpg 600w, https:\/\/www.unicoll.ca\/wp-content\/uploads\/2019\/01\/career-councelling-300x187.jpg 300w\" sizes=\"(max-width: 600px) 100vw, 600px\" \/><\/div><div class=\"service_text\"><h3>Orientation professionnelle<\/h3><div class=\"cz_wpe_content\"><span style=\"font-size: 16px; color: #888888;\">Unicoll Worldwide guide les \u00e9tudiants dans l\u2019\u00e9volution de leur carri\u00e8re.<\/span><\/div><\/div><\/div><\/a><\/div><div class=\"fx_shine_hover\"><a href=\"https:\/\/www.unicoll.ca\/fr\/analyse-du-profil-de-letudiant\/\" title=\"Analyse du profil de l\u2019\u00e9tudiant\"><div id=\"cz_55828\" class=\"cz_55828 services clr style11 services_b\"><div class=\"service_img\"><img width=\"600\" height=\"373\" src=\"https:\/\/www.unicoll.ca\/wp-content\/uploads\/2019\/01\/Student_Profile_Analysis.jpg\" class=\"service-icon attachment-full\" alt=\"\" decoding=\"async\" srcset=\"https:\/\/www.unicoll.ca\/wp-content\/uploads\/2019\/01\/Student_Profile_Analysis.jpg 600w, https:\/\/www.unicoll.ca\/wp-content\/uploads\/2019\/01\/Student_Profile_Analysis-300x187.jpg 300w\" sizes=\"(max-width: 600px) 100vw, 600px\" \/><\/div><div class=\"service_text\"><h3>Analyse du profil de l'\u00e9tudiant<\/h3><div class=\"cz_wpe_content\"><span style=\"font-size: 16px; color: #888888;\">Pour postuler \u00e0 l\u2019\u00e9ducation \u00e0 l\u2019\u00e9tranger, il ne s\u2019agit pas de remplir le formulaire, mais c\u2019est beaucoup plus que cela.<\/span><\/div><\/div><\/div><\/a><\/div><div class=\"fx_shine_hover\"><a href=\"https:\/\/www.unicoll.ca\/fr\/selection-du-cours-et-de-luniversite\/\" title=\"S\u00e9lection du cours et de l\u2019universit\u00e9\"><div id=\"cz_57614\" class=\"cz_57614 services clr style11 services_b\"><div class=\"service_img\"><img width=\"600\" height=\"373\" src=\"https:\/\/www.unicoll.ca\/wp-content\/uploads\/2019\/01\/Course_University_Selection.jpg\" class=\"service-icon attachment-full\" alt=\"\" decoding=\"async\" srcset=\"https:\/\/www.unicoll.ca\/wp-content\/uploads\/2019\/01\/Course_University_Selection.jpg 600w, https:\/\/www.unicoll.ca\/wp-content\/uploads\/2019\/01\/Course_University_Selection-300x187.jpg 300w\" sizes=\"(max-width: 600px) 100vw, 600px\" \/><\/div><div class=\"service_text\"><h3>S\u00e9lection de cours et d'universit\u00e9s<\/h3><div class=\"cz_wpe_content\"><span style=\"font-size: 16px; color: #888888;\">La s\u00e9lection d&rsquo;un parcours professionnel et de l&rsquo;universit\u00e9 est la partie la plus centrale de toute la proc\u00e9dure.<\/span><\/div><\/div><\/div><\/a><\/div><\/div><div><\/div>[\/vc_column][\/vc_row][vc_row][vc_column]<div id=\"cz_109962\" class=\"cz_109962 slick arrows_mlr no_dots\" data-slick='{\"selector\":\"\",\"slidesToShow\":3,\"slidesToScroll\":1,\"rows\":1,\"fade\":false,\"vertical\":false,\"verticalSwiping\":false,\"infinite\":false,\"speed\":1000,\"swipeToSlide\":true,\"centerMode\":false,\"centerPadding\":\"\",\"variableWidth\":false,\"autoplay\":false,\"autoplaySpeed\":4000,\"dots\":true,\"adaptiveHeight\":false,\"prevArrow\":\"<button type=\\\"button\\\" class=\\\"slick-prev\\\"><i class=\\\"fa czico-201-back\\\"><\\\/i><\\\/button>\",\"nextArrow\":\"<button type=\\\"button\\\" class=\\\"slick-next\\\"><i class=\\\"fa czico-188-arrows-2\\\"><\\\/i><\\\/button>\",\"responsive\":[{\"breakpoint\":769,\"settings\":{\"slidesToShow\":2,\"slidesToScroll\":1,\"touchMove\":true}},{\"breakpoint\":481,\"settings\":{\"slidesToShow\":1,\"slidesToScroll\":1,\"touchMove\":true}}]}'><div class=\"fx_shine_hover\"><a href=\"https:\/\/www.unicoll.ca\/fr\/assistance-a-lapplication\/\" title=\"Assistance \u00e0 l\u2019application\"><div id=\"cz_104273\" class=\"cz_104273 services clr style11 services_b\"><div class=\"service_img\"><img width=\"600\" height=\"373\" src=\"https:\/\/www.unicoll.ca\/wp-content\/uploads\/2019\/01\/Application_Assistance.jpg\" class=\"service-icon attachment-full\" alt=\"\" decoding=\"async\" srcset=\"https:\/\/www.unicoll.ca\/wp-content\/uploads\/2019\/01\/Application_Assistance.jpg 600w, https:\/\/www.unicoll.ca\/wp-content\/uploads\/2019\/01\/Application_Assistance-300x187.jpg 300w\" sizes=\"(max-width: 600px) 100vw, 600px\" \/><\/div><div class=\"service_text\"><h3>Assistance \u00e0 l'application<\/h3><div class=\"cz_wpe_content\"><span style=\"font-size: 16px; color: #888888;\">L\u2019application de l\u2019\u00e9tudiant \u00e0 l\u2019universit\u00e9 refl\u00e8te son profil acad\u00e9mique, ses int\u00e9r\u00eats et sa personnalit\u00e9. En fin de compte, votre application parle beaucoup de vous.<\/span><\/div><\/div><\/div><\/a><\/div><div class=\"fx_shine_hover\"><a href=\"https:\/\/www.unicoll.ca\/fr\/aide-aux-bourses\/\" title=\"Aide aux bourses\"><div id=\"cz_21391\" class=\"cz_21391 services clr style11 services_b\"><div class=\"service_img\"><img width=\"600\" height=\"373\" src=\"https:\/\/www.unicoll.ca\/wp-content\/uploads\/2019\/01\/Scholarships.jpg\" class=\"service-icon attachment-full\" alt=\"\" decoding=\"async\" srcset=\"https:\/\/www.unicoll.ca\/wp-content\/uploads\/2019\/01\/Scholarships.jpg 600w, https:\/\/www.unicoll.ca\/wp-content\/uploads\/2019\/01\/Scholarships-300x187.jpg 300w\" sizes=\"(max-width: 600px) 100vw, 600px\" \/><\/div><div class=\"service_text\"><h3>Bourses d'\u00e9tudes<\/h3><div class=\"cz_wpe_content\"><span style=\"font-size: 16px; color: #888888;\">Unicoll Worldwide aide les \u00e9tudiants m\u00e9ritants dont les performances acad\u00e9miques sont incomparables \u00e0 trouver les bourses d\u2019\u00e9tudes pour les pays int\u00e9ress\u00e9s. <\/span><\/div><\/div><\/div><\/a><\/div><div class=\"fx_shine_hover\"><a href=\"https:\/\/www.unicoll.ca\/fr\/assistance-avant-le-depart-et-apres-larrivee\/\" title=\"Assistance avant le d\u00e9part et apr\u00e8s l\u2019arriv\u00e9e\"><div id=\"cz_100537\" class=\"cz_100537 services clr style11 services_b\"><div class=\"service_img\"><img width=\"600\" height=\"373\" src=\"https:\/\/www.unicoll.ca\/wp-content\/uploads\/2019\/01\/Pre-Departure_Arrival-Assistance.jpg\" class=\"service-icon attachment-full\" alt=\"\" decoding=\"async\" srcset=\"https:\/\/www.unicoll.ca\/wp-content\/uploads\/2019\/01\/Pre-Departure_Arrival-Assistance.jpg 600w, https:\/\/www.unicoll.ca\/wp-content\/uploads\/2019\/01\/Pre-Departure_Arrival-Assistance-300x187.jpg 300w\" sizes=\"(max-width: 600px) 100vw, 600px\" \/><\/div><div class=\"service_text\"><h3>Assistance avant le d\u00e9part et apr\u00e8s l'arriv\u00e9e<\/h3><div class=\"cz_wpe_content\"><span style=\"font-size: 16px; color: #888888;\">Notre relation ne se termine pas une fois que vous vous envolez. Tout recommence \u00e0 nouveau. Nos conseillers resteront disponibles 24h \/ 24.<\/span><\/div><\/div><\/div><\/a><\/div><\/div><div><\/div>[\/vc_column][\/vc_row][vc_row full_width=\u00a0\u00bbstretch_row\u00a0\u00bb css=\u00a0\u00bb.vc_custom_1551803555590{padding-top: 40px !important;padding-bottom: 40px !important;background-color: #cab27b !important;}\u00a0\u00bb el_class=\u00a0\u00bbh500&Prime;][vc_column width=\u00a0\u00bb1\/2&Prime;][vc_single_image image=\u00a0\u00bb1282&Prime; img_size=\u00a0\u00bbfull\u00a0\u00bb alignment=\u00a0\u00bbcenter\u00a0\u00bb][\/vc_column][vc_column width=\u00a0\u00bb1\/2&Prime;][vc_column_text]<\/p>\n<h2 style=\"font-family: 'Montserrat', sans-serif; font-size: 35px; font-weight: 900; margin-top: 150px; color: #fff;\">Chez Unicoll Worldwide, nous offrons des conseils de carri\u00e8re distingu\u00e9s aux \u00e9tudiants d\u00e9sireux et les aidons \u00e0 choisir les programmes d&rsquo;\u00e9tudes appropri\u00e9s.<\/h2>\n<p>&nbsp;<\/p>\n<p style=\"position: relative;\"><img decoding=\"async\" class=\"alignnone size-full wp-image-1283\" style=\"position: absolute; left: -60px; top: -14px;\" src=\"https:\/\/unicoll.ca\/wp-content\/uploads\/2019\/01\/round-icon.png\" alt=\"\" width=\"45\" height=\"45\" \/><\/p>\n<p style=\"color: #fff;\">Chez Unicoll Worldwide, nous offrons des conseils de carri\u00e8re distingu\u00e9s aux \u00e9tudiants d\u00e9sireux et les aidons \u00e0 choisir les programmes d&rsquo;\u00e9tudes appropri\u00e9s.<\/p>\n<p>[\/vc_column_text][\/vc_column][\/vc_row][vc_row][vc_column]<div class=\"cz_eqh cz_content_box_parent_fx  \"><div id=\"cz_37697\" class=\"cz_37697 cz_content_box clr\"><div class=\"cz_box_front clr\"><div class=\"cz_box_front_inner clr \"><span><\/span><div>[vc_row_inner][vc_column_inner offset=\u00a0\u00bbvc_col-md-8&Prime;]<div id=\"cz_62284\" class=\"cz_62284 cz_title clr cz_mobile_text_center cz_title_has_icon cz_title_pos_inline\"><div class=\"cz_title_content\"><i class=\"cz_title_icon_before fa czico-092-phone-call-1\"><\/i><div class=\"cz_wpe_content\"><h3><span style=\"color: #ffffff;\">Parlons de votre carri\u00e8re<\/span><\/h3>\n<\/div><\/div><\/div>[\/vc_column_inner][vc_column_inner offset=\u00a0\u00bbvc_col-md-4&Prime;]<div class=\"cz_btn_center\"><div class=\"cz_105860_p\"><a id=\"cz_105860\" class=\"cz_105860 cz_btn cz_btn_txt_no_fx cz_btn_fill_right\" href=\"http:\/\/+1416891-0909\"><span><strong>Call us \t +1 (416) 891-0909<\/strong><\/span><b class=\"cz_btn_onhover\"><strong>Call us \t +1 (416) 891-0909<\/strong><\/b><\/a><\/div><\/div>[\/vc_column_inner][\/vc_row_inner]<\/div><\/div><\/div><\/div><\/div>[\/vc_column][\/vc_row][vc_row][vc_column]<div class=\"cz_gap clr \" style=\"height: 40px\"><\/div>[\/vc_column][\/vc_row]<\/p>\n","protected":false},"excerpt":{"rendered":"<p>[vc_row full_width=\u00a0\u00bbstretch_row_content\u00a0\u00bb][vc_column][\/vc_column][\/vc_row][vc_row][vc_column][\/vc_column][\/vc_row][vc_row][vc_column][\/vc_column][\/vc_row][vc_row][vc_column][\/vc_column][\/vc_row][vc_row][vc_column][\/vc_column][\/vc_row][vc_row][vc_column][\/vc_column][\/vc_row][vc_row full_width=\u00a0\u00bbstretch_row\u00a0\u00bb css=\u00a0\u00bb.vc_custom_1551803555590{padding-top: 40px !important;padding-bottom: 40px !important;background-color: #cab27b !important;}\u00a0\u00bb el_class=\u00a0\u00bbh500&Prime;][vc_column width=\u00a0\u00bb1\/2&Prime;][vc_single_image image=\u00a0\u00bb1282&Prime; img_size=\u00a0\u00bbfull\u00a0\u00bb alignment=\u00a0\u00bbcenter\u00a0\u00bb][\/vc_column][vc_column width=\u00a0\u00bb1\/2&Prime;][vc_column_text] Chez Unicoll Worldwide, nous &#8230; <\/p>\n","protected":false},"author":1,"featured_media":0,"parent":0,"menu_order":0,"comment_status":"closed","ping_status":"closed","template":"","meta":{"inline_featured_image":false},"_links":{"self":[{"href":"https:\/\/www.unicoll.ca\/fr\/wp-json\/wp\/v2\/pages\/2008\/"}],"collection":[{"href":"https:\/\/www.unicoll.ca\/fr\/wp-json\/wp\/v2\/pages\/"}],"about":[{"href":"https:\/\/www.unicoll.ca\/fr\/wp-json\/wp\/v2\/types\/page\/"}],"author":[{"embeddable":true,"href":"https:\/\/www.unicoll.ca\/fr\/wp-json\/wp\/v2\/users\/1\/"}],"replies":[{"embeddable":true,"href":"https:\/\/www.unicoll.ca\/fr\/wp-json\/wp\/v2\/comments\/?post=2008"}],"version-history":[{"count":3,"href":"https:\/\/www.unicoll.ca\/fr\/wp-json\/wp\/v2\/pages\/2008\/revisions\/"}],"predecessor-version":[{"id":2441,"href":"https:\/\/www.unicoll.ca\/fr\/wp-json\/wp\/v2\/pages\/2008\/revisions\/2441\/"}],"wp:attachment":[{"href":"https:\/\/www.unicoll.ca\/fr\/wp-json\/wp\/v2\/media\/?parent=2008"}],"curies":[{"name":"wp","href":"https:\/\/api.w.org\/{rel}","templated":true}]}}