{"id":1981,"date":"2019-09-01T17:21:11","date_gmt":"2019-09-01T17:21:11","guid":{"rendered":"https:\/\/www.unicoll.ca\/?page_id=1981"},"modified":"2019-09-01T17:21:11","modified_gmt":"2019-09-01T17:21:11","slug":"termes-et-conditions","status":"publish","type":"page","link":"https:\/\/www.unicoll.ca\/fr\/termes-et-conditions\/","title":{"rendered":"Termes et conditions"},"content":{"rendered":"<ul>\n<li style=\"font-weight: 400;\"><span style=\"font-weight: 400;\">Je d\u00e9clare n&rsquo;avoir jamais postul\u00e9 \u00e0 une universit\u00e9 ou \u00e0 un coll\u00e8ge, que ce soit directement ou par l&rsquo;interm\u00e9diaire d&rsquo;une agence.<\/span><\/li>\n<li style=\"font-weight: 400;\"><span style=\"font-weight: 400;\">Je confirme avoir \u00e9t\u00e9 conseill\u00e9 par Unicoll Worldwide sur tous les aspects de mon \u00e9ducation internationale et sur mes perspectives de carri\u00e8re. Unicoll Worldwide est autoris\u00e9 \u00e0 repr\u00e9senter ma candidature sur toutes les questions li\u00e9es \u00e0 mon admission et \u00e0 mon int\u00e9r\u00eat aupr\u00e8s des instituts internationaux.<\/span><\/li>\n<li style=\"font-weight: 400;\"><span style=\"font-weight: 400;\">Unicoll Worldwide est autoris\u00e9 \u00e0 partager toute information relative \u00e0 mon \u00e9ducation internationale \u00e0 tout \u00e9tablissement d&rsquo;enseignement \u00e0 l&rsquo;\u00e9tranger et \u00e0 lui permettre de partager des mises \u00e0 jour avec moi si n\u00e9cessaire.<\/span><\/li>\n<li style=\"font-weight: 400;\"><span style=\"font-weight: 400;\">Je comprends que les programmes et les cours auxquels je postulerai dans des universit\u00e9s \u00e9trang\u00e8res sont bas\u00e9s sur et sont administr\u00e9s selon les termes et conditions et normes de qualification fix\u00e9s par les instituts respectifs. Le service offert par Unicoll Worldwide se limite \u00e0 aider les \u00e9tudiants \u00e0 obtenir leur admission dans les instituts.<\/span><\/li>\n<li style=\"font-weight: 400;\"><span style=\"font-weight: 400;\">Je valide que les programmes et les cours de mes \u00e9tudes sont vus et compris par moi.<\/span><\/li>\n<li style=\"font-weight: 400;\"><span style=\"font-weight: 400;\">Je conviens qu&rsquo;Unicoll Worldwide ne promet d&rsquo;admission dans aucun institut et n&rsquo;est pas responsable en cas de refus ou de refus pour quelque raison que ce soit. Unicoll Worldwide ne peut \u00eatre tenu pour responsable dans de telles circonstances et aucune r\u00e9clamation d&rsquo;aucune sorte ne sera prise en compte.<\/span><\/li>\n<\/ul>\n","protected":false},"excerpt":{"rendered":"<p>Je d\u00e9clare n&rsquo;avoir jamais postul\u00e9 \u00e0 une universit\u00e9 ou \u00e0 un coll\u00e8ge, que ce soit directement ou par l&rsquo;interm\u00e9diaire d&rsquo;une &#8230; <\/p>\n","protected":false},"author":1,"featured_media":0,"parent":0,"menu_order":0,"comment_status":"closed","ping_status":"closed","template":"","meta":{"inline_featured_image":false},"_links":{"self":[{"href":"https:\/\/www.unicoll.ca\/fr\/wp-json\/wp\/v2\/pages\/1981\/"}],"collection":[{"href":"https:\/\/www.unicoll.ca\/fr\/wp-json\/wp\/v2\/pages\/"}],"about":[{"href":"https:\/\/www.unicoll.ca\/fr\/wp-json\/wp\/v2\/types\/page\/"}],"author":[{"embeddable":true,"href":"https:\/\/www.unicoll.ca\/fr\/wp-json\/wp\/v2\/users\/1\/"}],"replies":[{"embeddable":true,"href":"https:\/\/www.unicoll.ca\/fr\/wp-json\/wp\/v2\/comments\/?post=1981"}],"version-history":[{"count":2,"href":"https:\/\/www.unicoll.ca\/fr\/wp-json\/wp\/v2\/pages\/1981\/revisions\/"}],"predecessor-version":[{"id":1984,"href":"https:\/\/www.unicoll.ca\/fr\/wp-json\/wp\/v2\/pages\/1981\/revisions\/1984\/"}],"wp:attachment":[{"href":"https:\/\/www.unicoll.ca\/fr\/wp-json\/wp\/v2\/media\/?parent=1981"}],"curies":[{"name":"wp","href":"https:\/\/api.w.org\/{rel}","templated":true}]}}