{"id":1973,"date":"2019-09-01T17:15:12","date_gmt":"2019-09-01T17:15:12","guid":{"rendered":"https:\/\/www.unicoll.ca\/?page_id=1973"},"modified":"2019-09-01T17:15:12","modified_gmt":"2019-09-01T17:15:12","slug":"aide-aux-bourses","status":"publish","type":"page","link":"https:\/\/www.unicoll.ca\/fr\/aide-aux-bourses\/","title":{"rendered":"Aide aux bourses"},"content":{"rendered":"<p><span style=\"font-weight: 400;\">Unicoll Worldwide aide les \u00e9tudiants m\u00e9ritants dont les performances acad\u00e9miques sont incomparables \u00e0 trouver les bourses d&rsquo;\u00e9tudes pour les pays int\u00e9ress\u00e9s. C&rsquo;est parce que les universit\u00e9s avec lesquelles nous sommes li\u00e9s aiment toujours accepter les \u00e9tudiants avec des r\u00e9sultats acad\u00e9miques m\u00e9ritoires. Les points cl\u00e9s sur la fa\u00e7on dont nous aidons les \u00e9tudiants sont les suivants:<\/span><\/p>\n<ul>\n<li style=\"font-weight: 400;\"><span style=\"font-weight: 400;\">Demandez aux \u00e9tudiants quels sont leurs besoins et trouvez les bourses correspondant \u00e0 leurs int\u00e9r\u00eats acad\u00e9miques.<\/span><\/li>\n<li style=\"font-weight: 400;\"><span style=\"font-weight: 400;\">Mettez l&rsquo;\u00e9tudiant au courant des cours propos\u00e9s par l&rsquo;universit\u00e9 avec les bourses.<\/span><\/li>\n<li style=\"font-weight: 400;\"><span style=\"font-weight: 400;\">Repr\u00e9senter la demande de bourse de l\u2019\u00e9tudiant aupr\u00e8s des universit\u00e9s avec lesquelles nous sommes li\u00e9s.<\/span><\/li>\n<\/ul>\n","protected":false},"excerpt":{"rendered":"<p>Unicoll Worldwide aide les \u00e9tudiants m\u00e9ritants dont les performances acad\u00e9miques sont incomparables \u00e0 trouver les bourses d&rsquo;\u00e9tudes pour les pays &#8230; <\/p>\n","protected":false},"author":1,"featured_media":0,"parent":0,"menu_order":0,"comment_status":"closed","ping_status":"closed","template":"","meta":{"inline_featured_image":false},"_links":{"self":[{"href":"https:\/\/www.unicoll.ca\/fr\/wp-json\/wp\/v2\/pages\/1973\/"}],"collection":[{"href":"https:\/\/www.unicoll.ca\/fr\/wp-json\/wp\/v2\/pages\/"}],"about":[{"href":"https:\/\/www.unicoll.ca\/fr\/wp-json\/wp\/v2\/types\/page\/"}],"author":[{"embeddable":true,"href":"https:\/\/www.unicoll.ca\/fr\/wp-json\/wp\/v2\/users\/1\/"}],"replies":[{"embeddable":true,"href":"https:\/\/www.unicoll.ca\/fr\/wp-json\/wp\/v2\/comments\/?post=1973"}],"version-history":[{"count":2,"href":"https:\/\/www.unicoll.ca\/fr\/wp-json\/wp\/v2\/pages\/1973\/revisions\/"}],"predecessor-version":[{"id":1976,"href":"https:\/\/www.unicoll.ca\/fr\/wp-json\/wp\/v2\/pages\/1973\/revisions\/1976\/"}],"wp:attachment":[{"href":"https:\/\/www.unicoll.ca\/fr\/wp-json\/wp\/v2\/media\/?parent=1973"}],"curies":[{"name":"wp","href":"https:\/\/api.w.org\/{rel}","templated":true}]}}