{"id":1968,"date":"2019-09-01T17:11:20","date_gmt":"2019-09-01T17:11:20","guid":{"rendered":"https:\/\/www.unicoll.ca\/?page_id=1968"},"modified":"2019-09-01T17:11:20","modified_gmt":"2019-09-01T17:11:20","slug":"assistance-avant-le-depart-et-apres-larrivee","status":"publish","type":"page","link":"https:\/\/www.unicoll.ca\/fr\/assistance-avant-le-depart-et-apres-larrivee\/","title":{"rendered":"Assistance avant le d\u00e9part et apr\u00e8s l&rsquo;arriv\u00e9e"},"content":{"rendered":"<h2><b>Briefing pr\u00e9-d\u00e9part<\/b><\/h2>\n<p><span style=\"font-weight: 400;\">Unicoll Worldwide, gardant \u00e0 l\u2019esprit que les \u00e9tudiants iront peut-\u00eatre \u00e0 l\u2019\u00e9tranger pour la premi\u00e8re fois, organise des s\u00e9minaires de pr\u00e9-d\u00e9part \u00e0 l\u2019intention des \u00e9tudiants et des parents afin de dissiper leurs doutes et leurs questions avant leur embarquement sur un vol \u00e0 destination du pays de destination. Nous enseignons aux \u00e9tudiants quoi faire, \u00e0 qui s&rsquo;adresser une fois arriv\u00e9s aux arriv\u00e9es. Nous nous effor\u00e7ons de ne rien n\u00e9gliger et de veiller \u00e0 ce que les \u00e9tudiants atteignent leurs coll\u00e8ges \/ universit\u00e9s sans tracas. \u00c9duquer les \u00e9l\u00e8ves sur les choses \u00e0 faire et \u00e0 ne pas faire fait partie de la r\u00e9union d\u2019information avant le d\u00e9part. Quelques points importants de briefing pr\u00e9-d\u00e9part:<\/span><\/p>\n<ul>\n<li style=\"font-weight: 400;\"><span style=\"font-weight: 400;\">Ces s\u00e9minaires aident les \u00e9tudiants \u00e0 g\u00e9rer les a\u00e9roports, les transports en commun, les atterrissages et les bagages.<\/span><\/li>\n<li style=\"font-weight: 400;\"><span style=\"font-weight: 400;\">Inviter les \u00e9tudiants en visite en Inde \u00e0 partager leurs r\u00e9flexions avec les \u00e9tudiants et les parents avant le d\u00e9part.<\/span><\/li>\n<li style=\"font-weight: 400;\"><span style=\"font-weight: 400;\">En cas d&rsquo;urgence ou n\u00e9cessitant une assistance quelconque pendant le voyage, nous fournissons aux \u00e9tudiants un num\u00e9ro de contact accessible 24h \/ 24.<\/span><\/li>\n<li style=\"font-weight: 400;\"><span style=\"font-weight: 400;\">Un manuel de la liste de contr\u00f4le est distribu\u00e9 aux \u00e9tudiants, contenant les directives en fonction du pays dans lequel ils se rendent.<\/span><\/li>\n<\/ul>\n<h2><b>Assistance apr\u00e8s l&rsquo;arriv\u00e9e<\/b><\/h2>\n<p><span style=\"font-weight: 400;\">Notre communication avec l&rsquo;\u00e9tudiant ne se termine pas une fois qu&rsquo;il a pris le vol, il recommence. Nos experts sont disponibles jour et nuit pour veiller \u00e0 ce que les \u00e9tudiants rencontrent des obstacles tout le temps. Nombre de nos experts ayant visit\u00e9 ces pays aideront les \u00e9tudiants \u00e0 choisir les meilleures options de transport pour l\u2019a\u00e9roport, les lieux de transfert d\u2019argent, les emplois \u00e0 temps partiel, les centres m\u00e9dicaux, etc. Nous accueillons toujours les parents s\u2019ils ont des questions au sujet de leur service.<\/span><\/p>\n<p><span style=\"font-weight: 400;\">Nous faisons de notre mieux pour r\u00e9gler certains probl\u00e8mes fondamentaux tels que le mal du pays en mettant les \u00e9tudiants en contact avec leurs a\u00een\u00e9s ou des \u00e9tudiants d\u00e9j\u00e0 pr\u00e9sents dans ce pays. La pr\u00e9sence de tels compagnons pourrait \u00eatre b\u00e9n\u00e9fique \u00e0 l&rsquo;\u00e9tranger et les \u00e9tudiants apprendront une nouvelle fa\u00e7on de faire face aux sc\u00e9narios.<\/span><\/p>\n","protected":false},"excerpt":{"rendered":"<p>Briefing pr\u00e9-d\u00e9part Unicoll Worldwide, gardant \u00e0 l\u2019esprit que les \u00e9tudiants iront peut-\u00eatre \u00e0 l\u2019\u00e9tranger pour la premi\u00e8re fois, organise des &#8230; <\/p>\n","protected":false},"author":1,"featured_media":0,"parent":0,"menu_order":0,"comment_status":"closed","ping_status":"closed","template":"","meta":{"inline_featured_image":false},"_links":{"self":[{"href":"https:\/\/www.unicoll.ca\/fr\/wp-json\/wp\/v2\/pages\/1968\/"}],"collection":[{"href":"https:\/\/www.unicoll.ca\/fr\/wp-json\/wp\/v2\/pages\/"}],"about":[{"href":"https:\/\/www.unicoll.ca\/fr\/wp-json\/wp\/v2\/types\/page\/"}],"author":[{"embeddable":true,"href":"https:\/\/www.unicoll.ca\/fr\/wp-json\/wp\/v2\/users\/1\/"}],"replies":[{"embeddable":true,"href":"https:\/\/www.unicoll.ca\/fr\/wp-json\/wp\/v2\/comments\/?post=1968"}],"version-history":[{"count":2,"href":"https:\/\/www.unicoll.ca\/fr\/wp-json\/wp\/v2\/pages\/1968\/revisions\/"}],"predecessor-version":[{"id":1971,"href":"https:\/\/www.unicoll.ca\/fr\/wp-json\/wp\/v2\/pages\/1968\/revisions\/1971\/"}],"wp:attachment":[{"href":"https:\/\/www.unicoll.ca\/fr\/wp-json\/wp\/v2\/media\/?parent=1968"}],"curies":[{"name":"wp","href":"https:\/\/api.w.org\/{rel}","templated":true}]}}