{"id":1963,"date":"2019-09-01T17:06:40","date_gmt":"2019-09-01T17:06:40","guid":{"rendered":"https:\/\/www.unicoll.ca\/?page_id=1963"},"modified":"2019-09-01T17:06:40","modified_gmt":"2019-09-01T17:06:40","slug":"selection-du-cours-et-de-luniversite","status":"publish","type":"page","link":"https:\/\/www.unicoll.ca\/fr\/selection-du-cours-et-de-luniversite\/","title":{"rendered":"S\u00e9lection du cours et de l&rsquo;universit\u00e9"},"content":{"rendered":"<p>[vc_row][vc_column]<div id=\"cz_77696\" class=\"cz_77696 cz_title clr cz_title_pos_inline\"><div class=\"cz_title_shape shape_rhombus_radius cz_title_shape_outline cz_shape_1\"><\/div><div class=\"cz_title_content\"><div class=\"cz_wpe_content\"><div style=\"line-height: 2;\"><em><span style=\"color: #808080; font-size: 18px; font-weight: 300;\">S\u00e9lection et assistance<\/span><\/em><\/div>\n<h3><span style=\"font-size: 38px;\">S\u00e9lection de cours \/ universit\u00e9 et assistance \u00e0 l&rsquo;admission <\/span><\/h3>\n<\/div><\/div><\/div>[vc_column_text]Avec un conseil personnalis\u00e9 \u00e0 un moment agr\u00e9able, l\u2019\u00e9tudiant sera en mesure de d\u00e9terminer quel cours de carri\u00e8re, universit\u00e9 et pays est le mieux adapt\u00e9 \u00e0 ses forces personnelles et financi\u00e8res. Notre association avec des universit\u00e9s de renomm\u00e9e mondiale nous aide \u00e0 offrir aux \u00e9tudiants des bourses exclusives, des applications sans obstacle, des correspondances rapides et des r\u00e9sultats optimistes en mati\u00e8re de demandes de visa pour nos estim\u00e9s \u00e9tudiants. Nous nous assurons que votre voyage avec nous jusqu&rsquo;\u00e0 ce que vous commenciez \u00e0 fr\u00e9quenter l&rsquo;universit\u00e9 soit aussi simple que possible.[\/vc_column_text]<div class=\"cz_gap clr \" style=\"height: 30px\"><\/div>[vc_column_text]<span style=\"font-weight: 400;\">La s\u00e9lection d&rsquo;un parcours professionnel et de l&rsquo;universit\u00e9 est la partie la plus centrale de toute la proc\u00e9dure. Vos chances de r\u00e9aliser vos r\u00eaves d\u00e9pendent fortement du coll\u00e8ge \/ universit\u00e9 choisi et du choix de carri\u00e8re choisi. C\u2019est \u00e0 ce moment-l\u00e0 que nous entrons dans l\u2019image et que nous jouons un r\u00f4le crucial dans l\u2019\u00e9ducation des parents et des \u00e9l\u00e8ves, car ils ne sont peut-\u00eatre pas au courant des meilleures options acad\u00e9miques disponibles.<\/span><\/p>\n<p><span style=\"font-weight: 400;\">Chez Unicoll Worldwide, nous surveillons de pr\u00e8s les derniers crit\u00e8res d\u2019admission, les offres faites par les universit\u00e9s \/ coll\u00e8ges, leurs r\u00e8gles d\u2019acceptation, les attentes des \u00e9tudiants par rapport aux coll\u00e8ges \/ universit\u00e9s et les crit\u00e8res de m\u00e9rite.<\/span><\/p>\n<p><span style=\"font-weight: 400;\">Nos conseillers experts jaugent les forces de l\u2019\u00e9tudiant, leurs exigences et les font correspondre aux universit\u00e9s disponibles pour un maximum de chances d\u2019\u00eatre admis.<\/span><\/p>\n<p><span style=\"font-weight: 400;\">Avec Unicoll Worldwide, avec l\u2019aide de nos experts et une exploration approfondie, offre aux \u00e9tudiants un catalogue des coll\u00e8ges et universit\u00e9s pr\u00e9sentant une forte probabilit\u00e9 d\u2019admission et une possibilit\u00e9 d\u2019aide financi\u00e8re.<\/span>[\/vc_column_text][\/vc_column][\/vc_row]<\/p>\n","protected":false},"excerpt":{"rendered":"<p>[vc_row][vc_column][vc_column_text]Avec un conseil personnalis\u00e9 \u00e0 un moment agr\u00e9able, l\u2019\u00e9tudiant sera en mesure de d\u00e9terminer quel cours de carri\u00e8re, universit\u00e9 et &#8230; <\/p>\n","protected":false},"author":1,"featured_media":0,"parent":0,"menu_order":0,"comment_status":"closed","ping_status":"closed","template":"","meta":{"inline_featured_image":false},"_links":{"self":[{"href":"https:\/\/www.unicoll.ca\/fr\/wp-json\/wp\/v2\/pages\/1963\/"}],"collection":[{"href":"https:\/\/www.unicoll.ca\/fr\/wp-json\/wp\/v2\/pages\/"}],"about":[{"href":"https:\/\/www.unicoll.ca\/fr\/wp-json\/wp\/v2\/types\/page\/"}],"author":[{"embeddable":true,"href":"https:\/\/www.unicoll.ca\/fr\/wp-json\/wp\/v2\/users\/1\/"}],"replies":[{"embeddable":true,"href":"https:\/\/www.unicoll.ca\/fr\/wp-json\/wp\/v2\/comments\/?post=1963"}],"version-history":[{"count":1,"href":"https:\/\/www.unicoll.ca\/fr\/wp-json\/wp\/v2\/pages\/1963\/revisions\/"}],"predecessor-version":[{"id":1966,"href":"https:\/\/www.unicoll.ca\/fr\/wp-json\/wp\/v2\/pages\/1963\/revisions\/1966\/"}],"wp:attachment":[{"href":"https:\/\/www.unicoll.ca\/fr\/wp-json\/wp\/v2\/media\/?parent=1963"}],"curies":[{"name":"wp","href":"https:\/\/api.w.org\/{rel}","templated":true}]}}