{"id":1959,"date":"2019-09-01T17:00:49","date_gmt":"2019-09-01T17:00:49","guid":{"rendered":"https:\/\/www.unicoll.ca\/?page_id=1959"},"modified":"2019-09-01T17:00:49","modified_gmt":"2019-09-01T17:00:49","slug":"analyse-du-profil-de-letudiant","status":"publish","type":"page","link":"https:\/\/www.unicoll.ca\/fr\/analyse-du-profil-de-letudiant\/","title":{"rendered":"Analyse du profil de l&rsquo;\u00e9tudiant"},"content":{"rendered":"<p>[vc_row][vc_column][vc_column_text]<span style=\"font-weight: 400;\">Lorsque vous postulez pour une formation \u00e0 l&rsquo;\u00e9tranger, il ne s&rsquo;agit pas de remplir le formulaire, mais c&rsquo;est beaucoup plus que cela. Atterrir dans un comt\u00e9 ou opter pour un cursus de carri\u00e8re qui ne r\u00e9pond pas aux exigences d\u2019un \u00e9l\u00e8ve peut \u00eatre stressant.<\/span><\/p>\n<p><span style=\"font-weight: 400;\">Chez Unicoll Worldwide, nous invitons les \u00e9tudiants \u00e0 une planification globale de leur carri\u00e8re et \u00e0 leur pays, car nos professionnels les guident en fonction des exigences correspondantes en fonction de leurs int\u00e9r\u00eats acad\u00e9miques et de l&rsquo;universit\u00e9 la mieux adapt\u00e9e. Avant de proposer aux \u00e9tudiants une universit\u00e9 et une formation, nos experts proc\u00e8dent \u00e0 une analyse approfondie de leurs qualifications et de leurs aspirations, puis sugg\u00e8rent les options appropri\u00e9es. Nous comprenons vraiment que cette d\u00e9cision fa\u00e7onnera votre carri\u00e8re et n\u2019ignorera aucun angle.<\/span>[\/vc_column_text][vc_column_text]<\/p>\n<h3>Comment on fait<\/h3>\n<p><span style=\"font-size: 18px;\">Nos experts \u00e9valuent le formulaire d\u2019information soumis par les \u00e9tudiants et recommandent respectivement les cours de carri\u00e8re et le pays de leur choix. Nous informons \u00e9galement les \u00e9tudiants des dates et des d\u00e9lais d&rsquo;admission, des politiques et proc\u00e9dures des coll\u00e8ges et universit\u00e9s, des frais de scolarit\u00e9, etc.<\/span><\/p>\n<p><span style=\"font-size: 18px;\">Nous croyons en la n\u00e9cessit\u00e9 de fournir aux \u00e9l\u00e8ves et aux parents un conseil objectif dans le pays d\u2019\u00e9tude, les institutions et le programme de leur choix.<\/span><\/p>\n<p><span style=\"font-size: 18px;\">Nous aidons les candidats dans la proc\u00e9dure d&rsquo;admission jusqu&rsquo;\u00e0 ce qu&rsquo;ils commencent \u00e0 fr\u00e9quenter l&rsquo;universit\u00e9.<\/span>[\/vc_column_text][\/vc_column][\/vc_row]<\/p>\n","protected":false},"excerpt":{"rendered":"<p>[vc_row][vc_column][vc_column_text]Lorsque vous postulez pour une formation \u00e0 l&rsquo;\u00e9tranger, il ne s&rsquo;agit pas de remplir le formulaire, mais c&rsquo;est beaucoup plus &#8230; <\/p>\n","protected":false},"author":1,"featured_media":0,"parent":0,"menu_order":0,"comment_status":"closed","ping_status":"closed","template":"","meta":{"inline_featured_image":false},"_links":{"self":[{"href":"https:\/\/www.unicoll.ca\/fr\/wp-json\/wp\/v2\/pages\/1959\/"}],"collection":[{"href":"https:\/\/www.unicoll.ca\/fr\/wp-json\/wp\/v2\/pages\/"}],"about":[{"href":"https:\/\/www.unicoll.ca\/fr\/wp-json\/wp\/v2\/types\/page\/"}],"author":[{"embeddable":true,"href":"https:\/\/www.unicoll.ca\/fr\/wp-json\/wp\/v2\/users\/1\/"}],"replies":[{"embeddable":true,"href":"https:\/\/www.unicoll.ca\/fr\/wp-json\/wp\/v2\/comments\/?post=1959"}],"version-history":[{"count":1,"href":"https:\/\/www.unicoll.ca\/fr\/wp-json\/wp\/v2\/pages\/1959\/revisions\/"}],"predecessor-version":[{"id":1962,"href":"https:\/\/www.unicoll.ca\/fr\/wp-json\/wp\/v2\/pages\/1959\/revisions\/1962\/"}],"wp:attachment":[{"href":"https:\/\/www.unicoll.ca\/fr\/wp-json\/wp\/v2\/media\/?parent=1959"}],"curies":[{"name":"wp","href":"https:\/\/api.w.org\/{rel}","templated":true}]}}