{"id":1953,"date":"2019-09-01T16:57:20","date_gmt":"2019-09-01T16:57:20","guid":{"rendered":"https:\/\/www.unicoll.ca\/?page_id=1953"},"modified":"2019-09-01T16:57:20","modified_gmt":"2019-09-01T16:57:20","slug":"orientation-professionnelle","status":"publish","type":"page","link":"https:\/\/www.unicoll.ca\/fr\/orientation-professionnelle\/","title":{"rendered":"Orientation professionnelle"},"content":{"rendered":"<p>[vc_row][vc_column][vc_column_text]Lorsqu\u2019il s\u2019agit de choisir votre carri\u00e8re \u00e0 l\u2019\u00e9tranger, il est important de mentionner \u00abVotre avenir d\u00e9pend de ce que vous faites aujourd\u2019hui\u00bb. \u00c0 Unicoll Worldwide, nous formons les \u00e9tudiants dans l\u2019ensemble du d\u00e9veloppement de leur carri\u00e8re.<\/p>\n<p>Nous aidons les \u00e9tudiants \u00e0 choisir le meilleur pays d\u2019\u00e9tudes, le cours \u00e0 choisir pour une meilleure carri\u00e8re, des coll\u00e8ges et universit\u00e9s reconnus dot\u00e9s d\u2019une excellente exp\u00e9rience en mati\u00e8re de placement. Les choisir peut \u00eatre parfois d\u00e9licat et notre \u00e9quipe comp\u00e9tente aide les aspirants \u00e0 g\u00e9rer facilement ces situations.<\/p>\n<p>Nos conseillers professionnels s&rsquo;efforcent de guider les \u00e9tudiants en tenant compte de leurs priorit\u00e9s et de leurs ambitions.<br \/>\n[\/vc_column_text][vc_column_text]<\/p>\n<h3>Comment le counselling de carri\u00e8re peut aider<\/h3>\n<p><span style=\"font-size: 18px;\">Chez Unicoll Worldwide, nous guidons les \u00e9tudiants dans l\u2019exploration de leurs comp\u00e9tences et de leurs points forts, ainsi que des conseils sur les parcours professionnels en fonction de leurs int\u00e9r\u00eats et de leur personnalit\u00e9. Les \u00e9tudiants peuvent \u00e9galement s&rsquo;inscrire \u00e0 un test d&rsquo;aptitude pour choisir leur cheminement de carri\u00e8re.<br \/>\n<\/span><\/p>\n<p><span style=\"font-size: 18px;\">Quelques points importants en mati\u00e8re d\u2019orientation professionnelle:<\/span>[\/vc_column_text]<ul id=\"cz_48068\" class=\"cz_48068 cz_stylish_list clr cz_sl_icon_hover_zoom_in\"><li class=\"clr\"><div class=\"cz_sl_icon\"><i class=\"fa fa-check mr10\"><\/i><\/div><div><span>Comp\u00e9tences ou talents pr\u00e9cis. Dans quelles carri\u00e8res pourraient-ils \u00eatre utiles?<\/span><\/div><\/li><li class=\"clr\"><div class=\"cz_sl_icon\"><i class=\"fa fa-check mr10\"><\/i><\/div><div><span>L'engagement p\u00e9dagogique requis pour diverses carri\u00e8res<\/span><\/div><\/li><li class=\"clr\"><div class=\"cz_sl_icon\"><i class=\"fa fa-check mr10\"><\/i><\/div><div><span>Les gains potentiels de diverses carri\u00e8res<\/span><\/div><\/li><li class=\"clr\"><div class=\"cz_sl_icon\"><i class=\"fa czico-104-tick mr10\"><\/i><\/div><div><span>Les opportunit\u00e9s de changement ou d'avancement dans une carri\u00e8re donn\u00e9e. Certaines carri\u00e8res sont plus flexibles que d'autres. Les avocats et les m\u00e9decins, par exemple, peuvent changer d'orientation ou de domaine de sp\u00e9cialit\u00e9 mais resteront g\u00e9n\u00e9ralement avocats et m\u00e9decins. D'autres carri\u00e8res ou parcours d'\u00e9tudes pourraient davantage permettre la mobilit\u00e9 entre des postes dans un domaine donn\u00e9.<\/span><\/div><\/li><li class=\"clr\"><div class=\"cz_sl_icon\"><i class=\"fa czico-104-tick mr10\"><\/i><\/div><div><span>Les comp\u00e9tences et l'\u00e9ducation n\u00e9cessaires pour une carri\u00e8re d\u00e9sir\u00e9e<\/span><\/div><\/li><\/ul>[\/vc_column][\/vc_row]<\/p>\n","protected":false},"excerpt":{"rendered":"<p>[vc_row][vc_column][vc_column_text]Lorsqu\u2019il s\u2019agit de choisir votre carri\u00e8re \u00e0 l\u2019\u00e9tranger, il est important de mentionner \u00abVotre avenir d\u00e9pend de ce que vous &#8230; <\/p>\n","protected":false},"author":1,"featured_media":0,"parent":0,"menu_order":0,"comment_status":"closed","ping_status":"closed","template":"","meta":{"inline_featured_image":false},"_links":{"self":[{"href":"https:\/\/www.unicoll.ca\/fr\/wp-json\/wp\/v2\/pages\/1953\/"}],"collection":[{"href":"https:\/\/www.unicoll.ca\/fr\/wp-json\/wp\/v2\/pages\/"}],"about":[{"href":"https:\/\/www.unicoll.ca\/fr\/wp-json\/wp\/v2\/types\/page\/"}],"author":[{"embeddable":true,"href":"https:\/\/www.unicoll.ca\/fr\/wp-json\/wp\/v2\/users\/1\/"}],"replies":[{"embeddable":true,"href":"https:\/\/www.unicoll.ca\/fr\/wp-json\/wp\/v2\/comments\/?post=1953"}],"version-history":[{"count":2,"href":"https:\/\/www.unicoll.ca\/fr\/wp-json\/wp\/v2\/pages\/1953\/revisions\/"}],"predecessor-version":[{"id":1958,"href":"https:\/\/www.unicoll.ca\/fr\/wp-json\/wp\/v2\/pages\/1953\/revisions\/1958\/"}],"wp:attachment":[{"href":"https:\/\/www.unicoll.ca\/fr\/wp-json\/wp\/v2\/media\/?parent=1953"}],"curies":[{"name":"wp","href":"https:\/\/api.w.org\/{rel}","templated":true}]}}