{"id":1942,"date":"2019-09-01T17:13:38","date_gmt":"2019-09-01T17:13:38","guid":{"rendered":"https:\/\/www.unicoll.ca\/?page_id=1942"},"modified":"2019-09-01T17:13:38","modified_gmt":"2019-09-01T17:13:38","slug":"assistance-a-lapplication","status":"publish","type":"page","link":"https:\/\/www.unicoll.ca\/fr\/assistance-a-lapplication\/","title":{"rendered":"Assistance \u00e0 l&rsquo;application"},"content":{"rendered":"<p>[vc_row][vc_column][vc_column_text]L\u2019application de l\u2019\u00e9tudiant \u00e0 l\u2019universit\u00e9 refl\u00e8te son profil acad\u00e9mique, ses int\u00e9r\u00eats et sa personnalit\u00e9. En fin de compte, votre application parle beaucoup de vous. Par le biais de cette candidature, une universit\u00e9 a la possibilit\u00e9 de conna\u00eetre les ant\u00e9c\u00e9dents d\u2019un \u00e9tudiant, ce qui les aide \u00e9galement \u00e0 pr\u00e9s\u00e9lectionner une candidature. Nos experts accompagnent les \u00e9tudiants dans la conception de leur curriculum vitae, de leur d\u00e9claration de mission (SOP), de leurs lettres de recommandation (LOR) et autres documents demand\u00e9s, qui sont les facteurs cl\u00e9s pour obtenir la liste des candidats retenus. Nous aidons \u00e9galement les \u00e9tudiants \u00e0 remplir les formulaires de demande.[\/vc_column_text][\/vc_column][\/vc_row]<\/p>\n","protected":false},"excerpt":{"rendered":"<p>[vc_row][vc_column][vc_column_text]L\u2019application de l\u2019\u00e9tudiant \u00e0 l\u2019universit\u00e9 refl\u00e8te son profil acad\u00e9mique, ses int\u00e9r\u00eats et sa personnalit\u00e9. En fin de compte, votre application &#8230; <\/p>\n","protected":false},"author":1,"featured_media":0,"parent":0,"menu_order":0,"comment_status":"closed","ping_status":"closed","template":"","meta":{"inline_featured_image":false},"_links":{"self":[{"href":"https:\/\/www.unicoll.ca\/fr\/wp-json\/wp\/v2\/pages\/1942\/"}],"collection":[{"href":"https:\/\/www.unicoll.ca\/fr\/wp-json\/wp\/v2\/pages\/"}],"about":[{"href":"https:\/\/www.unicoll.ca\/fr\/wp-json\/wp\/v2\/types\/page\/"}],"author":[{"embeddable":true,"href":"https:\/\/www.unicoll.ca\/fr\/wp-json\/wp\/v2\/users\/1\/"}],"replies":[{"embeddable":true,"href":"https:\/\/www.unicoll.ca\/fr\/wp-json\/wp\/v2\/comments\/?post=1942"}],"version-history":[{"count":2,"href":"https:\/\/www.unicoll.ca\/fr\/wp-json\/wp\/v2\/pages\/1942\/revisions\/"}],"predecessor-version":[{"id":1972,"href":"https:\/\/www.unicoll.ca\/fr\/wp-json\/wp\/v2\/pages\/1942\/revisions\/1972\/"}],"wp:attachment":[{"href":"https:\/\/www.unicoll.ca\/fr\/wp-json\/wp\/v2\/media\/?parent=1942"}],"curies":[{"name":"wp","href":"https:\/\/api.w.org\/{rel}","templated":true}]}}