{"id":1929,"date":"2019-09-01T16:40:58","date_gmt":"2019-09-01T16:40:58","guid":{"rendered":"https:\/\/www.unicoll.ca\/?page_id=1929"},"modified":"2019-09-03T17:12:45","modified_gmt":"2019-09-03T17:12:45","slug":"a-propos-de-nous","status":"publish","type":"page","link":"https:\/\/www.unicoll.ca\/fr\/a-propos-de-nous\/","title":{"rendered":"\u00c0 propos de nous"},"content":{"rendered":"<p>[vc_row][vc_column width=\u00a0\u00bb1\/2&Prime;]<div id=\"cz_96673\" class=\"cz_96673 cz_title clr cz_mobile_text_center cz_title_pos_inline\"><div class=\"cz_title_shape shape_image cz_shape_1\"><img width=\"41\" height=\"14\" src=\"https:\/\/www.unicoll.ca\/wp-content\/uploads\/2018\/12\/title-sep.png\" class=\"attachment-full\" alt=\"\" decoding=\"async\" \/><\/div><div class=\"cz_title_content\"><div class=\"cz_wpe_content\"><p style=\"text-align: left;\"><span style=\"color: #888888;\">\u00c0 propos de nous<\/span><\/p>\n<\/div><\/div><\/div><div id=\"cz_70329\" class=\"cz_70329 cz_title clr cz_mobile_text_center cz_title_pos_inline\"><div class=\"cz_title_content\"><div class=\"cz_wpe_content\"><h3 style=\"text-align: left;\"><span style=\"color: #333333;\">Unicoll Worldwide est une soci\u00e9t\u00e9 de conseil en \u00e9ducation professionnelle poss\u00e9dant plus de 15 ans d&rsquo;exp\u00e9rience dans l&rsquo;enseignement \u00e0 l&rsquo;\u00e9tranger.<\/span><\/h3>\n<\/div><\/div><\/div><div class=\"cz_gap clr \" style=\"height: 50px\"><\/div><div id=\"cz_30449\" class=\"cz_30449 cz_title clr cz_mobile_text_center cz_title_pos_inline\"><div class=\"cz_title_content\"><div class=\"cz_wpe_content\"><p style=\"text-align: left;\"><span style=\"color: #888888;\">Gr\u00e2ce \u00e0 son expertise in\u00e9gal\u00e9e et \u00e0 son \u00e9quipe de professionnels poss\u00e9dant une connaissance approfondie de la r\u00e9glementation en vigueur au Canada, en Australie, en Nouvelle-Z\u00e9lande et au Royaume-Uni, Unicoll Worldwide a aid\u00e9 plusieurs \u00e9tudiants \u00e0 r\u00e9aliser leur r\u00eave d&rsquo;\u00e9tudier \u00e0 l&rsquo;\u00e9tranger.<\/span><\/p>\n<p style=\"text-align: left;\"><span style=\"color: #888888;\">C\u2019est une \u00e9quipe hautement qualifi\u00e9e qui offre une excellente orientation professionnelle aux futurs \u00e9tudiants dans le choix de leur cours.<\/span><\/p>\n<p style=\"text-align: left;\"><span style=\"color: #888888;\">Ayant commenc\u00e9 son p\u00e9riple depuis l\u2019Inde, o\u00f9 il \u00e9tait connu sous le nom de Kiwi &amp; Maple Education Pvt \u00e0 l\u2019\u00e9tranger. Ltd &#8211; Unicoll a parcouru un long chemin et a maintenant son si\u00e8ge social au Canada.<\/span><\/p>\n<\/div><\/div><\/div><div class=\"cz_gap clr \" style=\"height: 50px\"><\/div>[\/vc_column][vc_column width=\u00a0\u00bb1\/2&Prime;]<div id=\"cz_30137\" class=\"cz_30137 cz_image clr cz_image_no_fx center_on_mobile\"><div class=\"cz_svg_bg\" ><div class=\"cz_image_in\"><div class=\"cz_main_image\"><img width=\"550\" height=\"480\" src=\"https:\/\/www.unicoll.ca\/wp-content\/uploads\/2019\/03\/tt1-1-1.jpg\" class=\"attachment-full\" alt=\"\" decoding=\"async\" srcset=\"https:\/\/www.unicoll.ca\/wp-content\/uploads\/2019\/03\/tt1-1-1.jpg 550w, https:\/\/www.unicoll.ca\/wp-content\/uploads\/2019\/03\/tt1-1-1-300x262.jpg 300w\" sizes=\"(max-width: 550px) 100vw, 550px\" \/><\/div><\/div><\/div><\/div>[\/vc_column][\/vc_row][vc_row css=\u00a0\u00bb.vc_custom_1549208145609{margin-top: 50px !important;}\u00a0\u00bb][vc_column width=\u00a0\u00bb1\/2&Prime;]<div id=\"cz_67184\" class=\"cz_67184 cz_image clr cz_image_no_fx center_on_mobile\"><div class=\"cz_svg_bg\" ><div class=\"cz_image_in\"><div class=\"cz_main_image\"><img width=\"1000\" height=\"668\" src=\"https:\/\/www.unicoll.ca\/wp-content\/uploads\/2019\/02\/freely-10359.jpg\" class=\"attachment-full\" alt=\"\" decoding=\"async\" srcset=\"https:\/\/www.unicoll.ca\/wp-content\/uploads\/2019\/02\/freely-10359.jpg 1000w, https:\/\/www.unicoll.ca\/wp-content\/uploads\/2019\/02\/freely-10359-300x200.jpg 300w, https:\/\/www.unicoll.ca\/wp-content\/uploads\/2019\/02\/freely-10359-768x513.jpg 768w, https:\/\/www.unicoll.ca\/wp-content\/uploads\/2019\/02\/freely-10359-600x401.jpg 600w\" sizes=\"(max-width: 1000px) 100vw, 1000px\" \/><\/div><\/div><\/div><\/div>[\/vc_column][vc_column width=\u00a0\u00bb1\/2&Prime;]<div id=\"cz_33387\" class=\"cz_33387 cz_title clr cz_mobile_text_center cz_title_pos_inline\"><div class=\"cz_title_shape shape_image cz_shape_1\"><img width=\"41\" height=\"14\" src=\"https:\/\/www.unicoll.ca\/wp-content\/uploads\/2018\/12\/title-sep.png\" class=\"attachment-full\" alt=\"\" decoding=\"async\" \/><\/div><div class=\"cz_title_content\"><div class=\"cz_wpe_content\"><p style=\"text-align: left;\"><span style=\"color: #888888;\">Vision et mission<\/span><\/p>\n<\/div><\/div><\/div><div id=\"cz_18832\" class=\"cz_18832 cz_title clr cz_mobile_text_center cz_title_pos_inline\"><div class=\"cz_title_content\"><div class=\"cz_wpe_content\"><h3 style=\"text-align: left;\"><span style=\"color: #333333;\">Unicoll Worldwide s&rsquo;est engag\u00e9 \u00e0 fournir aux \u00e9tudiants la plus haute expertise et des conseils dans la r\u00e9alisation de leurs objectifs \u00e9ducatifs.<\/span><\/h3>\n<\/div><\/div><\/div>[vc_column_text]Il a aid\u00e9 des centaines d\u2019\u00e9l\u00e8ves \u00e0 atteindre des objectifs de carri\u00e8re fond\u00e9s sur leurs aptitudes, leurs capacit\u00e9s et leur int\u00e9r\u00eat.<\/p>\n<p>Nous orientons les \u00e9tudiants dans la bonne direction en leur offrant des informations d\u00e9taill\u00e9es allant de la planification au choix du cours, en passant par les comp\u00e9tences, l&rsquo;int\u00e9r\u00eat pour un domaine particulier, l&rsquo;orientation professionnelle selon la demande du march\u00e9, l&rsquo;estimation budg\u00e9taire, l&rsquo;objectif de carri\u00e8re et d&rsquo;autres aspects d\u00e9taill\u00e9s.<br \/>\n[\/vc_column_text][\/vc_column][\/vc_row]<\/p>\n","protected":false},"excerpt":{"rendered":"<p>[vc_row][vc_column width=\u00a0\u00bb1\/2&Prime;][\/vc_column][vc_column width=\u00a0\u00bb1\/2&Prime;][\/vc_column][\/vc_row][vc_row css=\u00a0\u00bb.vc_custom_1549208145609{margin-top: 50px !important;}\u00a0\u00bb][vc_column width=\u00a0\u00bb1\/2&Prime;][\/vc_column][vc_column width=\u00a0\u00bb1\/2&Prime;][vc_column_text]Il a aid\u00e9 des centaines d\u2019\u00e9l\u00e8ves \u00e0 atteindre des objectifs de carri\u00e8re fond\u00e9s &#8230; <\/p>\n","protected":false},"author":1,"featured_media":0,"parent":0,"menu_order":0,"comment_status":"closed","ping_status":"closed","template":"","meta":{"inline_featured_image":false},"_links":{"self":[{"href":"https:\/\/www.unicoll.ca\/fr\/wp-json\/wp\/v2\/pages\/1929\/"}],"collection":[{"href":"https:\/\/www.unicoll.ca\/fr\/wp-json\/wp\/v2\/pages\/"}],"about":[{"href":"https:\/\/www.unicoll.ca\/fr\/wp-json\/wp\/v2\/types\/page\/"}],"author":[{"embeddable":true,"href":"https:\/\/www.unicoll.ca\/fr\/wp-json\/wp\/v2\/users\/1\/"}],"replies":[{"embeddable":true,"href":"https:\/\/www.unicoll.ca\/fr\/wp-json\/wp\/v2\/comments\/?post=1929"}],"version-history":[{"count":7,"href":"https:\/\/www.unicoll.ca\/fr\/wp-json\/wp\/v2\/pages\/1929\/revisions\/"}],"predecessor-version":[{"id":2164,"href":"https:\/\/www.unicoll.ca\/fr\/wp-json\/wp\/v2\/pages\/1929\/revisions\/2164\/"}],"wp:attachment":[{"href":"https:\/\/www.unicoll.ca\/fr\/wp-json\/wp\/v2\/media\/?parent=1929"}],"curies":[{"name":"wp","href":"https:\/\/api.w.org\/{rel}","templated":true}]}}