{"id":2385,"date":"2019-09-08T15:57:29","date_gmt":"2019-09-08T15:57:29","guid":{"rendered":"https:\/\/www.unicoll.ca\/terminos-y-condiciones\/"},"modified":"2019-09-08T15:57:29","modified_gmt":"2019-09-08T15:57:29","slug":"terminos-y-condiciones","status":"publish","type":"page","link":"https:\/\/www.unicoll.ca\/es\/terminos-y-condiciones\/","title":{"rendered":"T\u00e9rminos y condiciones"},"content":{"rendered":"<ul>\n<li dir=\"ltr\">\n<p dir=\"ltr\">Declaro que nunca solicit\u00e9 ninguna universidad o facultad por mi cuenta directamente o por medio de una agencia.<\/p>\n<\/li>\n<\/ul>\n<ul>\n<li dir=\"ltr\">\n<p dir=\"ltr\">I validate being <span id=\"m_-8902712096894361637gmail-45\" class=\"m_-8902712096894361637gmail-gr_ m_-8902712096894361637gmail-gr_45 m_-8902712096894361637gmail-gr-alert m_-8902712096894361637gmail-gr_spell m_-8902712096894361637gmail-gr_inline_cards m_-8902712096894361637gmail-gr_run_anim m_-8902712096894361637gmail-ContextualSpelling m_-8902712096894361637gmail-multiReplace\">counselled<\/span> by <span id=\"m_-8902712096894361637gmail-37\" class=\"m_-8902712096894361637gmail-gr_ m_-8902712096894361637gmail-gr_37 m_-8902712096894361637gmail-gr-alert m_-8902712096894361637gmail-gr_spell m_-8902712096894361637gmail-gr_inline_cards m_-8902712096894361637gmail-gr_run_anim m_-8902712096894361637gmail-ContextualSpelling m_-8902712096894361637gmail-ins-del m_-8902712096894361637gmail-multiReplace\">Unicoll<\/span> A nivel mundial, en todos los aspectos de mi educaci\u00f3n internacional y en mis futuras perspectivas profesionales. <span id=\"m_-8902712096894361637gmail-38\" class=\"m_-8902712096894361637gmail-gr_ m_-8902712096894361637gmail-gr_38 m_-8902712096894361637gmail-gr-alert m_-8902712096894361637gmail-gr_spell m_-8902712096894361637gmail-gr_inline_cards m_-8902712096894361637gmail-gr_run_anim m_-8902712096894361637gmail-ContextualSpelling m_-8902712096894361637gmail-ins-del m_-8902712096894361637gmail-multiReplace\">Unicoll<\/span> Worldwide est\u00e1 autorizado para representar a mi candidatura en todos los asuntos relacionados con mi admisi\u00f3n e inter\u00e9s en los institutos internacionales.<\/p>\n<\/li>\n<\/ul>\n<ul>\n<li dir=\"ltr\">\n<p dir=\"ltr\"><span id=\"m_-8902712096894361637gmail-35\" class=\"m_-8902712096894361637gmail-gr_ m_-8902712096894361637gmail-gr_35 m_-8902712096894361637gmail-gr-alert m_-8902712096894361637gmail-gr_spell m_-8902712096894361637gmail-gr_inline_cards m_-8902712096894361637gmail-gr_run_anim m_-8902712096894361637gmail-ContextualSpelling m_-8902712096894361637gmail-ins-del m_-8902712096894361637gmail-multiReplace\">Unicoll<\/span> Worldwide est\u00e1 autorizado a compartir cualquier informaci\u00f3n relacionada con mi educaci\u00f3n internacional con cualquier instituci\u00f3n educativa en el extranjero y les permite compartir actualizaciones conmigo si es necesario.<\/p>\n<\/li>\n<\/ul>\n<ul>\n<li dir=\"ltr\">\n<p dir=\"ltr\">Entiendo que los programas y cursos a los que me postular\u00e9 en universidades extranjeras se basan y son administrados por los t\u00e9rminos y condiciones y los est\u00e1ndares de calificaci\u00f3n establecidos por los respectivos institutos. El servicio ofrecido en Unicoll Worldwide <span id=\"m_-8902712096894361637gmail-48\" class=\"m_-8902712096894361637gmail-gr_ m_-8902712096894361637gmail-gr_48 m_-8902712096894361637gmail-gr-alert m_-8902712096894361637gmail-gr_gramm m_-8902712096894361637gmail-gr_inline_cards m_-8902712096894361637gmail-gr_run_anim m_-8902712096894361637gmail-Grammar m_-8902712096894361637gmail-multiReplace\">is<\/span> restringido solo a ayudar a los estudiantes a obtener admisiones en los institutos.<\/p>\n<\/li>\n<\/ul>\n<ul>\n<li dir=\"ltr\">\n<p dir=\"ltr\">Valido que los programas y cursos para mis estudios sean vistos y entendidos por m\u00ed.<\/p>\n<\/li>\n<\/ul>\n<ul>\n<li dir=\"ltr\">\n<p dir=\"ltr\">Estoy de acuerdo en que Unicoll Worldwide no promete admisi\u00f3n en ning\u00fan instituto y no es responsable en caso de rechazo o rechazo por cualquier motivo. <span id=\"m_-8902712096894361637gmail-40\" class=\"m_-8902712096894361637gmail-gr_ m_-8902712096894361637gmail-gr_40 m_-8902712096894361637gmail-gr-alert m_-8902712096894361637gmail-gr_spell m_-8902712096894361637gmail-gr_inline_cards m_-8902712096894361637gmail-gr_run_anim m_-8902712096894361637gmail-ContextualSpelling m_-8902712096894361637gmail-ins-del m_-8902712096894361637gmail-multiReplace\">Unicoll<\/span> Worldwide no se responsabilizar\u00e1 ni responder\u00e1 en tales circunstancias y no se considerar\u00e1 ning\u00fan reclamo de ning\u00fan tipo.<\/p>\n<\/li>\n<\/ul>\n","protected":false},"excerpt":{"rendered":"<p>Declaro que nunca solicit\u00e9 ninguna universidad o facultad por mi cuenta directamente o por medio de una agencia. I validate &#8230; <\/p>\n","protected":false},"author":1,"featured_media":0,"parent":0,"menu_order":0,"comment_status":"closed","ping_status":"closed","template":"","meta":{"inline_featured_image":false},"_links":{"self":[{"href":"https:\/\/www.unicoll.ca\/es\/wp-json\/wp\/v2\/pages\/2385\/"}],"collection":[{"href":"https:\/\/www.unicoll.ca\/es\/wp-json\/wp\/v2\/pages\/"}],"about":[{"href":"https:\/\/www.unicoll.ca\/es\/wp-json\/wp\/v2\/types\/page\/"}],"author":[{"embeddable":true,"href":"https:\/\/www.unicoll.ca\/es\/wp-json\/wp\/v2\/users\/1\/"}],"replies":[{"embeddable":true,"href":"https:\/\/www.unicoll.ca\/es\/wp-json\/wp\/v2\/comments\/?post=2385"}],"version-history":[{"count":0,"href":"https:\/\/www.unicoll.ca\/es\/wp-json\/wp\/v2\/pages\/2385\/revisions\/"}],"wp:attachment":[{"href":"https:\/\/www.unicoll.ca\/es\/wp-json\/wp\/v2\/media\/?parent=2385"}],"curies":[{"name":"wp","href":"https:\/\/api.w.org\/{rel}","templated":true}]}}