{"id":2377,"date":"2019-09-08T15:43:07","date_gmt":"2019-09-08T15:43:07","guid":{"rendered":"https:\/\/www.unicoll.ca\/asistencia-de-becas\/"},"modified":"2019-09-08T15:43:07","modified_gmt":"2019-09-08T15:43:07","slug":"asistencia-de-becas","status":"publish","type":"page","link":"https:\/\/www.unicoll.ca\/es\/asistencia-de-becas\/","title":{"rendered":"Asistencia de becas"},"content":{"rendered":"<p>En Unicoll Worldwide ayudamos a estudiantes merecedores cuyo rendimiento acad\u00e9mico est\u00e1 m\u00e1s all\u00e1 de la media para encontrar las becas para los pa\u00edses interesados. Esto se debe a que las universidades con las que nos hemos vinculado siempre aman optar por los estudiantes con meritorios registros acad\u00e9micos. Los puntos clave sobre c\u00f3mo ayudamos a los estudiantes son:<\/p>\n<ul>\n\u00a0 <\/p>\n<li> Pregunte a los estudiantes sobre sus requisitos y encuentre las becas que coincidan con sus intereses acad\u00e9micos. <\/li>\n<p>\u00a0 <\/p>\n<li> Actualice al estudiante sobre los cursos ofrecidos por la universidad con las becas. <\/li>\n<p>\u00a0 <\/p>\n<li> Representar la solicitud de beca del estudiante con las universidades con las que nos hemos vinculado. <\/li>\n<\/ul>\n","protected":false},"excerpt":{"rendered":"<p>En Unicoll Worldwide ayudamos a estudiantes merecedores cuyo rendimiento acad\u00e9mico est\u00e1 m\u00e1s all\u00e1 de la media para encontrar las becas &#8230; <\/p>\n","protected":false},"author":1,"featured_media":0,"parent":0,"menu_order":0,"comment_status":"closed","ping_status":"closed","template":"","meta":{"inline_featured_image":false},"_links":{"self":[{"href":"https:\/\/www.unicoll.ca\/es\/wp-json\/wp\/v2\/pages\/2377\/"}],"collection":[{"href":"https:\/\/www.unicoll.ca\/es\/wp-json\/wp\/v2\/pages\/"}],"about":[{"href":"https:\/\/www.unicoll.ca\/es\/wp-json\/wp\/v2\/types\/page\/"}],"author":[{"embeddable":true,"href":"https:\/\/www.unicoll.ca\/es\/wp-json\/wp\/v2\/users\/1\/"}],"replies":[{"embeddable":true,"href":"https:\/\/www.unicoll.ca\/es\/wp-json\/wp\/v2\/comments\/?post=2377"}],"version-history":[{"count":0,"href":"https:\/\/www.unicoll.ca\/es\/wp-json\/wp\/v2\/pages\/2377\/revisions\/"}],"wp:attachment":[{"href":"https:\/\/www.unicoll.ca\/es\/wp-json\/wp\/v2\/media\/?parent=2377"}],"curies":[{"name":"wp","href":"https:\/\/api.w.org\/{rel}","templated":true}]}}