{"id":2373,"date":"2019-09-08T12:55:49","date_gmt":"2019-09-08T12:55:49","guid":{"rendered":"https:\/\/www.unicoll.ca\/asistencia-de-solicitud\/"},"modified":"2019-09-08T12:55:49","modified_gmt":"2019-09-08T12:55:49","slug":"asistencia-de-solicitud","status":"publish","type":"page","link":"https:\/\/www.unicoll.ca\/es\/asistencia-de-solicitud\/","title":{"rendered":"Asistencia de solicitud"},"content":{"rendered":"<p>[vc_row][vc_column][vc_column_text]La solicitud del estudiante a la universidad refleja su perfil acad\u00e9mico, intereses y su personalidad. En \u00faltima instancia, su aplicaci\u00f3n dice mucho sobre usted. A trav\u00e9s de la aplicaci\u00f3n, una universidad tiene la oportunidad de conocer los antecedentes de los estudiantes y su curr\u00edculum vitae, lo que los ayuda a seleccionar una aplicaci\u00f3n. Nuestros expertos asesoran a los estudiantes en el dise\u00f1o de su curr\u00edculum, Declaraci\u00f3n de Prop\u00f3sito (SOP), Cartas de Recomendaciones (LOR) y otros documentos solicitados que son los factores clave para ser preseleccionados. Tambi\u00e9n ayudamos a los estudiantes a completar los formularios de solicitud.[\/vc_column_text][\/vc_column][\/vc_row]<\/p>\n","protected":false},"excerpt":{"rendered":"<p>[vc_row][vc_column][vc_column_text]La solicitud del estudiante a la universidad refleja su perfil acad\u00e9mico, intereses y su personalidad. En \u00faltima instancia, su aplicaci\u00f3n &#8230; <\/p>\n","protected":false},"author":1,"featured_media":0,"parent":0,"menu_order":0,"comment_status":"closed","ping_status":"closed","template":"","meta":{"inline_featured_image":false},"_links":{"self":[{"href":"https:\/\/www.unicoll.ca\/es\/wp-json\/wp\/v2\/pages\/2373\/"}],"collection":[{"href":"https:\/\/www.unicoll.ca\/es\/wp-json\/wp\/v2\/pages\/"}],"about":[{"href":"https:\/\/www.unicoll.ca\/es\/wp-json\/wp\/v2\/types\/page\/"}],"author":[{"embeddable":true,"href":"https:\/\/www.unicoll.ca\/es\/wp-json\/wp\/v2\/users\/1\/"}],"replies":[{"embeddable":true,"href":"https:\/\/www.unicoll.ca\/es\/wp-json\/wp\/v2\/comments\/?post=2373"}],"version-history":[{"count":1,"href":"https:\/\/www.unicoll.ca\/es\/wp-json\/wp\/v2\/pages\/2373\/revisions\/"}],"predecessor-version":[{"id":2374,"href":"https:\/\/www.unicoll.ca\/es\/wp-json\/wp\/v2\/pages\/2373\/revisions\/2374\/"}],"wp:attachment":[{"href":"https:\/\/www.unicoll.ca\/es\/wp-json\/wp\/v2\/media\/?parent=2373"}],"curies":[{"name":"wp","href":"https:\/\/api.w.org\/{rel}","templated":true}]}}