{"id":2372,"date":"2019-09-08T12:55:02","date_gmt":"2019-09-08T12:55:02","guid":{"rendered":"https:\/\/www.unicoll.ca\/asistencia-previa-a-la-salida-y-posterior-a-la-llegada\/"},"modified":"2019-09-08T12:55:02","modified_gmt":"2019-09-08T12:55:02","slug":"asistencia-previa-a-la-salida-y-posterior-a-la-llegada","status":"publish","type":"page","link":"https:\/\/www.unicoll.ca\/es\/asistencia-previa-a-la-salida-y-posterior-a-la-llegada\/","title":{"rendered":"Asistencia previa a la salida y posterior a la llegada"},"content":{"rendered":"<h2>Informaci\u00f3n previa a la salida<\/h2>\n<p>Unicoll Worldwide, teniendo en cuenta que los estudiantes pueden ir al extranjero por primera vez, organice seminarios previos a la partida para que los estudiantes y sus padres eliminen sus dudas y consultas antes de abordar un vuelo a su pa\u00eds de destino. Educamos a los estudiantes sobre qu\u00e9 hacer, a qui\u00e9n contactar una vez que llegan a las llegadas. Nos esforzamos por no dejar piedra sin mover y garantizar que los estudiantes lleguen a sus colegios \/ universidades sin problemas. Educar a los estudiantes sobre qu\u00e9 hacer y qu\u00e9 no hacer es parte de la sesi\u00f3n informativa previa a la partida. Algunos puntos considerados de la sesi\u00f3n informativa previa a la partida:<\/p>\n<ul>\n<li>Estos seminarios ayudan a los estudiantes sobre c\u00f3mo gestionar en los aeropuertos, tr\u00e1nsito, aterrizaje y equipaje.<\/li>\n<li>Invitar a los estudiantes que visitan la India a compartir sus pensamientos con los estudiantes y los padres antes de la partida.<\/li>\n<\/ul>\n<ul>\n<li>En caso de cualquier emergencia o que necesite asistencia durante el viaje, proporcionamos a los estudiantes un n\u00famero de contacto accesible las 24 horas.<\/li>\n<\/ul>\n<ul>\n<li>Se distribuye un manual de lista de verificaci\u00f3n a los estudiantes que contiene las pautas dependiendo del pa\u00eds al que viajan.<\/li>\n<\/ul>\n<h2>Asistencia posterior a la llegada<\/h2>\n<p>Nuestra comunicaci\u00f3n con el estudiante no termina una vez que abordan el vuelo, sino que comienza nuevamente. Nuestros expertos est\u00e1n disponibles d\u00eda y noche para garantizar que los estudiantes se encuentren con cualquier obst\u00e1culo todo el tiempo. Muchos de nuestros expertos han visitado estos pa\u00edses y ayudar\u00e1n a los estudiantes a elegir las mejores opciones de transporte al aeropuerto, ubicaciones de cambio de dinero, trabajos a tiempo parcial, lugares de instalaciones m\u00e9dicas, etc. Siempre damos la bienvenida a los padres en caso de que tengan alguna consulta sobre su barrio.<\/p>\n<p>Hacemos todo lo posible para resolver algunos de los problemas b\u00e1sicos, como la nostalgia, poniendo en contacto a los estudiantes con sus personas mayores o estudiantes que ya est\u00e1n presentes en ese pa\u00eds. La presencia de tales compa\u00f1eros podr\u00eda ser beneficiosa en el extranjero y los estudiantes aprenden una nueva forma de abordar los escenarios.<\/p>\n","protected":false},"excerpt":{"rendered":"<p>Informaci\u00f3n previa a la salida Unicoll Worldwide, teniendo en cuenta que los estudiantes pueden ir al extranjero por primera vez, &#8230; <\/p>\n","protected":false},"author":1,"featured_media":0,"parent":0,"menu_order":0,"comment_status":"closed","ping_status":"closed","template":"","meta":{"inline_featured_image":false},"_links":{"self":[{"href":"https:\/\/www.unicoll.ca\/es\/wp-json\/wp\/v2\/pages\/2372\/"}],"collection":[{"href":"https:\/\/www.unicoll.ca\/es\/wp-json\/wp\/v2\/pages\/"}],"about":[{"href":"https:\/\/www.unicoll.ca\/es\/wp-json\/wp\/v2\/types\/page\/"}],"author":[{"embeddable":true,"href":"https:\/\/www.unicoll.ca\/es\/wp-json\/wp\/v2\/users\/1\/"}],"replies":[{"embeddable":true,"href":"https:\/\/www.unicoll.ca\/es\/wp-json\/wp\/v2\/comments\/?post=2372"}],"version-history":[{"count":0,"href":"https:\/\/www.unicoll.ca\/es\/wp-json\/wp\/v2\/pages\/2372\/revisions\/"}],"wp:attachment":[{"href":"https:\/\/www.unicoll.ca\/es\/wp-json\/wp\/v2\/media\/?parent=2372"}],"curies":[{"name":"wp","href":"https:\/\/api.w.org\/{rel}","templated":true}]}}