{"id":2368,"date":"2019-09-08T12:52:47","date_gmt":"2019-09-08T12:52:47","guid":{"rendered":"https:\/\/www.unicoll.ca\/curso-y-seleccion-universitaria\/"},"modified":"2019-09-08T12:52:48","modified_gmt":"2019-09-08T12:52:48","slug":"curso-y-seleccion-universitaria","status":"publish","type":"page","link":"https:\/\/www.unicoll.ca\/es\/curso-y-seleccion-universitaria\/","title":{"rendered":"Curso y Selecci\u00f3n Universitaria"},"content":{"rendered":"<p>[vc_row][vc_column]<div id=\"cz_53263\" class=\"cz_53263 cz_title clr cz_title_pos_inline\"><div class=\"cz_title_shape shape_rhombus_radius cz_title_shape_outline cz_shape_1\"><\/div><div class=\"cz_title_content\"><div class=\"cz_wpe_content\"><div style=\"line-height: 2;\"><em><span style=\"color: #808080; font-size: 18px; font-weight: 300;\">Selection and Assistance<\/span><\/em><\/div>\n<h3><span style=\"font-size: 38px;\">Course\/University Selection and Admission Assistance <\/span><\/h3>\n<\/div><\/div><\/div>[vc_column_text]Con un asesoramiento personalizado frente a un momento agradable, un estudiante podr\u00e1 determinar qu\u00e9 curso de carrera, universidad y pa\u00eds es el m\u00e1s adecuado seg\u00fan sus fortalezas personales y financieras. Nuestra asociaci\u00f3n con universidades de renombre mundial nos ayuda a ofrecer a los estudiantes becas exclusivas, solicitudes sin obst\u00e1culos, correspondencias oportunas y resultados optimistas en las solicitudes de visa para nuestros estimados estudiantes. Nos aseguramos de que su viaje con nosotros hasta que comience a asistir a la universidad sea lo m\u00e1s f\u00e1cil posible.[\/vc_column_text]<div class=\"cz_gap clr \" style=\"height: 30px\"><\/div>[vc_column_text]Seleccionar un curso de carrera y la universidad es la parte m\u00e1s central de todo el procedimiento. Sus posibilidades de alcanzar sus sue\u00f1os dependen en gran medida de la universidad elegida y el curso de carrera elegido. Esto es cuando nos imaginamos y jugamos un papel crucial en la educaci\u00f3n de los padres y los estudiantes, ya que podr\u00edan no estar al tanto de las mejores opciones acad\u00e9micas disponibles.<\/p>\n<p>Nosotros en Unicoll Worldwide estamos atentos a los \u00faltimos criterios de admisi\u00f3n, las ofertas hechas por las universidades \/ colegios, sus reglas de aceptaci\u00f3n, las expectativas de sus estudiantes y los criterios de m\u00e9rito.<\/p>\n<p>Nuestros asesores expertos eval\u00faan las fortalezas de los estudiantes, sus requisitos y los combinan con las universidades disponibles para las m\u00e1ximas posibilidades de admisi\u00f3n.<\/p>\n<p>En Unicoll Worldwide, con la ayuda de nuestros expertos y una amplia exploraci\u00f3n, brinda a los estudiantes un cat\u00e1logo de colegios y universidades con una alta probabilidad de admisi\u00f3n junto con la posibilidad de ayuda financiera.[\/vc_column_text][\/vc_column][\/vc_row]<\/p>\n","protected":false},"excerpt":{"rendered":"<p>[vc_row][vc_column][vc_column_text]Con un asesoramiento personalizado frente a un momento agradable, un estudiante podr\u00e1 determinar qu\u00e9 curso de carrera, universidad y pa\u00eds &#8230; <\/p>\n","protected":false},"author":1,"featured_media":0,"parent":0,"menu_order":0,"comment_status":"closed","ping_status":"closed","template":"","meta":{"inline_featured_image":false},"_links":{"self":[{"href":"https:\/\/www.unicoll.ca\/es\/wp-json\/wp\/v2\/pages\/2368\/"}],"collection":[{"href":"https:\/\/www.unicoll.ca\/es\/wp-json\/wp\/v2\/pages\/"}],"about":[{"href":"https:\/\/www.unicoll.ca\/es\/wp-json\/wp\/v2\/types\/page\/"}],"author":[{"embeddable":true,"href":"https:\/\/www.unicoll.ca\/es\/wp-json\/wp\/v2\/users\/1\/"}],"replies":[{"embeddable":true,"href":"https:\/\/www.unicoll.ca\/es\/wp-json\/wp\/v2\/comments\/?post=2368"}],"version-history":[{"count":1,"href":"https:\/\/www.unicoll.ca\/es\/wp-json\/wp\/v2\/pages\/2368\/revisions\/"}],"predecessor-version":[{"id":2371,"href":"https:\/\/www.unicoll.ca\/es\/wp-json\/wp\/v2\/pages\/2368\/revisions\/2371\/"}],"wp:attachment":[{"href":"https:\/\/www.unicoll.ca\/es\/wp-json\/wp\/v2\/media\/?parent=2368"}],"curies":[{"name":"wp","href":"https:\/\/api.w.org\/{rel}","templated":true}]}}