{"id":2364,"date":"2019-09-08T12:51:12","date_gmt":"2019-09-08T12:51:12","guid":{"rendered":"https:\/\/www.unicoll.ca\/analisis-del-perfil-del-alumno\/"},"modified":"2019-09-08T12:51:12","modified_gmt":"2019-09-08T12:51:12","slug":"analisis-del-perfil-del-alumno","status":"publish","type":"page","link":"https:\/\/www.unicoll.ca\/es\/analisis-del-perfil-del-alumno\/","title":{"rendered":"An\u00e1lisis del perfil del alumno"},"content":{"rendered":"<p>[vc_row][vc_column][vc_column_text]Al solicitar educaci\u00f3n en el extranjero, no se trata de llenar el formulario de solicitud, sino que es mucho m\u00e1s que eso. Aterrizar en un condado u optar por un curso de carrera que no cumpla con los requisitos de un estudiante puede ser estresante.<\/p>\n<p>En Unicoll Worldwide, invitamos a los estudiantes para una carrera en general y planificaci\u00f3n del pa\u00eds, ya que nuestros profesionales los gu\u00edan con los requisitos correspondientes de acuerdo con sus intereses acad\u00e9micos a lo largo de la universidad m\u00e1s adecuada. Antes de sugerirles a los estudiantes una universidad y un curso educativo, nuestros expertos hacen un an\u00e1lisis exhaustivo de sus calificaciones y aspiraciones y luego sugieren las opciones apropiadas. Realmente entendemos que esta decisi\u00f3n moldear\u00e1 su carrera y no ignorar\u00e1 ning\u00fan \u00e1ngulo.[\/vc_column_text][vc_column_text]<\/p>\n<h3>C\u00f3mo lo hacemos<\/h3>\n<p><span style=\"font-size: 18px;\">Nuestros expertos eval\u00faan el formulario de informaci\u00f3n presentado por los estudiantes y, respectivamente, recomiendan los cursos de carrera junto con el pa\u00eds adecuado. Tambi\u00e9n informamos a los estudiantes sobre las fechas y fechas l\u00edmite de admisi\u00f3n, las pol\u00edticas y procedimientos de colegios y universidades, gastos de matr\u00edcula, etc.<\/span><\/p>\n<p><span style=\"font-size: 18px;\">Creemos en proporcionar asesoramiento imparcial a los estudiantes y padres en su pa\u00eds de estudio preferido, las instituciones y el programa para optar. <\/span><\/p>\n<p><span style=\"font-size: 18px;\">Ayudamos a los aspirantes en el proceso de admisi\u00f3n hasta que comienzan a asistir a la universidad.<\/span>[\/vc_column_text][\/vc_column][\/vc_row]<\/p>\n","protected":false},"excerpt":{"rendered":"<p>[vc_row][vc_column][vc_column_text]Al solicitar educaci\u00f3n en el extranjero, no se trata de llenar el formulario de solicitud, sino que es mucho m\u00e1s &#8230; <\/p>\n","protected":false},"author":1,"featured_media":0,"parent":0,"menu_order":0,"comment_status":"closed","ping_status":"closed","template":"","meta":{"inline_featured_image":false},"_links":{"self":[{"href":"https:\/\/www.unicoll.ca\/es\/wp-json\/wp\/v2\/pages\/2364\/"}],"collection":[{"href":"https:\/\/www.unicoll.ca\/es\/wp-json\/wp\/v2\/pages\/"}],"about":[{"href":"https:\/\/www.unicoll.ca\/es\/wp-json\/wp\/v2\/types\/page\/"}],"author":[{"embeddable":true,"href":"https:\/\/www.unicoll.ca\/es\/wp-json\/wp\/v2\/users\/1\/"}],"replies":[{"embeddable":true,"href":"https:\/\/www.unicoll.ca\/es\/wp-json\/wp\/v2\/comments\/?post=2364"}],"version-history":[{"count":1,"href":"https:\/\/www.unicoll.ca\/es\/wp-json\/wp\/v2\/pages\/2364\/revisions\/"}],"predecessor-version":[{"id":2367,"href":"https:\/\/www.unicoll.ca\/es\/wp-json\/wp\/v2\/pages\/2364\/revisions\/2367\/"}],"wp:attachment":[{"href":"https:\/\/www.unicoll.ca\/es\/wp-json\/wp\/v2\/media\/?parent=2364"}],"curies":[{"name":"wp","href":"https:\/\/api.w.org\/{rel}","templated":true}]}}