{"id":2360,"date":"2019-09-08T12:49:27","date_gmt":"2019-09-08T12:49:27","guid":{"rendered":"https:\/\/www.unicoll.ca\/orientacion-profesional\/"},"modified":"2019-09-08T12:49:28","modified_gmt":"2019-09-08T12:49:28","slug":"orientacion-profesional","status":"publish","type":"page","link":"https:\/\/www.unicoll.ca\/es\/orientacion-profesional\/","title":{"rendered":"Orientaci\u00f3n profesional"},"content":{"rendered":"<p>[vc_row][vc_column][vc_column_text]Cuando se trata de elegir su carrera en el extranjero, es importante mencionar que \u00absu futuro depende de lo que haga hoy\u00bb. En Unicoll Worldwide asesoramos a los estudiantes para el desarrollo general de su carrera.<\/p>\n<p>Ayudamos a los estudiantes a elegir el mejor pa\u00eds para estudiar, el curso para elegir una mejor carrera, colegios y universidades reconocidas con un excelente historial de registros de colocaci\u00f3n. Elegirlos podr\u00eda ser complicado a veces y nuestro h\u00e1bil equipo ayuda a los aspirantes a abordar estas situaciones f\u00e1cilmente.<\/p>\n<p>Nuestros consejeros profesionales se esfuerzan por guiar a los estudiantes teniendo en cuenta sus prioridades y ambiciones.[\/vc_column_text][vc_column_text]<\/p>\n<h3>C\u00f3mo puede ayudar la orientaci\u00f3n profesional<\/h3>\n<p><span style=\"font-size: 18px;\">En Unicoll Worldwide, guiamos a los estudiantes a explorar sus habilidades y fortalezas, consejos sobre cursos de carrera seg\u00fan su inter\u00e9s y personalidad. Los estudiantes tambi\u00e9n pueden optar por una prueba de aptitud para elegir su carrera profesional de estudio.<\/span><\/p>\n<p><span style=\"font-size: 18px;\">Algunos puntos considerados en el asesoramiento profesional para estudiantes:<\/span>[\/vc_column_text]<ul id=\"cz_46802\" class=\"cz_46802 cz_stylish_list clr cz_sl_icon_hover_zoom_in\"><li class=\"clr\"><div class=\"cz_sl_icon\"><i class=\"fa fa-check mr10\"><\/i><\/div><div><span>Precise skills or talents. In which careers might they be useful?<\/span><\/div><\/li><li class=\"clr\"><div class=\"cz_sl_icon\"><i class=\"fa fa-check mr10\"><\/i><\/div><div><span>The educational commitment required of various careers<\/span><\/div><\/li><li class=\"clr\"><div class=\"cz_sl_icon\"><i class=\"fa fa-check mr10\"><\/i><\/div><div><span>The potential earnings of various careers<\/span><\/div><\/li><li class=\"clr\"><div class=\"cz_sl_icon\"><i class=\"fa czico-104-tick mr10\"><\/i><\/div><div><span>The opportunities for change or advancement in a particular career. Some careers are more flexible than others. Lawyers and doctors, for example, may shift their focus or area of specialty but will generally remain lawyers and doctors. Other careers or education paths might more allow mobility between positions in a given field. <\/span><\/div><\/li><li class=\"clr\"><div class=\"cz_sl_icon\"><i class=\"fa czico-104-tick mr10\"><\/i><\/div><div><span>The necessary skills and education for a desired career<\/span><\/div><\/li><\/ul>[\/vc_column][\/vc_row]<\/p>\n","protected":false},"excerpt":{"rendered":"<p>[vc_row][vc_column][vc_column_text]Cuando se trata de elegir su carrera en el extranjero, es importante mencionar que \u00absu futuro depende de lo que &#8230; <\/p>\n","protected":false},"author":1,"featured_media":0,"parent":0,"menu_order":0,"comment_status":"closed","ping_status":"closed","template":"","meta":{"inline_featured_image":false},"_links":{"self":[{"href":"https:\/\/www.unicoll.ca\/es\/wp-json\/wp\/v2\/pages\/2360\/"}],"collection":[{"href":"https:\/\/www.unicoll.ca\/es\/wp-json\/wp\/v2\/pages\/"}],"about":[{"href":"https:\/\/www.unicoll.ca\/es\/wp-json\/wp\/v2\/types\/page\/"}],"author":[{"embeddable":true,"href":"https:\/\/www.unicoll.ca\/es\/wp-json\/wp\/v2\/users\/1\/"}],"replies":[{"embeddable":true,"href":"https:\/\/www.unicoll.ca\/es\/wp-json\/wp\/v2\/comments\/?post=2360"}],"version-history":[{"count":1,"href":"https:\/\/www.unicoll.ca\/es\/wp-json\/wp\/v2\/pages\/2360\/revisions\/"}],"predecessor-version":[{"id":2363,"href":"https:\/\/www.unicoll.ca\/es\/wp-json\/wp\/v2\/pages\/2360\/revisions\/2363\/"}],"wp:attachment":[{"href":"https:\/\/www.unicoll.ca\/es\/wp-json\/wp\/v2\/media\/?parent=2360"}],"curies":[{"name":"wp","href":"https:\/\/api.w.org\/{rel}","templated":true}]}}