{"id":2346,"date":"2019-09-08T12:15:50","date_gmt":"2019-09-08T12:15:50","guid":{"rendered":"https:\/\/www.unicoll.ca\/destino-de-estudio\/australia\/"},"modified":"2019-09-08T12:15:50","modified_gmt":"2019-09-08T12:15:50","slug":"australia","status":"publish","type":"page","link":"https:\/\/www.unicoll.ca\/es\/servicios\/destino-de-estudio\/australia\/","title":{"rendered":"Australia"},"content":{"rendered":"<p>[vc_row el_class=\u00bbdisplay_none\u00bb][vc_column][vc_column_text]En los \u00faltimos tiempos, Australia se ha convertido en el destino favorito de los estudiantes. Esto se debe a algunos de los factores clave que han incluido a este pa\u00eds en la lista de favoritos del estudiante:<br \/>\n\uf076 Debido al excepcional sistema educativo, los altos est\u00e1ndares de vida y el clima agradable, los estudiantes de todo el mundo se sienten atra\u00eddos aqu\u00ed.<br \/>\n\uf076 Vale la pena notar que hay enormes instituciones que ofrecen una amplia gama de programas profesionales en Australia.<br \/>\n\uf076 Tambi\u00e9n es un punto clave que las 35 universidades de Australia son las mejor clasificadas del mundo universidades del mundo.<br \/>\nAdem\u00e1s, las universidades australianas gastan una cantidad considerable en ayudas financieras y becas. El estilo de vida en boga de Australia y la cultura primitiva es una de las razones clave por las que muchos estudiantes internacionales optan por estudiar all\u00ed. El pa\u00eds tambi\u00e9n se destaca por sus paisajes y ciudades modernas.[\/vc_column_text][\/vc_column][\/vc_row][vc_row][vc_column][vc_column_text]Australia is home to 43 universities with at least one university main campus based in each state or territory.<\/p>\n<p>The Australian universities location map shows university campuses across major Australian locations. Most universities have more than one campus and are located across multiple states and territories, providing you with a choice of where in Australia you would like to study.<\/p>\n<h2>List of Australian Universities<\/h2>\n<h3>Australian Capital Territory<\/h3>\n<ul>\n<li>Australian National University &#8211;\u00a0<a class=\"external\" href=\"http:\/\/www.anu.edu.au\/study\/information-for\/international-students\" target=\"_blank\" rel=\"noopener noreferrer\">http:\/\/www.anu.edu.au\/study\/information-for\/international-students<span class=\"accessible\">(opens in a new window)<\/span><\/a><\/li>\n<li>University of Canberra &#8211;\u00a0<a class=\"external\" href=\"http:\/\/www.canberra.edu.au\/international\" target=\"_blank\" rel=\"noopener noreferrer\">http:\/\/www.canberra.edu.au\/international<span class=\"accessible\">(opens in a new window)<\/span><\/a><\/li>\n<\/ul>\n<h3><strong>New South Wales<\/strong><\/h3>\n<ul>\n<li>Australian Catholic University &#8211;\u00a0<a class=\"external\" href=\"https:\/\/www.acu.edu.au\/international\" target=\"_blank\" rel=\"noopener noreferrer\">https:\/\/www.acu.edu.au\/international<span class=\"accessible\">(opens in a new window)<\/span><\/a><\/li>\n<li>Charles Sturt University &#8211;\u00a0<a class=\"external\" href=\"http:\/\/www.csu.edu.au\/international\" target=\"_blank\" rel=\"noopener noreferrer\">http:\/\/www.csu.edu.au\/international<span class=\"accessible\">(opens in a new window)<\/span><\/a><\/li>\n<li>Macquarie University &#8211;\u00a0<a class=\"external\" href=\"https:\/\/www.mq.edu.au\/international.php\" target=\"_blank\" rel=\"noopener noreferrer\">https:\/\/www.mq.edu.au\/international.php<span class=\"accessible\">(opens in a new window)<\/span><\/a><\/li>\n<li>Southern Cross University &#8211;\u00a0<a class=\"external\" href=\"http:\/\/scu.edu.au\/international\/\" target=\"_blank\" rel=\"noopener noreferrer\">http:\/\/scu.edu.au\/international\/<span class=\"accessible\">(opens in a new window)<\/span><\/a><\/li>\n<li>University of New England &#8211;\u00a0<a class=\"external\" href=\"https:\/\/www.une.edu.au\/study\/international\" target=\"_blank\" rel=\"noopener noreferrer\">https:\/\/www.une.edu.au\/study\/international<span class=\"accessible\">(opens in a new window)<\/span><\/a><\/li>\n<li>University of New South Wales &#8211;\u00a0<a class=\"external\" href=\"http:\/\/www.international.unsw.edu.au\/\" target=\"_blank\" rel=\"noopener noreferrer\">http:\/\/www.international.unsw.edu.au\/<span class=\"accessible\">(opens in a new window)<\/span><\/a><\/li>\n<li>University of Newcastle &#8211;\u00a0<a class=\"external\" href=\"https:\/\/www.newcastle.edu.au\/international\" target=\"_blank\" rel=\"noopener noreferrer\">https:\/\/www.newcastle.edu.au\/international<span class=\"accessible\">(opens in a new window)<\/span><\/a><\/li>\n<li>University of Sydney &#8211;\u00a0<a class=\"external\" href=\"http:\/\/sydney.edu.au\/future-students\/\" target=\"_blank\" rel=\"noopener noreferrer\">http:\/\/sydney.edu.au\/future-students\/<span class=\"accessible\">(opens in a new window)<\/span><\/a><\/li>\n<li>University of Technology, Sydney &#8211;\u00a0<a class=\"external\" href=\"http:\/\/www.uts.edu.au\/future-students\/international\" target=\"_blank\" rel=\"noopener noreferrer\">http:\/\/www.uts.edu.au\/future-students\/international<span class=\"accessible\">(opens in a new window)<\/span><\/a><\/li>\n<li>Western Sydney University &#8211;\u00a0<a class=\"external\" href=\"https:\/\/www.westernsydney.edu.au\/\" target=\"_blank\" rel=\"noopener noreferrer\">http:\/\/www.westernsydney.edu.au\/international<span class=\"accessible\">(opens in a new window)<\/span><\/a><\/li>\n<li>University of Wollongong &#8211;\u00a0<a class=\"external\" href=\"https:\/\/www.uow.edu.au\/future\/international\/index.html\" target=\"_blank\" rel=\"noopener noreferrer\">https:\/\/www.uow.edu.au\/future\/international\/index.html<span class=\"accessible\">(opens in a new window)<\/span><\/a><\/li>\n<\/ul>\n<h3>Northern Territory<\/h3>\n<ul>\n<li>Charles Darwin University &#8211;\u00a0<a class=\"external\" href=\"http:\/\/www.cdu.edu.au\/international\" target=\"_blank\" rel=\"noopener noreferrer\">http:\/\/www.cdu.edu.au\/international<span class=\"accessible\">(opens in a new window)<\/span><\/a><\/li>\n<\/ul>\n<h3>Queensland<\/h3>\n<ul>\n<li>Bond University &#8211;\u00a0<a class=\"external\" href=\"http:\/\/bond.edu.au\/future-students\/international\" target=\"_blank\" rel=\"noopener noreferrer\">http:\/\/bond.edu.au\/future-students\/international<span class=\"accessible\">(opens in a new window)<\/span><\/a><\/li>\n<li>CQ University &#8211;\u00a0<a class=\"external\" href=\"https:\/\/www.cqu.edu.au\/international-students\" target=\"_blank\" rel=\"noopener noreferrer\">https:\/\/www.cqu.edu.au\/international-students<span class=\"accessible\">(opens in a new window)<\/span><\/a><\/li>\n<li>Federation University of Australia &#8211;\u00a0<a class=\"external\" href=\"https:\/\/federation.edu.au\/brisbane\" target=\"_blank\" rel=\"noopener noreferrer\">https:\/\/federation.edu.au\/brisbane<span class=\"accessible\">(opens in a new window)<\/span><\/a><\/li>\n<li>Griffith University &#8211;\u00a0<a class=\"external\" href=\"http:\/\/www.griffith.edu.au\/international\" target=\"_blank\" rel=\"noopener noreferrer\">http:\/\/www.griffith.edu.au\/international<span class=\"accessible\">(opens in a new window)<\/span><\/a><\/li>\n<li>James Cook University &#8211;\u00a0<a class=\"external\" href=\"http:\/\/www.jcu.edu.au\/international\/\" target=\"_blank\" rel=\"noopener noreferrer\">http:\/\/www.jcu.edu.au\/international\/<span class=\"accessible\">(opens in a new window)<\/span><\/a><\/li>\n<li>Queensland University of Technology &#8211;\u00a0<a class=\"external\" href=\"https:\/\/www.qut.edu.au\/international\" target=\"_blank\" rel=\"noopener noreferrer\">https:\/\/www.qut.edu.au\/international<span class=\"accessible\">(opens in a new window)<\/span><\/a><\/li>\n<li>University of Queensland &#8211;\u00a0<a class=\"external\" href=\"http:\/\/www.uq.edu.au\/international\/\" target=\"_blank\" rel=\"noopener noreferrer\">http:\/\/www.uq.edu.au\/international\/<span class=\"accessible\">(opens in a new window)<\/span><\/a><\/li>\n<li>University of Southern Queensland &#8211;\u00a0<a class=\"external\" href=\"http:\/\/www.usq.edu.au\/study\/international\" target=\"_blank\" rel=\"noopener noreferrer\">http:\/\/www.usq.edu.au\/study\/international<span class=\"accessible\">(opens in a new window)<\/span><\/a><\/li>\n<li>University of the Sunshine Coast &#8211;\u00a0<a class=\"external\" href=\"http:\/\/www.usc.edu.au\/learn\/international-students\" target=\"_blank\" rel=\"noopener noreferrer\">http:\/\/www.usc.edu.au\/learn\/international-students<span class=\"accessible\">(opens in a new window)<\/span><\/a><\/li>\n<\/ul>\n<h3><strong>South Australia<\/strong><\/h3>\n<ul>\n<li>Carnegie Mellon University &#8211;\u00a0<a class=\"external\" href=\"http:\/\/www.australia.cmu.edu\/\" target=\"_blank\" rel=\"noopener noreferrer\">http:\/\/www.australia.cmu.edu\/<span class=\"accessible\">(opens in a new window)<\/span><\/a><\/li>\n<li>Flinders University &#8211;\u00a0<a class=\"external\" href=\"http:\/\/www.flinders.edu.au\/international-students\/\" target=\"_blank\" rel=\"noopener noreferrer\">http:\/\/www.flinders.edu.au\/international-students\/<span class=\"accessible\">(opens in a new window)<\/span><\/a><\/li>\n<li>Torrens University Australia &#8211;\u00a0<a class=\"external\" href=\"http:\/\/www.torrens.edu.au\/studying\/international-students\" target=\"_blank\" rel=\"noopener noreferrer\">http:\/\/www.torrens.edu.au\/studying\/international-students<span class=\"accessible\">(opens in a new window)<\/span><\/a><\/li>\n<li>University College London &#8211;\u00a0<a class=\"external\" href=\"http:\/\/www.ucl.ac.uk\/australia\" target=\"_blank\" rel=\"noopener noreferrer\">http:\/\/www.ucl.ac.uk\/australia<span class=\"accessible\">(opens in a new window)<\/span><\/a><\/li>\n<li>University of Adelaide &#8211;\u00a0<a class=\"external\" href=\"http:\/\/international.adelaide.edu.au\/\" target=\"_blank\" rel=\"noopener noreferrer\">http:\/\/international.adelaide.edu.au\/<span class=\"accessible\">(opens in a new window)<\/span><\/a><\/li>\n<li>University of South Australia &#8211;\u00a0<a class=\"external\" href=\"http:\/\/www.unisa.edu.au\/study-at-unisa\/international-students\/\" target=\"_blank\" rel=\"noopener noreferrer\">http:\/\/www.unisa.edu.au\/study-at-unisa\/international-students\/<span class=\"accessible\">(opens in a new window)<\/span><\/a><\/li>\n<\/ul>\n<h3>Tasmania<\/h3>\n<ul>\n<li>University of Tasmania &#8211;\u00a0<a class=\"external\" href=\"http:\/\/www.utas.edu.au\/international\" target=\"_blank\" rel=\"noopener noreferrer\">http:\/\/www.utas.edu.au\/international<span class=\"accessible\">(opens in a new window)<\/span><\/a><\/li>\n<\/ul>\n<h3>Victoria<\/h3>\n<ul>\n<li>Deakin University &#8211;\u00a0<a class=\"external\" href=\"http:\/\/www.deakin.edu.au\/study-at-deakin\/international-students\" target=\"_blank\" rel=\"noopener noreferrer\">http:\/\/www.deakin.edu.au\/study-at-deakin\/international-students<span class=\"accessible\">(opens in a new window)<\/span><\/a><\/li>\n<li>Federation University of Australia &#8211;\u00a0<a class=\"external\" href=\"http:\/\/federation.edu.au\/international\" target=\"_blank\" rel=\"noopener noreferrer\">http:\/\/federation.edu.au\/international<span class=\"accessible\">(opens in a new window)<\/span><\/a><\/li>\n<li>La Trobe University &#8211;\u00a0<a class=\"external\" href=\"http:\/\/www.latrobe.edu.au\/international\" target=\"_blank\" rel=\"noopener noreferrer\">http:\/\/www.latrobe.edu.au\/international<span class=\"accessible\">(opens in a new window)<\/span><\/a><\/li>\n<li>Monash University &#8211;\u00a0<a class=\"external\" href=\"https:\/\/www.monash.edu\/study\/international\" target=\"_blank\" rel=\"noopener noreferrer\">https:\/\/www.monash.edu\/study\/international<span class=\"accessible\">(opens in a new window)<\/span><\/a><\/li>\n<li>RMIT University &#8211;\u00a0<a class=\"external\" href=\"https:\/\/www.rmit.edu.au\/study-with-us\/international-students\/\" target=\"_blank\" rel=\"noopener noreferrer\">https:\/\/www.rmit.edu.au\/study-with-us\/international-students\/<span class=\"accessible\">(opens in a new window)<\/span><\/a><\/li>\n<li>Swinburne University of Technology &#8211;\u00a0<a class=\"external\" href=\"http:\/\/www.swinburne.edu.au\/study\/international\/\" target=\"_blank\" rel=\"noopener noreferrer\">http:\/\/www.swinburne.edu.au\/study\/international\/<span class=\"accessible\">(opens in a new window)<\/span><\/a><\/li>\n<li>University of Divinity &#8211;\u00a0<a class=\"external\" href=\"http:\/\/www.divinity.edu.au\/study\/international-student-resources\/\" target=\"_blank\" rel=\"noopener noreferrer\">http:\/\/www.divinity.edu.au\/study\/international-student-resources\/<span class=\"accessible\">(opens in a new window)<\/span><\/a><\/li>\n<li>University of Melbourne &#8211;\u00a0<a class=\"external\" href=\"http:\/\/futurestudents.unimelb.edu.au\/info\/international\" target=\"_blank\" rel=\"noopener noreferrer\">http:\/\/futurestudents.unimelb.edu.au\/info\/international<span class=\"accessible\">(opens in a new window)<\/span><\/a><\/li>\n<li>Victoria University &#8211;\u00a0<a class=\"external\" href=\"http:\/\/www.vu.edu.au\/study-with-us\/international-students\" target=\"_blank\" rel=\"noopener noreferrer\">http:\/\/www.vu.edu.au\/study-with-us\/international-students<span class=\"accessible\">(opens in a new window)<\/span><\/a><\/li>\n<\/ul>\n<h3><strong>Western Australia<\/strong><\/h3>\n<ul>\n<li>Curtin University &#8211;\u00a0<a class=\"external\" href=\"http:\/\/international.curtin.edu.au\/\" target=\"_blank\" rel=\"noopener noreferrer\">http:\/\/international.curtin.edu.au\/<span class=\"accessible\">(opens in a new window)<\/span><\/a><\/li>\n<li>Edith Cowan University &#8211;\u00a0<a class=\"external\" href=\"http:\/\/www.ecu.edu.au\/degrees\/international\" target=\"_blank\" rel=\"noopener noreferrer\">http:\/\/www.ecu.edu.au\/degrees\/international<span class=\"accessible\">(opens in a new window)<\/span><\/a><\/li>\n<li>Murdoch University &#8211;\u00a0<a class=\"external\" href=\"http:\/\/www.murdoch.edu.au\/Future-students\/International-students\/\" target=\"_blank\" rel=\"noopener noreferrer\">http:\/\/www.murdoch.edu.au\/Future-students\/International-students\/<span class=\"accessible\">(opens in a new window)<\/span><\/a><\/li>\n<li>University of Notre Dame Australia &#8211;\u00a0<a class=\"external\" href=\"http:\/\/www.nd.edu.au\/nav-future-students\/international-students\" target=\"_blank\" rel=\"noopener noreferrer\">http:\/\/www.nd.edu.au\/nav-future-students\/international-students<span class=\"accessible\">(opens in a new window)<\/span><\/a><\/li>\n<li>University of Western Australia &#8211;\u00a0<a class=\"external\" href=\"http:\/\/www.international.uwa.edu.au\/\" target=\"_blank\" rel=\"noopener noreferrer\">http:\/\/www.international.uwa.edu.au\/<span class=\"accessible\">(opens in a new window)<\/span><\/a><\/li>\n<\/ul>\n<p>[\/vc_column_text][vc_column_text]<strong>Note:<\/strong> La fuente de informaci\u00f3n es oficial de Australia <a href=\"https:\/\/www.studyinaustralia.gov.au\">website<\/a>[\/vc_column_text][\/vc_column][\/vc_row]<\/p>\n","protected":false},"excerpt":{"rendered":"<p>[vc_row el_class=\u00bbdisplay_none\u00bb][vc_column][vc_column_text]En los \u00faltimos tiempos, Australia se ha convertido en el destino favorito de los estudiantes. Esto se debe a &#8230; <\/p>\n","protected":false},"author":1,"featured_media":0,"parent":2310,"menu_order":0,"comment_status":"closed","ping_status":"closed","template":"","meta":{"inline_featured_image":false},"_links":{"self":[{"href":"https:\/\/www.unicoll.ca\/es\/wp-json\/wp\/v2\/pages\/2346\/"}],"collection":[{"href":"https:\/\/www.unicoll.ca\/es\/wp-json\/wp\/v2\/pages\/"}],"about":[{"href":"https:\/\/www.unicoll.ca\/es\/wp-json\/wp\/v2\/types\/page\/"}],"author":[{"embeddable":true,"href":"https:\/\/www.unicoll.ca\/es\/wp-json\/wp\/v2\/users\/1\/"}],"replies":[{"embeddable":true,"href":"https:\/\/www.unicoll.ca\/es\/wp-json\/wp\/v2\/comments\/?post=2346"}],"version-history":[{"count":1,"href":"https:\/\/www.unicoll.ca\/es\/wp-json\/wp\/v2\/pages\/2346\/revisions\/"}],"predecessor-version":[{"id":2347,"href":"https:\/\/www.unicoll.ca\/es\/wp-json\/wp\/v2\/pages\/2346\/revisions\/2347\/"}],"up":[{"embeddable":true,"href":"https:\/\/www.unicoll.ca\/es\/wp-json\/wp\/v2\/pages\/2310\/"}],"wp:attachment":[{"href":"https:\/\/www.unicoll.ca\/es\/wp-json\/wp\/v2\/media\/?parent=2346"}],"curies":[{"name":"wp","href":"https:\/\/api.w.org\/{rel}","templated":true}]}}