{"id":2285,"date":"2019-09-08T08:08:13","date_gmt":"2019-09-08T08:08:13","guid":{"rendered":"https:\/\/www.unicoll.ca\/sobre-nosotros\/"},"modified":"2019-09-08T08:12:14","modified_gmt":"2019-09-08T08:12:14","slug":"sobre-nosotros","status":"publish","type":"page","link":"https:\/\/www.unicoll.ca\/es\/sobre-nosotros\/","title":{"rendered":"Sobre nosotros"},"content":{"rendered":"<p>[vc_row][vc_column width=\u00bb1\/2&#8243;]<div id=\"cz_63733\" class=\"cz_63733 cz_title clr cz_mobile_text_center cz_title_pos_inline\"><div class=\"cz_title_shape shape_image cz_shape_1\"><img width=\"41\" height=\"14\" src=\"https:\/\/www.unicoll.ca\/wp-content\/uploads\/2018\/12\/title-sep.png\" class=\"attachment-full\" alt=\"\" decoding=\"async\" \/><\/div><div class=\"cz_title_content\"><div class=\"cz_wpe_content\"><p style=\"text-align: left;\"><span style=\"color: #888888;\">Sobre nosotros<\/span><\/p>\n<\/div><\/div><\/div><div id=\"cz_108753\" class=\"cz_108753 cz_title clr cz_mobile_text_center cz_title_pos_inline\"><div class=\"cz_title_content\"><div class=\"cz_wpe_content\"><h3 style=\"text-align: left;\"><span style=\"color: #333333;\">Unicoll Worldwide es una consultora de educaci\u00f3n profesional con m\u00e1s de 15 a\u00f1os de experiencia en educaci\u00f3n en el extranjero.<br \/>\n<\/span><\/h3>\n<\/div><\/div><\/div><div class=\"cz_gap clr \" style=\"height: 50px\"><\/div><div id=\"cz_70680\" class=\"cz_70680 cz_title clr cz_mobile_text_center cz_title_pos_inline\"><div class=\"cz_title_content\"><div class=\"cz_wpe_content\"><p style=\"text-align: left;\"><span style=\"color: #888888;\">Con su experiencia incomparable y un equipo integrado por profesionales que tienen un profundo conocimiento de las regulaciones vigentes en Canad\u00e1, Australia, Nueva Zelanda y el Reino Unido, Unicoll Worldwide ha ayudado a varios estudiantes a realizar su sue\u00f1o de estudiar en el extranjero. <\/span><\/p>\n<p style=\"text-align: left;\"><span style=\"color: #888888;\">El equipo altamente calificado ofrece excelente orientaci\u00f3n profesional a los aspirantes a los estudiantes para elegir el curso correcto.<\/span><\/p>\n<p style=\"text-align: left;\"><span style=\"color: #888888;\">Comenzando su viaje desde la India, donde se lo conoci\u00f3 como educaci\u00f3n de Kiwi y Maple en el extranjero Pvt. Ltd. &#8211; Unicoll ha recorrido un largo camino y ahora tiene su oficina central en Canad\u00e1.<\/span><\/p>\n<\/div><\/div><\/div><div class=\"cz_gap clr \" style=\"height: 50px\"><\/div>[\/vc_column][vc_column width=\u00bb1\/2&#8243;]<div id=\"cz_30137\" class=\"cz_30137 cz_image clr cz_image_no_fx center_on_mobile\"><div class=\"cz_svg_bg\" ><div class=\"cz_image_in\"><div class=\"cz_main_image\"><img width=\"550\" height=\"480\" src=\"https:\/\/www.unicoll.ca\/wp-content\/uploads\/2019\/03\/tt1-1-1.jpg\" class=\"attachment-full\" alt=\"\" decoding=\"async\" srcset=\"https:\/\/www.unicoll.ca\/wp-content\/uploads\/2019\/03\/tt1-1-1.jpg 550w, https:\/\/www.unicoll.ca\/wp-content\/uploads\/2019\/03\/tt1-1-1-300x262.jpg 300w\" sizes=\"(max-width: 550px) 100vw, 550px\" \/><\/div><\/div><\/div><\/div>[\/vc_column][\/vc_row][vc_row css=\u00bb.vc_custom_1549208145609{margin-top: 50px !important;}\u00bb][vc_column width=\u00bb1\/2&#8243;]<div id=\"cz_67184\" class=\"cz_67184 cz_image clr cz_image_no_fx center_on_mobile\"><div class=\"cz_svg_bg\" ><div class=\"cz_image_in\"><div class=\"cz_main_image\"><img width=\"1000\" height=\"668\" src=\"https:\/\/www.unicoll.ca\/wp-content\/uploads\/2019\/02\/freely-10359.jpg\" class=\"attachment-full\" alt=\"\" decoding=\"async\" srcset=\"https:\/\/www.unicoll.ca\/wp-content\/uploads\/2019\/02\/freely-10359.jpg 1000w, https:\/\/www.unicoll.ca\/wp-content\/uploads\/2019\/02\/freely-10359-300x200.jpg 300w, https:\/\/www.unicoll.ca\/wp-content\/uploads\/2019\/02\/freely-10359-768x513.jpg 768w, https:\/\/www.unicoll.ca\/wp-content\/uploads\/2019\/02\/freely-10359-600x401.jpg 600w\" sizes=\"(max-width: 1000px) 100vw, 1000px\" \/><\/div><\/div><\/div><\/div>[\/vc_column][vc_column width=\u00bb1\/2&#8243;]<div id=\"cz_48362\" class=\"cz_48362 cz_title clr cz_mobile_text_center cz_title_pos_inline\"><div class=\"cz_title_shape shape_image cz_shape_1\"><img width=\"41\" height=\"14\" src=\"https:\/\/www.unicoll.ca\/wp-content\/uploads\/2018\/12\/title-sep.png\" class=\"attachment-full\" alt=\"\" decoding=\"async\" \/><\/div><div class=\"cz_title_content\"><div class=\"cz_wpe_content\"><p style=\"text-align: left;\"><span style=\"color: #888888;\">Visi\u00f3n y misi\u00f3n<\/span><\/p>\n<\/div><\/div><\/div><div id=\"cz_74387\" class=\"cz_74387 cz_title clr cz_mobile_text_center cz_title_pos_inline\"><div class=\"cz_title_content\"><div class=\"cz_wpe_content\"><h3 style=\"text-align: left;\"><span style=\"color: #333333;\">Unicoll Worldwide se compromete a proporcionar a los estudiantes la m\u00e1s alta experiencia y asesoramiento para lograr sus objetivos educativos.<\/span><\/h3>\n<\/div><\/div><\/div>[vc_column_text]Ha ayudado a cientos de estudiantes a alcanzar metas profesionales basadas en su aptitud, habilidad e inter\u00e9s.<\/p>\n<p>Orientamos a los estudiantes en la direcci\u00f3n correcta ofreci\u00e9ndoles informaci\u00f3n detallada que abarca desde la planificaci\u00f3n, la selecci\u00f3n de cursos, el conjunto de habilidades, el inter\u00e9s en un campo en particular, la orientaci\u00f3n laboral seg\u00fan la demanda del mercado, la estimaci\u00f3n del presupuesto, el objetivo profesional y otros aspectos detallados.[\/vc_column_text][\/vc_column][\/vc_row]<\/p>\n","protected":false},"excerpt":{"rendered":"<p>[vc_row][vc_column width=\u00bb1\/2&#8243;][\/vc_column][vc_column width=\u00bb1\/2&#8243;][\/vc_column][\/vc_row][vc_row css=\u00bb.vc_custom_1549208145609{margin-top: 50px !important;}\u00bb][vc_column width=\u00bb1\/2&#8243;][\/vc_column][vc_column width=\u00bb1\/2&#8243;][vc_column_text]Ha ayudado a cientos de estudiantes a alcanzar metas profesionales basadas en su &#8230; <\/p>\n","protected":false},"author":1,"featured_media":0,"parent":0,"menu_order":0,"comment_status":"closed","ping_status":"closed","template":"","meta":{"inline_featured_image":false},"_links":{"self":[{"href":"https:\/\/www.unicoll.ca\/es\/wp-json\/wp\/v2\/pages\/2285\/"}],"collection":[{"href":"https:\/\/www.unicoll.ca\/es\/wp-json\/wp\/v2\/pages\/"}],"about":[{"href":"https:\/\/www.unicoll.ca\/es\/wp-json\/wp\/v2\/types\/page\/"}],"author":[{"embeddable":true,"href":"https:\/\/www.unicoll.ca\/es\/wp-json\/wp\/v2\/users\/1\/"}],"replies":[{"embeddable":true,"href":"https:\/\/www.unicoll.ca\/es\/wp-json\/wp\/v2\/comments\/?post=2285"}],"version-history":[{"count":3,"href":"https:\/\/www.unicoll.ca\/es\/wp-json\/wp\/v2\/pages\/2285\/revisions\/"}],"predecessor-version":[{"id":2299,"href":"https:\/\/www.unicoll.ca\/es\/wp-json\/wp\/v2\/pages\/2285\/revisions\/2299\/"}],"wp:attachment":[{"href":"https:\/\/www.unicoll.ca\/es\/wp-json\/wp\/v2\/media\/?parent=2285"}],"curies":[{"name":"wp","href":"https:\/\/api.w.org\/{rel}","templated":true}]}}