{"id":2183,"date":"2019-09-08T04:15:46","date_gmt":"2019-09-08T04:15:46","guid":{"rendered":"https:\/\/www.unicoll.ca\/home\/"},"modified":"2019-11-12T15:00:50","modified_gmt":"2019-11-12T15:00:50","slug":"home","status":"publish","type":"page","link":"https:\/\/www.unicoll.ca\/es\/home\/","title":{"rendered":"Home"},"content":{"rendered":"<p>[vc_row full_width=\u00bbstretch_row_content\u00bb][vc_column]<div id=\"cz_18248\" class=\"cz_sep_1 cz_separator \"  style=\"position: absolute;width:100%;z-index: 999;bottom: 0px;\"><div class=\"cz_sep cz_sep_1_inner \"><div data-before-color=\":before{background:#ffffff;}\" ><\/div><\/div><\/div>[\/vc_column][\/vc_row][vc_row][vc_column]<div class=\"cz_gap clr \" style=\"height: 30px\"><\/div><div id=\"cz_11512\" class=\"cz_11512 cz_title clr cz_title_pos_inline tac\"><div class=\"cz_title_shape shape_image cz_shape_1\"><img width=\"41\" height=\"14\" src=\"https:\/\/www.unicoll.ca\/wp-content\/uploads\/2018\/12\/title-sep.png\" class=\"attachment-full\" alt=\"\" decoding=\"async\" \/><\/div><div class=\"cz_title_content\"><div class=\"cz_wpe_content\"><p style=\"text-align: center;\"><span style=\"color: #888888;\">Sobre nosotros<\/span><\/p>\n<\/div><\/div><\/div><div id=\"cz_102182\" class=\"cz_102182 cz_title clr cz_title_pos_inline tac\"><div class=\"cz_title_content\"><div class=\"cz_wpe_content\"><h3 style=\"text-align: center; font-weight: 400; font-family: 'Aleo', serif; letter-spacing: -1px; line-height: 1;\"><span style=\"color: #333333;\">Unicoll Worldwide es una consultora de educaci\u00f3n profesional con m\u00e1s de 15 a\u00f1os de experiencia en educaci\u00f3n en el extranjero.<\/span><\/h3>\n<\/div><\/div><\/div><div class=\"cz_gap clr \" style=\"height: 30px\"><\/div><div id=\"cz_98002\" class=\"cz_98002 cz_title clr cz_title_pos_inline tac\"><div class=\"cz_title_content\"><div class=\"cz_wpe_content\"><p style=\"text-align: center;\"><span style=\"color: #111111;\">Con su experiencia incomparable y un equipo integrado por profesionales que tienen un profundo conocimiento de las regulaciones vigentes en Canad\u00e1, Australia, Nueva Zelanda y el Reino Unido, Unicoll Worldwide ha ayudado a varios estudiantes a realizar su sue\u00f1o de estudiar en el extranjero. <\/span><\/p>\n<\/div><\/div><\/div>[\/vc_column][\/vc_row][vc_row][vc_column]<div class=\"cz_btn_center\"><div class=\"cz_71315_p\"><a id=\"cz_71315\" class=\"cz_71315 cz_btn cz_btn_txt_move_right cz_btn_no_fx cz_btn_icon_after\" href=\"http:\/\/unicoll.ca\/about\/\"><span><strong>Aprende m\u00e1s<\/strong><i class=\"fa fa-long-arrow-right\"><\/i><\/span><b class=\"cz_btn_onhover\"><strong>Aprende m\u00e1s<\/strong><i class=\"fa fa-long-arrow-right\"><\/i><\/b><\/a><\/div><\/div><div class=\"cz_gap clr \" style=\"height: 20px\"><\/div>[\/vc_column][\/vc_row][vc_row][vc_column]<div class=\"cz_gap clr  hide_on_mobile\" style=\"height: 30px\"><\/div><div class=\"cz_gap show_on_mobile clr\" style=\"height: 30px\"><\/div>[\/vc_column][\/vc_row][vc_row][vc_column]<div id=\"cz_109962\" class=\"cz_109962 slick arrows_mlr no_dots\" data-slick='{\"selector\":\"\",\"slidesToShow\":3,\"slidesToScroll\":1,\"rows\":1,\"fade\":false,\"vertical\":false,\"verticalSwiping\":false,\"infinite\":false,\"speed\":1000,\"swipeToSlide\":true,\"centerMode\":false,\"centerPadding\":\"\",\"variableWidth\":false,\"autoplay\":false,\"autoplaySpeed\":4000,\"dots\":true,\"adaptiveHeight\":false,\"prevArrow\":\"<button type=\\\"button\\\" class=\\\"slick-prev\\\"><i class=\\\"fa czico-201-back\\\"><\\\/i><\\\/button>\",\"nextArrow\":\"<button type=\\\"button\\\" class=\\\"slick-next\\\"><i class=\\\"fa czico-188-arrows-2\\\"><\\\/i><\\\/button>\",\"responsive\":[{\"breakpoint\":769,\"settings\":{\"slidesToShow\":2,\"slidesToScroll\":1,\"touchMove\":true}},{\"breakpoint\":481,\"settings\":{\"slidesToShow\":1,\"slidesToScroll\":1,\"touchMove\":true}}]}'><div class=\"fx_shine_hover\"><a href=\"http:\/\/unicoll.ca\/career-counselling\/\"><div id=\"cz_106310\" class=\"cz_106310 services clr style11 services_b\"><div class=\"service_img\"><img width=\"600\" height=\"373\" src=\"https:\/\/www.unicoll.ca\/wp-content\/uploads\/2019\/01\/career-councelling.jpg\" class=\"service-icon attachment-full\" alt=\"\" decoding=\"async\" srcset=\"https:\/\/www.unicoll.ca\/wp-content\/uploads\/2019\/01\/career-councelling.jpg 600w, https:\/\/www.unicoll.ca\/wp-content\/uploads\/2019\/01\/career-councelling-300x187.jpg 300w\" sizes=\"(max-width: 600px) 100vw, 600px\" \/><\/div><div class=\"service_text\"><h3>Orientaci\u00f3n profesional<\/h3><div class=\"cz_wpe_content\"><span style=\"font-size: 16px; color: #888888;\">El equipo altamente calificado ofrece excelente orientaci\u00f3n profesional a los aspirantes a los estudiantes para elegir el curso correcto.<\/span><\/div><\/div><\/div><\/a><\/div><div class=\"fx_shine_hover\"><a href=\"http:\/\/unicoll.ca\/student-profile-analysis\/\"><div id=\"cz_51145\" class=\"cz_51145 services clr style11 services_b\"><div class=\"service_img\"><img width=\"600\" height=\"373\" src=\"https:\/\/www.unicoll.ca\/wp-content\/uploads\/2019\/01\/Student_Profile_Analysis.jpg\" class=\"service-icon attachment-full\" alt=\"\" decoding=\"async\" srcset=\"https:\/\/www.unicoll.ca\/wp-content\/uploads\/2019\/01\/Student_Profile_Analysis.jpg 600w, https:\/\/www.unicoll.ca\/wp-content\/uploads\/2019\/01\/Student_Profile_Analysis-300x187.jpg 300w\" sizes=\"(max-width: 600px) 100vw, 600px\" \/><\/div><div class=\"service_text\"><h3>An\u00e1lisis del perfil del alumno<\/h3><div class=\"cz_wpe_content\"><span style=\"font-size: 16px; color: #888888;\">Al solicitar educaci\u00f3n en el extranjero, no se trata de llenar el formulario de solicitud, sino que es mucho m\u00e1s que eso. <\/span><\/div><\/div><\/div><\/a><\/div><div class=\"fx_shine_hover\"><a href=\"http:\/\/unicoll.ca\/course-university-selection\/\"><div id=\"cz_72365\" class=\"cz_72365 services clr style11 services_b\"><div class=\"service_img\"><img width=\"600\" height=\"373\" src=\"https:\/\/www.unicoll.ca\/wp-content\/uploads\/2019\/01\/Course_University_Selection.jpg\" class=\"service-icon attachment-full\" alt=\"\" decoding=\"async\" srcset=\"https:\/\/www.unicoll.ca\/wp-content\/uploads\/2019\/01\/Course_University_Selection.jpg 600w, https:\/\/www.unicoll.ca\/wp-content\/uploads\/2019\/01\/Course_University_Selection-300x187.jpg 300w\" sizes=\"(max-width: 600px) 100vw, 600px\" \/><\/div><div class=\"service_text\"><h3>Curso y Selecci\u00f3n Universitaria<\/h3><div class=\"cz_wpe_content\"><span style=\"font-size: 16px; color: #888888;\">Seleccionar un curso de carrera y la universidad es la parte m\u00e1s central de todo el procedimiento.<\/span><\/div><\/div><\/div><\/a><\/div><\/div><div><\/div>[\/vc_column][\/vc_row][vc_row][vc_column]<div id=\"cz_109962\" class=\"cz_109962 slick arrows_mlr no_dots\" data-slick='{\"selector\":\"\",\"slidesToShow\":3,\"slidesToScroll\":1,\"rows\":1,\"fade\":false,\"vertical\":false,\"verticalSwiping\":false,\"infinite\":false,\"speed\":1000,\"swipeToSlide\":true,\"centerMode\":false,\"centerPadding\":\"\",\"variableWidth\":false,\"autoplay\":false,\"autoplaySpeed\":4000,\"dots\":true,\"adaptiveHeight\":false,\"prevArrow\":\"<button type=\\\"button\\\" class=\\\"slick-prev\\\"><i class=\\\"fa czico-201-back\\\"><\\\/i><\\\/button>\",\"nextArrow\":\"<button type=\\\"button\\\" class=\\\"slick-next\\\"><i class=\\\"fa czico-188-arrows-2\\\"><\\\/i><\\\/button>\",\"responsive\":[{\"breakpoint\":769,\"settings\":{\"slidesToShow\":2,\"slidesToScroll\":1,\"touchMove\":true}},{\"breakpoint\":481,\"settings\":{\"slidesToShow\":1,\"slidesToScroll\":1,\"touchMove\":true}}]}'><div class=\"fx_shine_hover\"><a href=\"http:\/\/unicoll.ca\/application-assistance\/\"><div id=\"cz_73242\" class=\"cz_73242 services clr style11 services_b\"><div class=\"service_img\"><img width=\"600\" height=\"373\" src=\"https:\/\/www.unicoll.ca\/wp-content\/uploads\/2019\/01\/Application_Assistance.jpg\" class=\"service-icon attachment-full\" alt=\"\" decoding=\"async\" srcset=\"https:\/\/www.unicoll.ca\/wp-content\/uploads\/2019\/01\/Application_Assistance.jpg 600w, https:\/\/www.unicoll.ca\/wp-content\/uploads\/2019\/01\/Application_Assistance-300x187.jpg 300w\" sizes=\"(max-width: 600px) 100vw, 600px\" \/><\/div><div class=\"service_text\"><h3>Asistencia de solicitud<\/h3><div class=\"cz_wpe_content\"><span style=\"font-size: 16px; color: #888888;\">La solicitud del estudiante a la universidad refleja su perfil acad\u00e9mico, intereses y su personalidad. En \u00faltima instancia, su aplicaci\u00f3n dice mucho sobre usted.<\/span><\/div><\/div><\/div><\/a><\/div><div class=\"fx_shine_hover\"><a href=\"http:\/\/unicoll.ca\/scholarships\/\"><div id=\"cz_106401\" class=\"cz_106401 services clr style11 services_b\"><div class=\"service_img\"><img width=\"600\" height=\"373\" src=\"https:\/\/www.unicoll.ca\/wp-content\/uploads\/2019\/01\/Scholarships.jpg\" class=\"service-icon attachment-full\" alt=\"\" decoding=\"async\" srcset=\"https:\/\/www.unicoll.ca\/wp-content\/uploads\/2019\/01\/Scholarships.jpg 600w, https:\/\/www.unicoll.ca\/wp-content\/uploads\/2019\/01\/Scholarships-300x187.jpg 300w\" sizes=\"(max-width: 600px) 100vw, 600px\" \/><\/div><div class=\"service_text\"><h3>Scholarships<\/h3><div class=\"cz_wpe_content\"><span style=\"font-size: 16px; color: #888888;\">En Unicoll Worldwide ayudamos a estudiantes merecedores cuyo rendimiento acad\u00e9mico est\u00e1 m\u00e1s all\u00e1 de la media para encontrar las becas para los pa\u00edses interesados.<\/span><\/div><\/div><\/div><\/a><\/div><div class=\"fx_shine_hover\"><a href=\"http:\/\/unicoll.ca\/pre-departure-post-arrival-assistance\/\"><div id=\"cz_53940\" class=\"cz_53940 services clr style11 services_b\"><div class=\"service_img\"><img width=\"600\" height=\"373\" src=\"https:\/\/www.unicoll.ca\/wp-content\/uploads\/2019\/01\/Pre-Departure_Arrival-Assistance.jpg\" class=\"service-icon attachment-full\" alt=\"\" decoding=\"async\" srcset=\"https:\/\/www.unicoll.ca\/wp-content\/uploads\/2019\/01\/Pre-Departure_Arrival-Assistance.jpg 600w, https:\/\/www.unicoll.ca\/wp-content\/uploads\/2019\/01\/Pre-Departure_Arrival-Assistance-300x187.jpg 300w\" sizes=\"(max-width: 600px) 100vw, 600px\" \/><\/div><div class=\"service_text\"><h3>Asistencia previa a la salida y posterior a la llegada<\/h3><div class=\"cz_wpe_content\"><span style=\"font-size: 16px; color: #888888;\">Our relationship does not end once you fly away. It just starts all over again. Our counselors shall remain available round-the-clock..<\/span><\/div><\/div><\/div><\/a><\/div><\/div><div><\/div>[\/vc_column][\/vc_row][vc_row full_width=\u00bbstretch_row\u00bb css=\u00bb.vc_custom_1551803555590{padding-top: 40px !important;padding-bottom: 40px !important;background-color: #cab27b !important;}\u00bb el_class=\u00bbh500&#8243;][vc_column width=\u00bb1\/2&#8243;][vc_single_image image=\u00bb1282&#8243; img_size=\u00bbfull\u00bb alignment=\u00bbcenter\u00bb][\/vc_column][vc_column width=\u00bb1\/2&#8243;][vc_column_text]<\/p>\n<h2 style=\"font-family: 'Montserrat', sans-serif; font-size: 35px; font-weight: 900; margin-top: 150px; color: #fff;\">En Unicoll Worldwide ofrecemos asesoramiento profesional distinguido a los estudiantes deseosos y les ayudamos a optar por los programas de estudio apropiados.<\/h2>\n<p>&nbsp;<\/p>\n<p style=\"position: relative;\"><img decoding=\"async\" class=\"alignnone size-full wp-image-1283\" style=\"position: absolute; left: -60px; top: -14px;\" src=\"https:\/\/unicoll.ca\/wp-content\/uploads\/2019\/01\/round-icon.png\" alt=\"\" width=\"45\" height=\"45\" \/><\/p>\n<p style=\"color: #fff;\">En Unicoll Worldwide ofrecemos asesoramiento profesional distinguido a los estudiantes deseosos y les ayudamos a optar por los programas de estudio apropiados.<\/p>\n<p>[\/vc_column_text][\/vc_column][\/vc_row][vc_row][vc_column]<div class=\"cz_eqh cz_content_box_parent_fx  \"><div id=\"cz_37697\" class=\"cz_37697 cz_content_box clr\"><div class=\"cz_box_front clr\"><div class=\"cz_box_front_inner clr \"><span><\/span><div>[vc_row_inner][vc_column_inner offset=\u00bbvc_col-md-8&#8243;]<div id=\"cz_48873\" class=\"cz_48873 cz_title clr cz_mobile_text_center cz_title_has_icon cz_title_pos_inline\"><div class=\"cz_title_content\"><i class=\"cz_title_icon_before fa czico-092-phone-call-1\"><\/i><div class=\"cz_wpe_content\"><h3><span style=\"color: #ffffff;\">Hablemos de tu carrera<\/span><\/h3>\n<\/div><\/div><\/div>[\/vc_column_inner][vc_column_inner offset=\u00bbvc_col-md-4&#8243;]<div class=\"cz_btn_center\"><div class=\"cz_66852_p\"><a id=\"cz_66852\" class=\"cz_66852 cz_btn cz_btn_txt_no_fx cz_btn_fill_right\" href=\"http:\/\/ +14168910909\"><span><strong>Llamanos +1 (416) 891-0909<\/strong><\/span><b class=\"cz_btn_onhover\"><strong>Llamanos +1 (416) 891-0909<\/strong><\/b><\/a><\/div><\/div>[\/vc_column_inner][\/vc_row_inner]<\/div><\/div><\/div><\/div><\/div>[\/vc_column][\/vc_row][vc_row][vc_column]<div class=\"cz_gap clr \" style=\"height: 40px\"><\/div>[\/vc_column][\/vc_row]<\/p>\n","protected":false},"excerpt":{"rendered":"<p>[vc_row full_width=\u00bbstretch_row_content\u00bb][vc_column][\/vc_column][\/vc_row][vc_row][vc_column][\/vc_column][\/vc_row][vc_row][vc_column][\/vc_column][\/vc_row][vc_row][vc_column][\/vc_column][\/vc_row][vc_row][vc_column][\/vc_column][\/vc_row][vc_row][vc_column][\/vc_column][\/vc_row][vc_row full_width=\u00bbstretch_row\u00bb css=\u00bb.vc_custom_1551803555590{padding-top: 40px !important;padding-bottom: 40px !important;background-color: #cab27b !important;}\u00bb el_class=\u00bbh500&#8243;][vc_column width=\u00bb1\/2&#8243;][vc_single_image image=\u00bb1282&#8243; img_size=\u00bbfull\u00bb alignment=\u00bbcenter\u00bb][\/vc_column][vc_column width=\u00bb1\/2&#8243;][vc_column_text] En Unicoll Worldwide ofrecemos &#8230; <\/p>\n","protected":false},"author":1,"featured_media":0,"parent":0,"menu_order":0,"comment_status":"closed","ping_status":"closed","template":"","meta":{"inline_featured_image":false},"_links":{"self":[{"href":"https:\/\/www.unicoll.ca\/es\/wp-json\/wp\/v2\/pages\/2183\/"}],"collection":[{"href":"https:\/\/www.unicoll.ca\/es\/wp-json\/wp\/v2\/pages\/"}],"about":[{"href":"https:\/\/www.unicoll.ca\/es\/wp-json\/wp\/v2\/types\/page\/"}],"author":[{"embeddable":true,"href":"https:\/\/www.unicoll.ca\/es\/wp-json\/wp\/v2\/users\/1\/"}],"replies":[{"embeddable":true,"href":"https:\/\/www.unicoll.ca\/es\/wp-json\/wp\/v2\/comments\/?post=2183"}],"version-history":[{"count":4,"href":"https:\/\/www.unicoll.ca\/es\/wp-json\/wp\/v2\/pages\/2183\/revisions\/"}],"predecessor-version":[{"id":2444,"href":"https:\/\/www.unicoll.ca\/es\/wp-json\/wp\/v2\/pages\/2183\/revisions\/2444\/"}],"wp:attachment":[{"href":"https:\/\/www.unicoll.ca\/es\/wp-json\/wp\/v2\/media\/?parent=2183"}],"curies":[{"name":"wp","href":"https:\/\/api.w.org\/{rel}","templated":true}]}}